{"id":136046,"date":"2024-04-19T10:15:40","date_gmt":"2024-04-19T08:15:40","guid":{"rendered":"https:\/\/www.fabioferro.eu\/.html?post_type=product&#038;p=136046"},"modified":"2026-03-12T11:06:15","modified_gmt":"2026-03-12T10:06:15","slug":"fope-prima-collection-halskette-aus-weissgold-mit-diamanten-3","status":"publish","type":"product","link":"https:\/\/www.fabioferro.eu\/de\/fope-prima-collection-halskette-aus-weissgold-mit-diamanten-3.html","title":{"rendered":"Fope Prima Collection Halskette aus Wei\u00dfgold mit Diamanten"},"content":{"rendered":"<p>Eine elegante und raffinierte handgefertigte Halskette mit dem patentierten und weltbekannten Fope-Geflecht.<\/p>\n<p>Halskette aus der Prima Kollektion aus 18 Karat Wei\u00dfgold.<\/p>\n<p>Die L\u00e4nge der Halskette ist w\u00e4hlbar, nur nicht verstellbar.<\/p>\n<p>Die Dicke des Schmuckst\u00fccks betr\u00e4gt 3 mm, w\u00e4hrend die H\u00f6he des Hauptelements 7 mm betr\u00e4gt.<\/p>\n<p>Die Diamanten sind fein gefasst und zeichnen sich durch die Farbe G und die Reinheit VS1 aus. Insgesamt sind es 0,18 Karat Diamanten.<\/p>\n<p><span style=\"background-color: inherit; color: inherit;\">Klassischer und praktischer Karabinerverschluss mit Fope-Logo und 18-kar\u00e4tiger Goldpr\u00e4gung.<\/span><\/p>\n<p>Handgefertigt in Vicenza, vollst\u00e4ndig Made in Italy.<\/p>\n<p>Das Juwel wird von einem eleganten Etui und der offiziellen Fope-Garantie begleitet.<\/p>\n<p><img decoding=\"async\" class=\"alignnone size-full wp-image-204889\" src=\"http:\/\/cdn02.fabioferro.eu\/wp-content\/uploads\/misure-collane-fope-internazionale.jpg\" alt=\"\" width=\"1500\" height=\"1875\" title=\"\" srcset=\"https:\/\/cdn02.fabioferro.eu\/wp-content\/uploads\/misure-collane-fope-internazionale.jpg 1500w, https:\/\/cdn02.fabioferro.eu\/wp-content\/uploads\/misure-collane-fope-internazionale-768x960.jpg 768w, https:\/\/cdn02.fabioferro.eu\/wp-content\/uploads\/misure-collane-fope-internazionale-1229x1536.jpg 1229w, https:\/\/cdn02.fabioferro.eu\/wp-content\/uploads\/misure-collane-fope-internazionale-990x1238.jpg 990w, https:\/\/cdn02.fabioferro.eu\/wp-content\/uploads\/misure-collane-fope-internazionale-441x551.jpg 441w, https:\/\/cdn02.fabioferro.eu\/wp-content\/uploads\/misure-collane-fope-internazionale-600x750.jpg 600w, https:\/\/cdn02.fabioferro.eu\/wp-content\/uploads\/misure-collane-fope-internazionale-150x188.jpg 150w\" sizes=\"(max-width: 1500px) 100vw, 1500px\" \/><\/p>\n","protected":false},"excerpt":{"rendered":"<p>Die Diamantscheibe wird entlang der gesamten Goldkette spielen und in jeder einzelnen Position gl\u00e4nzen.<\/p>\n","protected":false},"featured_media":136063,"comment_status":"open","ping_status":"closed","template":"","meta":[],"product_brand":[],"product_cat":[6203],"product_tag":[],"class_list":{"0":"post-136046","1":"product","2":"type-product","3":"status-publish","4":"has-post-thumbnail","6":"product_cat-fope-halsketten","8":"first","9":"instock","10":"taxable","11":"shipping-taxable","12":"purchasable","13":"product-type-variable","14":"has-default-attributes"},"exclude_global_add_ons":[],"addons":[],"df_price":5260,"df_sale_price":"","df_regular_price":5260,"df_image_link":"https:\/\/cdn02.fabioferro.eu\/wp-content\/uploads\/collana-fope-collezione-solo-in-oro-bianco-con-diamanti-74508cx_bb_b_xbx.jpg","_links":{"self":[{"href":"https:\/\/www.fabioferro.eu\/de\/wp-json\/wp\/v2\/product\/136046","targetHints":{"allow":["GET"]}}],"collection":[{"href":"https:\/\/www.fabioferro.eu\/de\/wp-json\/wp\/v2\/product"}],"about":[{"href":"https:\/\/www.fabioferro.eu\/de\/wp-json\/wp\/v2\/types\/product"}],"replies":[{"embeddable":true,"href":"https:\/\/www.fabioferro.eu\/de\/wp-json\/wp\/v2\/comments?post=136046"}],"version-history":[{"count":2,"href":"https:\/\/www.fabioferro.eu\/de\/wp-json\/wp\/v2\/product\/136046\/revisions"}],"predecessor-version":[{"id":206671,"href":"https:\/\/www.fabioferro.eu\/de\/wp-json\/wp\/v2\/product\/136046\/revisions\/206671"}],"wp:featuredmedia":[{"embeddable":true,"href":"https:\/\/www.fabioferro.eu\/de\/wp-json\/wp\/v2\/media\/136063"}],"wp:attachment":[{"href":"https:\/\/www.fabioferro.eu\/de\/wp-json\/wp\/v2\/media?parent=136046"}],"wp:term":[{"taxonomy":"product_brand","embeddable":true,"href":"https:\/\/www.fabioferro.eu\/de\/wp-json\/wp\/v2\/product_brand?post=136046"},{"taxonomy":"product_cat","embeddable":true,"href":"https:\/\/www.fabioferro.eu\/de\/wp-json\/wp\/v2\/product_cat?post=136046"},{"taxonomy":"product_tag","embeddable":true,"href":"https:\/\/www.fabioferro.eu\/de\/wp-json\/wp\/v2\/product_tag?post=136046"}],"curies":[{"name":"wp","href":"https:\/\/api.w.org\/{rel}","templated":true}]}}