{"id":136681,"date":"2024-04-19T17:06:31","date_gmt":"2024-04-19T15:06:31","guid":{"rendered":"https:\/\/www.fabioferro.eu\/giovanni-raspini-anemone-rahmen-in-silber-18x24-cm.html"},"modified":"2026-02-28T10:24:58","modified_gmt":"2026-02-28T09:24:58","slug":"giovanni-raspini-anemone-rahmen-in-silber-18x24-cm","status":"publish","type":"product","link":"https:\/\/www.fabioferro.eu\/de\/giovanni-raspini-anemone-rahmen-in-silber-18x24-cm.html","title":{"rendered":"Giovanni Raspini Anemone Rahmen in Silber 18&#215;24 cm"},"content":{"rendered":"<p>Rahmen aus geschliffenem Glas, 800er Silber und nat\u00fcrlichen Perlen.<\/p>\n<p>Die Gr\u00f6\u00dfe des Glases betr\u00e4gt 18&#215;24 cm, w\u00e4hrend das Foto 14&#215;19 cm gro\u00df ist.<\/p>\n<p>Handgefertigt in Italien.<\/p>\n<p>Mit Verpackung und offizieller Giovanni Raspini Garantie.<\/p>\n","protected":false},"excerpt":{"rendered":"<p>Ein Rahmen mit einem st\u00e4ndig dr\u00fcckenden Meereselement, das Ihren Fotos einen anderen Ton verleiht.<\/p>\n","protected":false},"featured_media":136071,"comment_status":"open","ping_status":"closed","template":"","meta":[],"product_brand":[],"product_cat":[7620],"product_tag":[7442],"class_list":{"0":"post-136681","1":"product","2":"type-product","3":"status-publish","4":"has-post-thumbnail","6":"product_cat-outlet-schmuck","7":"product_tag-verfugbar","9":"first","10":"instock","11":"sale","12":"taxable","13":"shipping-taxable","14":"purchasable","15":"product-type-simple"},"exclude_global_add_ons":[],"addons":[],"df_price":738,"df_sale_price":738,"df_regular_price":820,"df_image_link":"https:\/\/cdn02.fabioferro.eu\/wp-content\/uploads\/cornice-giovanni-raspini-anemone-in-argento-2389.jpg","_links":{"self":[{"href":"https:\/\/www.fabioferro.eu\/de\/wp-json\/wp\/v2\/product\/136681","targetHints":{"allow":["GET"]}}],"collection":[{"href":"https:\/\/www.fabioferro.eu\/de\/wp-json\/wp\/v2\/product"}],"about":[{"href":"https:\/\/www.fabioferro.eu\/de\/wp-json\/wp\/v2\/types\/product"}],"replies":[{"embeddable":true,"href":"https:\/\/www.fabioferro.eu\/de\/wp-json\/wp\/v2\/comments?post=136681"}],"version-history":[{"count":1,"href":"https:\/\/www.fabioferro.eu\/de\/wp-json\/wp\/v2\/product\/136681\/revisions"}],"predecessor-version":[{"id":212052,"href":"https:\/\/www.fabioferro.eu\/de\/wp-json\/wp\/v2\/product\/136681\/revisions\/212052"}],"wp:featuredmedia":[{"embeddable":true,"href":"https:\/\/www.fabioferro.eu\/de\/wp-json\/wp\/v2\/media\/136071"}],"wp:attachment":[{"href":"https:\/\/www.fabioferro.eu\/de\/wp-json\/wp\/v2\/media?parent=136681"}],"wp:term":[{"taxonomy":"product_brand","embeddable":true,"href":"https:\/\/www.fabioferro.eu\/de\/wp-json\/wp\/v2\/product_brand?post=136681"},{"taxonomy":"product_cat","embeddable":true,"href":"https:\/\/www.fabioferro.eu\/de\/wp-json\/wp\/v2\/product_cat?post=136681"},{"taxonomy":"product_tag","embeddable":true,"href":"https:\/\/www.fabioferro.eu\/de\/wp-json\/wp\/v2\/product_tag?post=136681"}],"curies":[{"name":"wp","href":"https:\/\/api.w.org\/{rel}","templated":true}]}}