{"id":136730,"date":"2023-04-24T19:31:40","date_gmt":"2023-04-24T17:31:40","guid":{"rendered":"https:\/\/www.fabioferro.eu\/giovanni-raspini-nodini-armband-gross.html"},"modified":"2025-03-11T18:23:10","modified_gmt":"2025-03-11T17:23:10","slug":"giovanni-raspini-nodini-armband-gross","status":"publish","type":"product","link":"https:\/\/www.fabioferro.eu\/de\/giovanni-raspini-nodini-armband-gross.html","title":{"rendered":"Giovanni Raspini Nodini Armband Gro\u00df"},"content":{"rendered":"<p>Armband aus 925er Sterlingsilber.<\/p>\n<p>L\u00e4nge 20 cm (M), 22 cm (L).<\/p>\n<p>Karabinerhakenverschluss mit Verstellgliedern.<\/p>\n<p>Handgefertigt, Hergestellt in Italien.<\/p>\n<p>Geliefert mit offizieller Giovanni Raspini-Box und Garantie.<\/p>\n","protected":false},"excerpt":{"rendered":"<p>Ein Armband, das St\u00e4rke und Entschlossenheit unterstreicht und Sch\u00f6nheit mit Widerstandsf\u00e4higkeit verbindet.<\/p>\n","protected":false},"featured_media":136322,"comment_status":"open","ping_status":"closed","template":"","meta":[],"product_brand":[],"product_cat":[7569],"product_tag":[],"class_list":{"0":"post-136730","1":"product","2":"type-product","3":"status-publish","4":"has-post-thumbnail","6":"product_cat-armbander-giovanni-raspini","8":"first","9":"instock","10":"sale","11":"taxable","12":"shipping-taxable","13":"purchasable","14":"product-type-variable","15":"has-default-attributes"},"exclude_global_add_ons":[],"addons":[],"df_price":256.5,"df_sale_price":"","df_regular_price":256.5,"df_image_link":"https:\/\/cdn02.fabioferro.eu\/wp-content\/uploads\/bracciale-giovanni-raspini-nodini-grande.jpg","_links":{"self":[{"href":"https:\/\/www.fabioferro.eu\/de\/wp-json\/wp\/v2\/product\/136730","targetHints":{"allow":["GET"]}}],"collection":[{"href":"https:\/\/www.fabioferro.eu\/de\/wp-json\/wp\/v2\/product"}],"about":[{"href":"https:\/\/www.fabioferro.eu\/de\/wp-json\/wp\/v2\/types\/product"}],"replies":[{"embeddable":true,"href":"https:\/\/www.fabioferro.eu\/de\/wp-json\/wp\/v2\/comments?post=136730"}],"version-history":[{"count":0,"href":"https:\/\/www.fabioferro.eu\/de\/wp-json\/wp\/v2\/product\/136730\/revisions"}],"wp:featuredmedia":[{"embeddable":true,"href":"https:\/\/www.fabioferro.eu\/de\/wp-json\/wp\/v2\/media\/136322"}],"wp:attachment":[{"href":"https:\/\/www.fabioferro.eu\/de\/wp-json\/wp\/v2\/media?parent=136730"}],"wp:term":[{"taxonomy":"product_brand","embeddable":true,"href":"https:\/\/www.fabioferro.eu\/de\/wp-json\/wp\/v2\/product_brand?post=136730"},{"taxonomy":"product_cat","embeddable":true,"href":"https:\/\/www.fabioferro.eu\/de\/wp-json\/wp\/v2\/product_cat?post=136730"},{"taxonomy":"product_tag","embeddable":true,"href":"https:\/\/www.fabioferro.eu\/de\/wp-json\/wp\/v2\/product_tag?post=136730"}],"curies":[{"name":"wp","href":"https:\/\/api.w.org\/{rel}","templated":true}]}}