{"id":136734,"date":"2024-04-19T10:10:46","date_gmt":"2024-04-19T08:10:46","guid":{"rendered":"https:\/\/www.fabioferro.eu\/fope-aria-weissgold-ohrringe-mit-diamanten.html"},"modified":"2026-04-09T10:01:49","modified_gmt":"2026-04-09T08:01:49","slug":"fope-aria-weissgold-ohrringe-mit-diamanten","status":"publish","type":"product","link":"https:\/\/www.fabioferro.eu\/de\/fope-aria-weissgold-ohrringe-mit-diamanten.html","title":{"rendered":"Fope Aria Wei\u00dfgold-Ohrringe mit Diamanten"},"content":{"rendered":"<p>Die Ohrringe der Kollektion Aria von Fope sind von h\u00f6chster Qualit\u00e4t und aus 18 Karat Wei\u00dfgold gefertigt.<\/p>\n<p>Das Besondere an diesem Schmuck ist das \u00e4u\u00dferst elegante Netz, aus dem sie gefertigt sind und das sich beim Tragen bewegt.<\/p>\n<p>Sowohl am Kopf als auch am Ende befinden sich zwei F\u00e4sser, die die Form versch\u00f6nern.<\/p>\n<p>Auf jedem Ohrring befinden sich drei von Hand gefasste Diamanten im Brillantschliff mit insgesamt 0,09 Karat. Gekennzeichnet durch die Farbe G und den Reinheitsgrad VS1.<\/p>\n<p>Auf der R\u00fcckseite befindet sich eine Fliege in praktischer Gr\u00f6\u00dfe, die das Anlegen erleichtert.<\/p>\n<p>Sie sind jeweils 4,5 cm lang.<\/p>\n<p>Mit eleganter Pr\u00e4sentationsbox und offizieller internationaler FOPE-Garantie.<\/p>\n","protected":false},"excerpt":{"rendered":"<p>Ein Paar Ohrringe, das sein Handwerk versteht. Sie erz\u00e4hlen die Geschichte der Handwerkskunst und des gro\u00dfartigen Stils der italienischen Marke Fope.<\/p>\n","protected":false},"featured_media":136030,"comment_status":"open","ping_status":"closed","template":"","meta":[],"product_brand":[154],"product_cat":[5937],"product_tag":[],"class_list":{"0":"post-136734","1":"product","2":"type-product","3":"status-publish","4":"has-post-thumbnail","6":"product_brand-fope","7":"product_cat-fope-ohrringe","9":"first","10":"instock","11":"taxable","12":"shipping-taxable","13":"purchasable","14":"product-type-simple"},"exclude_global_add_ons":[],"addons":[],"df_price":2180,"df_sale_price":"","df_regular_price":2180,"df_image_link":"https:\/\/cdn02.fabioferro.eu\/wp-content\/uploads\/orecchini-fope-souls-in-oro-bianco-con-diamanti-89003ox_bb_b_xbx.jpg","_links":{"self":[{"href":"https:\/\/www.fabioferro.eu\/de\/wp-json\/wp\/v2\/product\/136734","targetHints":{"allow":["GET"]}}],"collection":[{"href":"https:\/\/www.fabioferro.eu\/de\/wp-json\/wp\/v2\/product"}],"about":[{"href":"https:\/\/www.fabioferro.eu\/de\/wp-json\/wp\/v2\/types\/product"}],"replies":[{"embeddable":true,"href":"https:\/\/www.fabioferro.eu\/de\/wp-json\/wp\/v2\/comments?post=136734"}],"version-history":[{"count":1,"href":"https:\/\/www.fabioferro.eu\/de\/wp-json\/wp\/v2\/product\/136734\/revisions"}],"predecessor-version":[{"id":198000,"href":"https:\/\/www.fabioferro.eu\/de\/wp-json\/wp\/v2\/product\/136734\/revisions\/198000"}],"wp:featuredmedia":[{"embeddable":true,"href":"https:\/\/www.fabioferro.eu\/de\/wp-json\/wp\/v2\/media\/136030"}],"wp:attachment":[{"href":"https:\/\/www.fabioferro.eu\/de\/wp-json\/wp\/v2\/media?parent=136734"}],"wp:term":[{"taxonomy":"product_brand","embeddable":true,"href":"https:\/\/www.fabioferro.eu\/de\/wp-json\/wp\/v2\/product_brand?post=136734"},{"taxonomy":"product_cat","embeddable":true,"href":"https:\/\/www.fabioferro.eu\/de\/wp-json\/wp\/v2\/product_cat?post=136734"},{"taxonomy":"product_tag","embeddable":true,"href":"https:\/\/www.fabioferro.eu\/de\/wp-json\/wp\/v2\/product_tag?post=136734"}],"curies":[{"name":"wp","href":"https:\/\/api.w.org\/{rel}","templated":true}]}}