{"id":139776,"date":"2024-05-29T12:14:49","date_gmt":"2024-05-29T10:14:49","guid":{"rendered":"https:\/\/www.fabioferro.eu\/.html?post_type=product&#038;p=139776"},"modified":"2025-05-16T15:01:08","modified_gmt":"2025-05-16T13:01:08","slug":"hamilton-khaki-navy-scuba-40mm-h82395331","status":"publish","type":"product","link":"https:\/\/www.fabioferro.eu\/de\/hamilton-khaki-navy-scuba-40mm-h82395331.html","title":{"rendered":"Hamilton Khaki Navy Scuba 40mm H82395331"},"content":{"rendered":"<div class=\"description\">\n<p>Hamilton Khaki Navy Scuba 40mm H82395331 Automatikuhr aus Edelstahl mit schwarzem Zifferblatt.<\/p>\n<p>Uhrwerk Mechanisch Automatisch Swiss Made Cal. H-10.<\/p>\n<p>Geh\u00e4use aus satiniertem Stahl, Durchmesser 40,00 mm, Dicke 13,00 mm. Verschraubter Geh\u00e4useboden aus satiniertem Stahl, wasserdicht bis 10 ATM. Verschraubte, stahlgesch\u00fctzte Krone mit Hamilton-Logo. Schwarzer ger\u00e4ndelter fester Ring.<\/p>\n<p>Schwarzes und orangefarbenes Zifferblatt mit nachleuchtenden Stunden- und Minutenzeigern. Zentraler Sekundenzeiger mit roter Spitze. Wei\u00df leuchtende Indizes. Das Datumsfeld befindet sich zwischen 4 und 5 Uhr.<\/p>\n<p>Kratzfestes Saphirkristallglas.<\/p>\n<p>Riemen aus robustem orangefarbenem Gummi mit KHAKI-Logo in den beiden Teilen. Satinierte Stahlschlie\u00dfe mit Hamilton-Logo. 20-mm-Schleifen.<\/p>\n<p>Neuer Artikel mit original Hamilton-Box und 2 Jahren Garantie.<\/p>\n<\/div>\n","protected":false},"excerpt":{"rendered":"<p>Hamilton Khaki Navy Scuba 40mm H82395331 in einer einzigartigen Farbe, die es immer wieder versteht, Sie zu \u00fcberraschen!<\/p>\n","protected":false},"featured_media":139779,"comment_status":"open","ping_status":"closed","template":"","meta":[],"product_brand":[161],"product_cat":[5974],"product_tag":[],"class_list":{"0":"post-139776","1":"product","2":"type-product","3":"status-publish","4":"has-post-thumbnail","6":"product_brand-hamilton","7":"product_cat-hamilton-herrenuhren","8":"pa_collezione-hamilton-khaki-marine","10":"first","11":"instock","12":"sale","13":"taxable","14":"shipping-taxable","15":"purchasable","16":"product-type-simple"},"exclude_global_add_ons":[],"addons":[],"df_price":716,"df_sale_price":716,"df_regular_price":895,"df_image_link":"https:\/\/cdn02.fabioferro.eu\/wp-content\/uploads\/orologio-hamilton-scuba-automatico-arancione-h82395331.jpg","_links":{"self":[{"href":"https:\/\/www.fabioferro.eu\/de\/wp-json\/wp\/v2\/product\/139776","targetHints":{"allow":["GET"]}}],"collection":[{"href":"https:\/\/www.fabioferro.eu\/de\/wp-json\/wp\/v2\/product"}],"about":[{"href":"https:\/\/www.fabioferro.eu\/de\/wp-json\/wp\/v2\/types\/product"}],"replies":[{"embeddable":true,"href":"https:\/\/www.fabioferro.eu\/de\/wp-json\/wp\/v2\/comments?post=139776"}],"version-history":[{"count":0,"href":"https:\/\/www.fabioferro.eu\/de\/wp-json\/wp\/v2\/product\/139776\/revisions"}],"wp:featuredmedia":[{"embeddable":true,"href":"https:\/\/www.fabioferro.eu\/de\/wp-json\/wp\/v2\/media\/139779"}],"wp:attachment":[{"href":"https:\/\/www.fabioferro.eu\/de\/wp-json\/wp\/v2\/media?parent=139776"}],"wp:term":[{"taxonomy":"product_brand","embeddable":true,"href":"https:\/\/www.fabioferro.eu\/de\/wp-json\/wp\/v2\/product_brand?post=139776"},{"taxonomy":"product_cat","embeddable":true,"href":"https:\/\/www.fabioferro.eu\/de\/wp-json\/wp\/v2\/product_cat?post=139776"},{"taxonomy":"product_tag","embeddable":true,"href":"https:\/\/www.fabioferro.eu\/de\/wp-json\/wp\/v2\/product_tag?post=139776"}],"curies":[{"name":"wp","href":"https:\/\/api.w.org\/{rel}","templated":true}]}}