{"id":140275,"date":"2024-05-31T11:53:55","date_gmt":"2024-05-31T09:53:55","guid":{"rendered":"https:\/\/www.fabioferro.eu\/valentina-ferragni-fusskettchen-lola-flieder-und-orange.html"},"modified":"2024-07-10T15:33:07","modified_gmt":"2024-07-10T13:33:07","slug":"valentina-ferragni-fusskettchen-lola-flieder-und-orange","status":"publish","type":"product","link":"https:\/\/www.fabioferro.eu\/de\/valentina-ferragni-fusskettchen-lola-flieder-und-orange.html","title":{"rendered":"Valentina Ferragni Fu\u00dfkettchen Lola Flieder und Orange"},"content":{"rendered":"<p>Fu\u00dfkettchen aus umweltfreundlichem Draht und 925er gelbvergoldetem Silber.<\/p>\n<p>L\u00e4nge 30 cm einstellbar.<\/p>\n<p>Hergestellt in Italien.<\/p>\n<p>Mit Verpackung und offizieller Valentina Ferragni Garantie.<\/p>\n","protected":false},"excerpt":{"rendered":"<p>Ein s\u00fc\u00dfes Fu\u00dfkettchen, das seine ganze Sch\u00f6nheit zum Ausdruck bringt, wenn es getragen wird, in jedem Moment des Lebens.<\/p>\n","protected":false},"featured_media":140012,"comment_status":"open","ping_status":"closed","template":"","meta":[],"product_brand":[206],"product_cat":[15],"product_tag":[7442],"class_list":{"0":"post-140275","1":"product","2":"type-product","3":"status-publish","4":"has-post-thumbnail","6":"product_brand-valentina-ferragni-studio","7":"product_cat-senza-categoria","8":"product_tag-verfugbar","10":"first","11":"outofstock","12":"sale","13":"taxable","14":"shipping-taxable","15":"purchasable","16":"product-type-simple"},"exclude_global_add_ons":[],"addons":[],"df_price":27.5,"df_sale_price":27.5,"df_regular_price":55,"df_image_link":"https:\/\/cdn02.fabioferro.eu\/wp-content\/uploads\/cavigliera-valentina-ferragni-lola-lilac-e-orange.jpg","_links":{"self":[{"href":"https:\/\/www.fabioferro.eu\/de\/wp-json\/wp\/v2\/product\/140275","targetHints":{"allow":["GET"]}}],"collection":[{"href":"https:\/\/www.fabioferro.eu\/de\/wp-json\/wp\/v2\/product"}],"about":[{"href":"https:\/\/www.fabioferro.eu\/de\/wp-json\/wp\/v2\/types\/product"}],"replies":[{"embeddable":true,"href":"https:\/\/www.fabioferro.eu\/de\/wp-json\/wp\/v2\/comments?post=140275"}],"version-history":[{"count":0,"href":"https:\/\/www.fabioferro.eu\/de\/wp-json\/wp\/v2\/product\/140275\/revisions"}],"wp:featuredmedia":[{"embeddable":true,"href":"https:\/\/www.fabioferro.eu\/de\/wp-json\/wp\/v2\/media\/140012"}],"wp:attachment":[{"href":"https:\/\/www.fabioferro.eu\/de\/wp-json\/wp\/v2\/media?parent=140275"}],"wp:term":[{"taxonomy":"product_brand","embeddable":true,"href":"https:\/\/www.fabioferro.eu\/de\/wp-json\/wp\/v2\/product_brand?post=140275"},{"taxonomy":"product_cat","embeddable":true,"href":"https:\/\/www.fabioferro.eu\/de\/wp-json\/wp\/v2\/product_cat?post=140275"},{"taxonomy":"product_tag","embeddable":true,"href":"https:\/\/www.fabioferro.eu\/de\/wp-json\/wp\/v2\/product_tag?post=140275"}],"curies":[{"name":"wp","href":"https:\/\/api.w.org\/{rel}","templated":true}]}}