{"id":140555,"date":"2024-05-18T09:21:07","date_gmt":"2024-05-18T07:21:07","guid":{"rendered":"https:\/\/www.fabioferro.eu\/giovanni-raspini-rock-star-ohrringe.html"},"modified":"2025-03-11T18:04:41","modified_gmt":"2025-03-11T17:04:41","slug":"giovanni-raspini-rock-star-ohrringe","status":"publish","type":"product","link":"https:\/\/www.fabioferro.eu\/de\/giovanni-raspini-rock-star-ohrringe.html","title":{"rendered":"Giovanni Raspini Rock Star Ohrringe"},"content":{"rendered":"<p>Schmuck aus 925er Sterlingsilber.<\/p>\n<p>Einzelner Ohrring, Gewicht 7,5 g.<\/p>\n<p>Praktischer Schmetterlingsverschluss.<\/p>\n<p>Handgefertigt in Italien, Made in Italy.<\/p>\n<p>Mit Etui und offizieller Giovanni Raspini Garantie.<\/p>\n","protected":false},"excerpt":{"rendered":"<p>Greifbare Manifestationen von innerem und \u00e4u\u00dferem Reichtum, Symbole f\u00fcr Erfolg und Wohlstand.<\/p>\n","protected":false},"featured_media":138768,"comment_status":"open","ping_status":"closed","template":"","meta":[],"product_brand":[155],"product_cat":[7570,7620],"product_tag":[7442],"class_list":{"0":"post-140555","1":"product","2":"type-product","3":"status-publish","4":"has-post-thumbnail","6":"product_brand-raspini","7":"product_cat-giovanni-raspini-ohrringe","8":"product_cat-outlet-schmuck","9":"product_tag-verfugbar","11":"first","12":"instock","13":"sale","14":"taxable","15":"shipping-taxable","16":"purchasable","17":"product-type-simple"},"exclude_global_add_ons":[],"addons":[],"df_price":220.5,"df_sale_price":220.5,"df_regular_price":245,"df_image_link":"https:\/\/cdn02.fabioferro.eu\/wp-content\/uploads\/orecchini-giovanni-raspini-rock-star.jpg","_links":{"self":[{"href":"https:\/\/www.fabioferro.eu\/de\/wp-json\/wp\/v2\/product\/140555","targetHints":{"allow":["GET"]}}],"collection":[{"href":"https:\/\/www.fabioferro.eu\/de\/wp-json\/wp\/v2\/product"}],"about":[{"href":"https:\/\/www.fabioferro.eu\/de\/wp-json\/wp\/v2\/types\/product"}],"replies":[{"embeddable":true,"href":"https:\/\/www.fabioferro.eu\/de\/wp-json\/wp\/v2\/comments?post=140555"}],"version-history":[{"count":0,"href":"https:\/\/www.fabioferro.eu\/de\/wp-json\/wp\/v2\/product\/140555\/revisions"}],"wp:featuredmedia":[{"embeddable":true,"href":"https:\/\/www.fabioferro.eu\/de\/wp-json\/wp\/v2\/media\/138768"}],"wp:attachment":[{"href":"https:\/\/www.fabioferro.eu\/de\/wp-json\/wp\/v2\/media?parent=140555"}],"wp:term":[{"taxonomy":"product_brand","embeddable":true,"href":"https:\/\/www.fabioferro.eu\/de\/wp-json\/wp\/v2\/product_brand?post=140555"},{"taxonomy":"product_cat","embeddable":true,"href":"https:\/\/www.fabioferro.eu\/de\/wp-json\/wp\/v2\/product_cat?post=140555"},{"taxonomy":"product_tag","embeddable":true,"href":"https:\/\/www.fabioferro.eu\/de\/wp-json\/wp\/v2\/product_tag?post=140555"}],"curies":[{"name":"wp","href":"https:\/\/api.w.org\/{rel}","templated":true}]}}