{"id":140596,"date":"2024-05-16T16:07:04","date_gmt":"2024-05-16T14:07:04","guid":{"rendered":"https:\/\/www.fabioferro.eu\/fope-solo-collection-halskette-aus-rose-und-weissgold-mit-diamanten.html"},"modified":"2026-01-09T16:28:19","modified_gmt":"2026-01-09T15:28:19","slug":"fope-solo-collection-halskette-aus-rose-und-weissgold-mit-diamanten","status":"publish","type":"product","link":"https:\/\/www.fabioferro.eu\/de\/fope-solo-collection-halskette-aus-rose-und-weissgold-mit-diamanten.html","title":{"rendered":"Fope Solo Collection Halskette aus Ros\u00e9- und Wei\u00dfgold mit Diamanten"},"content":{"rendered":"<p>Elegantes und leuchtendes Collier, handgefertigt aus 18 Karat Wei\u00df- und Ros\u00e9gold und Brillanten.<\/p>\n<p>Juwel aus der Solo-Kollektion, entworfen und signiert von Fope.<span class=\"Apple-converted-space\"> <\/span><\/p>\n<p>Die Halskette besteht aus einem klassischen Glied mit zwei Anh\u00e4ngern von 4 und 3,30 cm L\u00e4nge. Die Gesamtl\u00e4nge des Schmuckst\u00fccks betr\u00e4gt 45 cm. Die beiden Anh\u00e4nger sind mit einem Paar Kreuzst\u00fccke verbunden, die mit Brillanten von insgesamt 0,09 Karat besetzt sind.<span class=\"Apple-converted-space\"><br \/>\n<\/span>Die Steine zeichnen sich durch eine Farbe von G und einen Reinheitsgrad von VS1 aus.<span class=\"Apple-converted-space\"> <\/span><\/p>\n<p>Zuverl\u00e4ssiger und sicherer Verschluss mit einem drehbaren Karabinerhaken, der verhindert, dass sich die Kette beim Tragen nach innen dreht.<span class=\"Apple-converted-space\"> <\/span><\/p>\n<p>Halskette handgefertigt von Handwerkern aus Vicenza. Qualit\u00e4t Made in Italy. <span class=\"Apple-converted-space\"> <\/span><\/p>\n<p>Mit einem eleganten Etui und internationaler Fope-Garantie.<span class=\"Apple-converted-space\"> <\/span><\/p>\n<p><img decoding=\"async\" class=\"alignnone size-full wp-image-204889\" src=\"http:\/\/cdn02.fabioferro.eu\/wp-content\/uploads\/misure-collane-fope-internazionale.jpg\" alt=\"\" width=\"1500\" height=\"1875\" title=\"\" srcset=\"https:\/\/cdn02.fabioferro.eu\/wp-content\/uploads\/misure-collane-fope-internazionale.jpg 1500w, https:\/\/cdn02.fabioferro.eu\/wp-content\/uploads\/misure-collane-fope-internazionale-768x960.jpg 768w, https:\/\/cdn02.fabioferro.eu\/wp-content\/uploads\/misure-collane-fope-internazionale-1229x1536.jpg 1229w, https:\/\/cdn02.fabioferro.eu\/wp-content\/uploads\/misure-collane-fope-internazionale-990x1238.jpg 990w, https:\/\/cdn02.fabioferro.eu\/wp-content\/uploads\/misure-collane-fope-internazionale-441x551.jpg 441w, https:\/\/cdn02.fabioferro.eu\/wp-content\/uploads\/misure-collane-fope-internazionale-600x750.jpg 600w, https:\/\/cdn02.fabioferro.eu\/wp-content\/uploads\/misure-collane-fope-internazionale-150x188.jpg 150w\" sizes=\"(max-width: 1500px) 100vw, 1500px\" \/><\/p>\n","protected":false},"excerpt":{"rendered":"<p>Die Marke Fope ist ein Garant f\u00fcr Eleganz und Raffinesse. Sein Schmuck ist ein wahres Kunstwerk.<\/p>\n","protected":false},"featured_media":138512,"comment_status":"open","ping_status":"closed","template":"","meta":[],"product_brand":[154],"product_cat":[6203],"product_tag":[],"class_list":{"0":"post-140596","1":"product","2":"type-product","3":"status-publish","4":"has-post-thumbnail","6":"product_brand-fope","7":"product_cat-fope-halsketten","9":"first","10":"instock","11":"taxable","12":"shipping-taxable","13":"purchasable","14":"product-type-variable","15":"has-default-attributes"},"exclude_global_add_ons":[],"addons":[],"df_price":7590,"df_sale_price":"","df_regular_price":7590,"df_image_link":"https:\/\/cdn02.fabioferro.eu\/wp-content\/uploads\/collana-fope-collezione-solo-oro-rosa-80906cx_bb_r_xbx.jpg","_links":{"self":[{"href":"https:\/\/www.fabioferro.eu\/de\/wp-json\/wp\/v2\/product\/140596","targetHints":{"allow":["GET"]}}],"collection":[{"href":"https:\/\/www.fabioferro.eu\/de\/wp-json\/wp\/v2\/product"}],"about":[{"href":"https:\/\/www.fabioferro.eu\/de\/wp-json\/wp\/v2\/types\/product"}],"replies":[{"embeddable":true,"href":"https:\/\/www.fabioferro.eu\/de\/wp-json\/wp\/v2\/comments?post=140596"}],"version-history":[{"count":1,"href":"https:\/\/www.fabioferro.eu\/de\/wp-json\/wp\/v2\/product\/140596\/revisions"}],"predecessor-version":[{"id":206677,"href":"https:\/\/www.fabioferro.eu\/de\/wp-json\/wp\/v2\/product\/140596\/revisions\/206677"}],"wp:featuredmedia":[{"embeddable":true,"href":"https:\/\/www.fabioferro.eu\/de\/wp-json\/wp\/v2\/media\/138512"}],"wp:attachment":[{"href":"https:\/\/www.fabioferro.eu\/de\/wp-json\/wp\/v2\/media?parent=140596"}],"wp:term":[{"taxonomy":"product_brand","embeddable":true,"href":"https:\/\/www.fabioferro.eu\/de\/wp-json\/wp\/v2\/product_brand?post=140596"},{"taxonomy":"product_cat","embeddable":true,"href":"https:\/\/www.fabioferro.eu\/de\/wp-json\/wp\/v2\/product_cat?post=140596"},{"taxonomy":"product_tag","embeddable":true,"href":"https:\/\/www.fabioferro.eu\/de\/wp-json\/wp\/v2\/product_tag?post=140596"}],"curies":[{"name":"wp","href":"https:\/\/api.w.org\/{rel}","templated":true}]}}