{"id":140615,"date":"2024-05-16T16:03:18","date_gmt":"2024-05-16T14:03:18","guid":{"rendered":"https:\/\/www.fabioferro.eu\/fope-prima-collection-halskette-aus-rose-und-weissgold-mit-diamanten-2.html"},"modified":"2026-01-09T16:28:17","modified_gmt":"2026-01-09T15:28:17","slug":"fope-prima-collection-halskette-aus-rose-und-weissgold-mit-diamanten-2","status":"publish","type":"product","link":"https:\/\/www.fabioferro.eu\/de\/fope-prima-collection-halskette-aus-rose-und-weissgold-mit-diamanten-2.html","title":{"rendered":"Fope Prima Collection Halskette aus Ros\u00e9- und Wei\u00dfgold mit Diamanten"},"content":{"rendered":"<p>Ein besonderes und faszinierendes Collier aus 18 Karat Ros\u00e9- und Wei\u00dfgold mit Diamanten.<span class=\"Apple-converted-space\"> <\/span><\/p>\n<p>Er zeichnet sich durch eine doppelte Krawatte aus und ist 3 mm dick.<br \/>\nEntlang der Jakobsmuschel befinden sich 8 Diamantrondelle mit insgesamt 0,14 Karat. Die Steine haben einen Brillantschliff und sind mit der Farbe G und der Reinheit VS1 gekennzeichnet.<span class=\"Apple-converted-space\"> <\/span><\/p>\n<p>Praktische und funktionelle &#8216;Rotor&#8217;-Schlie\u00dfe, die ein Verdrehen des Schmuckst\u00fccks verhindert.<span class=\"Apple-converted-space\"> <\/span><\/p>\n<p>Halskette handgefertigt von Handwerkern aus Vicenza. Qualit\u00e4t Made in Italy. <span class=\"Apple-converted-space\"> <\/span><\/p>\n<p>Mit einem eleganten Etui und internationaler Fope-Garantie.<\/p>\n<p><img decoding=\"async\" class=\"alignnone size-full wp-image-204889\" src=\"http:\/\/cdn02.fabioferro.eu\/wp-content\/uploads\/misure-collane-fope-internazionale.jpg\" alt=\"\" width=\"1500\" height=\"1875\" title=\"\" srcset=\"https:\/\/cdn02.fabioferro.eu\/wp-content\/uploads\/misure-collane-fope-internazionale.jpg 1500w, https:\/\/cdn02.fabioferro.eu\/wp-content\/uploads\/misure-collane-fope-internazionale-768x960.jpg 768w, https:\/\/cdn02.fabioferro.eu\/wp-content\/uploads\/misure-collane-fope-internazionale-1229x1536.jpg 1229w, https:\/\/cdn02.fabioferro.eu\/wp-content\/uploads\/misure-collane-fope-internazionale-990x1238.jpg 990w, https:\/\/cdn02.fabioferro.eu\/wp-content\/uploads\/misure-collane-fope-internazionale-441x551.jpg 441w, https:\/\/cdn02.fabioferro.eu\/wp-content\/uploads\/misure-collane-fope-internazionale-600x750.jpg 600w, https:\/\/cdn02.fabioferro.eu\/wp-content\/uploads\/misure-collane-fope-internazionale-150x188.jpg 150w\" sizes=\"(max-width: 1500px) 100vw, 1500px\" \/><\/p>\n","protected":false},"excerpt":{"rendered":"<p>Einzigartig und kreativ, ein besonderes Collier mit Diamantrondellen, das den Hals der Tr\u00e4gerin aufwertet.<\/p>\n","protected":false},"featured_media":109028,"comment_status":"open","ping_status":"closed","template":"","meta":[],"product_brand":[154],"product_cat":[6203],"product_tag":[],"class_list":{"0":"post-140615","1":"product","2":"type-product","3":"status-publish","4":"has-post-thumbnail","6":"product_brand-fope","7":"product_cat-fope-halsketten","9":"first","10":"instock","11":"taxable","12":"shipping-taxable","13":"purchasable","14":"product-type-variable","15":"has-default-attributes"},"exclude_global_add_ons":[],"addons":[],"df_price":5990,"df_sale_price":"","df_regular_price":5990,"df_image_link":"https:\/\/cdn02.fabioferro.eu\/wp-content\/uploads\/collana-fope-collezione-prima-in-oro-rosa-e-diamanti-746c-bbr-br.jpg","_links":{"self":[{"href":"https:\/\/www.fabioferro.eu\/de\/wp-json\/wp\/v2\/product\/140615","targetHints":{"allow":["GET"]}}],"collection":[{"href":"https:\/\/www.fabioferro.eu\/de\/wp-json\/wp\/v2\/product"}],"about":[{"href":"https:\/\/www.fabioferro.eu\/de\/wp-json\/wp\/v2\/types\/product"}],"replies":[{"embeddable":true,"href":"https:\/\/www.fabioferro.eu\/de\/wp-json\/wp\/v2\/comments?post=140615"}],"version-history":[{"count":1,"href":"https:\/\/www.fabioferro.eu\/de\/wp-json\/wp\/v2\/product\/140615\/revisions"}],"predecessor-version":[{"id":206673,"href":"https:\/\/www.fabioferro.eu\/de\/wp-json\/wp\/v2\/product\/140615\/revisions\/206673"}],"wp:featuredmedia":[{"embeddable":true,"href":"https:\/\/www.fabioferro.eu\/de\/wp-json\/wp\/v2\/media\/109028"}],"wp:attachment":[{"href":"https:\/\/www.fabioferro.eu\/de\/wp-json\/wp\/v2\/media?parent=140615"}],"wp:term":[{"taxonomy":"product_brand","embeddable":true,"href":"https:\/\/www.fabioferro.eu\/de\/wp-json\/wp\/v2\/product_brand?post=140615"},{"taxonomy":"product_cat","embeddable":true,"href":"https:\/\/www.fabioferro.eu\/de\/wp-json\/wp\/v2\/product_cat?post=140615"},{"taxonomy":"product_tag","embeddable":true,"href":"https:\/\/www.fabioferro.eu\/de\/wp-json\/wp\/v2\/product_tag?post=140615"}],"curies":[{"name":"wp","href":"https:\/\/api.w.org\/{rel}","templated":true}]}}