{"id":140625,"date":"2024-05-16T11:39:06","date_gmt":"2024-05-16T09:39:06","guid":{"rendered":"https:\/\/www.fabioferro.eu\/fope-prima-collection-halskette-aus-gelb-und-weissgold-mit-diamanten-2.html"},"modified":"2026-01-09T16:28:18","modified_gmt":"2026-01-09T15:28:18","slug":"fope-prima-collection-halskette-aus-gelb-und-weissgold-mit-diamanten-2","status":"publish","type":"product","link":"https:\/\/www.fabioferro.eu\/de\/fope-prima-collection-halskette-aus-gelb-und-weissgold-mit-diamanten-2.html","title":{"rendered":"Fope Prima Collection Halskette aus Gelb- und Wei\u00dfgold mit Diamanten"},"content":{"rendered":"<p>Elegante M\u00f6nchshalskette aus leuchtendem 18-kar\u00e4tigem Gelb- und Wei\u00dfgold mit Diamanten.<\/p>\n<p>Der K\u00f6rper dieses Schmuckst\u00fccks ist 3 mm dick. In der Mitte l\u00e4uft er in einem Band aus, das eine doppelte Jakobsmuschel bildet.<span class=\"Apple-converted-space\"><br \/>\n<\/span>Auf ihm sind acht Rondellen mit Brillanten besetzt.<span class=\"Apple-converted-space\"><br \/>\n<\/span>Die Steine haben insgesamt 0,14 Karat und besitzen eine Farbe von G und einen Reinheitsgrad von VS1.<span class=\"Apple-converted-space\"> <\/span><\/p>\n<p>Der Verschluss wird durch einen &#8216;Rotor&#8217;-Karabinerhaken gesichert, der ein Verdrehen des Schmuckst\u00fccks verhindert.<\/p>\n<p>Halskette handgefertigt von Handwerkern aus Vicenza. Qualit\u00e4t Made in Italy. <span class=\"Apple-converted-space\"> <\/span><\/p>\n<p>Mit einem eleganten Etui und internationaler Fope-Garantie.<\/p>\n<p><img decoding=\"async\" class=\"alignnone size-full wp-image-204889\" src=\"http:\/\/cdn02.fabioferro.eu\/wp-content\/uploads\/misure-collane-fope-internazionale.jpg\" alt=\"\" width=\"1500\" height=\"1875\" title=\"\" srcset=\"https:\/\/cdn02.fabioferro.eu\/wp-content\/uploads\/misure-collane-fope-internazionale.jpg 1500w, https:\/\/cdn02.fabioferro.eu\/wp-content\/uploads\/misure-collane-fope-internazionale-768x960.jpg 768w, https:\/\/cdn02.fabioferro.eu\/wp-content\/uploads\/misure-collane-fope-internazionale-1229x1536.jpg 1229w, https:\/\/cdn02.fabioferro.eu\/wp-content\/uploads\/misure-collane-fope-internazionale-990x1238.jpg 990w, https:\/\/cdn02.fabioferro.eu\/wp-content\/uploads\/misure-collane-fope-internazionale-441x551.jpg 441w, https:\/\/cdn02.fabioferro.eu\/wp-content\/uploads\/misure-collane-fope-internazionale-600x750.jpg 600w, https:\/\/cdn02.fabioferro.eu\/wp-content\/uploads\/misure-collane-fope-internazionale-150x188.jpg 150w\" sizes=\"(max-width: 1500px) 100vw, 1500px\" \/><\/p>\n","protected":false},"excerpt":{"rendered":"<p>Gl\u00e4nzende und gl\u00e4nzende Halskette von Fope. Ein atemberaubendes Juwel.<\/p>\n","protected":false},"featured_media":140632,"comment_status":"open","ping_status":"closed","template":"","meta":[],"product_brand":[154],"product_cat":[6203],"product_tag":[],"class_list":{"0":"post-140625","1":"product","2":"type-product","3":"status-publish","4":"has-post-thumbnail","6":"product_brand-fope","7":"product_cat-fope-halsketten","9":"first","10":"instock","11":"taxable","12":"shipping-taxable","13":"purchasable","14":"product-type-variable","15":"has-default-attributes"},"exclude_global_add_ons":[],"addons":[],"df_price":5990,"df_sale_price":"","df_regular_price":5990,"df_image_link":"https:\/\/cdn02.fabioferro.eu\/wp-content\/uploads\/virtuemart\/product\/collana_fope_collezione_prima_in_oro_giallo_con_diamanti_746C_BBR_GB__1593853115_93.jpg","_links":{"self":[{"href":"https:\/\/www.fabioferro.eu\/de\/wp-json\/wp\/v2\/product\/140625","targetHints":{"allow":["GET"]}}],"collection":[{"href":"https:\/\/www.fabioferro.eu\/de\/wp-json\/wp\/v2\/product"}],"about":[{"href":"https:\/\/www.fabioferro.eu\/de\/wp-json\/wp\/v2\/types\/product"}],"replies":[{"embeddable":true,"href":"https:\/\/www.fabioferro.eu\/de\/wp-json\/wp\/v2\/comments?post=140625"}],"version-history":[{"count":1,"href":"https:\/\/www.fabioferro.eu\/de\/wp-json\/wp\/v2\/product\/140625\/revisions"}],"predecessor-version":[{"id":206675,"href":"https:\/\/www.fabioferro.eu\/de\/wp-json\/wp\/v2\/product\/140625\/revisions\/206675"}],"wp:featuredmedia":[{"embeddable":true,"href":"https:\/\/www.fabioferro.eu\/de\/wp-json\/wp\/v2\/media\/140632"}],"wp:attachment":[{"href":"https:\/\/www.fabioferro.eu\/de\/wp-json\/wp\/v2\/media?parent=140625"}],"wp:term":[{"taxonomy":"product_brand","embeddable":true,"href":"https:\/\/www.fabioferro.eu\/de\/wp-json\/wp\/v2\/product_brand?post=140625"},{"taxonomy":"product_cat","embeddable":true,"href":"https:\/\/www.fabioferro.eu\/de\/wp-json\/wp\/v2\/product_cat?post=140625"},{"taxonomy":"product_tag","embeddable":true,"href":"https:\/\/www.fabioferro.eu\/de\/wp-json\/wp\/v2\/product_tag?post=140625"}],"curies":[{"name":"wp","href":"https:\/\/api.w.org\/{rel}","templated":true}]}}