{"id":140786,"date":"2024-05-02T09:06:00","date_gmt":"2024-05-02T07:06:00","guid":{"rendered":"https:\/\/www.fabioferro.eu\/giovanni-raspini-jack-piastrina-armband.html"},"modified":"2025-03-11T18:05:43","modified_gmt":"2025-03-11T17:05:43","slug":"giovanni-raspini-jack-piastrina-armband","status":"publish","type":"product","link":"https:\/\/www.fabioferro.eu\/de\/giovanni-raspini-jack-piastrina-armband.html","title":{"rendered":"Giovanni Raspini Jack Piastrina Armband"},"content":{"rendered":"<p>Armband aus 925er Sterlingsilber und schwarzem Leder.<\/p>\n<p>L\u00e4nge: 22 cm.<\/p>\n<p>Karabinerverschluss mit verstellbaren Gliedern.<\/p>\n<p>Von Kunsthandwerkern hergestellt, Made in Italy.<\/p>\n<p>Mit Verpackung und offizieller Giovanni Raspini Garantie.<\/p>\n","protected":false},"excerpt":{"rendered":"<p>Ein faszinierendes Schmuckst\u00fcck, das die nat\u00fcrliche Sch\u00f6nheit der Tr\u00e4gerin unterstreicht.<\/p>\n","protected":false},"featured_media":137090,"comment_status":"open","ping_status":"closed","template":"","meta":[],"product_brand":[155],"product_cat":[7597],"product_tag":[7442],"class_list":{"0":"post-140786","1":"product","2":"type-product","3":"status-publish","4":"has-post-thumbnail","6":"product_brand-raspini","7":"product_cat-armbander-giovanni-raspini-manner","8":"product_tag-verfugbar","10":"first","11":"instock","12":"sale","13":"taxable","14":"shipping-taxable","15":"purchasable","16":"product-type-simple"},"exclude_global_add_ons":[],"addons":[],"df_price":130.5,"df_sale_price":130.5,"df_regular_price":145,"df_image_link":"https:\/\/cdn02.fabioferro.eu\/wp-content\/uploads\/bracciale-giovanni-raspini-jack-piastrina.jpg","_links":{"self":[{"href":"https:\/\/www.fabioferro.eu\/de\/wp-json\/wp\/v2\/product\/140786","targetHints":{"allow":["GET"]}}],"collection":[{"href":"https:\/\/www.fabioferro.eu\/de\/wp-json\/wp\/v2\/product"}],"about":[{"href":"https:\/\/www.fabioferro.eu\/de\/wp-json\/wp\/v2\/types\/product"}],"replies":[{"embeddable":true,"href":"https:\/\/www.fabioferro.eu\/de\/wp-json\/wp\/v2\/comments?post=140786"}],"version-history":[{"count":0,"href":"https:\/\/www.fabioferro.eu\/de\/wp-json\/wp\/v2\/product\/140786\/revisions"}],"wp:featuredmedia":[{"embeddable":true,"href":"https:\/\/www.fabioferro.eu\/de\/wp-json\/wp\/v2\/media\/137090"}],"wp:attachment":[{"href":"https:\/\/www.fabioferro.eu\/de\/wp-json\/wp\/v2\/media?parent=140786"}],"wp:term":[{"taxonomy":"product_brand","embeddable":true,"href":"https:\/\/www.fabioferro.eu\/de\/wp-json\/wp\/v2\/product_brand?post=140786"},{"taxonomy":"product_cat","embeddable":true,"href":"https:\/\/www.fabioferro.eu\/de\/wp-json\/wp\/v2\/product_cat?post=140786"},{"taxonomy":"product_tag","embeddable":true,"href":"https:\/\/www.fabioferro.eu\/de\/wp-json\/wp\/v2\/product_tag?post=140786"}],"curies":[{"name":"wp","href":"https:\/\/api.w.org\/{rel}","templated":true}]}}