{"id":141364,"date":"2024-06-04T18:50:58","date_gmt":"2024-06-04T16:50:58","guid":{"rendered":"https:\/\/www.fabioferro.eu\/75-8-mm-weisse-meerwasser-fabio-eisen-akoya-perlenkette.html"},"modified":"2024-06-04T19:23:25","modified_gmt":"2024-06-04T17:23:25","slug":"75-8-mm-weisse-meerwasser-fabio-eisen-akoya-perlenkette","status":"publish","type":"product","link":"https:\/\/www.fabioferro.eu\/de\/75-8-mm-weisse-meerwasser-fabio-eisen-akoya-perlenkette.html","title":{"rendered":"7,5\/8 mm Wei\u00dfe Meerwasser Fabio Eisen Akoya Perlenkette"},"content":{"rendered":"<p>Halskette aus nat\u00fcrlichen Meerwasserperlen, Typ Akoya.<\/p>\n<p>Der Durchmesser der Perlen betr\u00e4gt 7,5 bis 8 mm.<\/p>\n<p>Alles wird von Hand mit Knoten\/Perlen gebunden, so dass es solider und bequemer ist.<\/p>\n<p>Die L\u00e4nge betr\u00e4gt standardm\u00e4\u00dfig 42 cm, einschlie\u00dflich der Schlie\u00dfe.<\/p>\n<p>Elegante Schlie\u00dfe aus Wei\u00dfgold mit 0,88 Karat Diamanten, hergestellt in Italien. Farbe F und Reinheit VS1. Sehr elegant und leicht zu tragen.<\/p>\n<p>Die F\u00e4rbung der Perlen kann leicht vom Foto abweichen, da sie nat\u00fcrlich sind und unter Sonnenlicht variieren.<\/p>\n<p>Begleitet von einer eleganten Geschenkbox und einer von Fabio Ferro I Gioielli unterzeichneten Qualit\u00e4tsgarantie.<\/p>\n","protected":false},"excerpt":{"rendered":"<p>Eine elegante Perlenkette aus Naturperlen, die dank ihrer unendlichen Sch\u00f6nheit auff\u00e4llt.<\/p>\n","protected":false},"featured_media":136874,"comment_status":"open","ping_status":"closed","template":"","meta":[],"product_brand":[152],"product_cat":[6301],"product_tag":[7442],"class_list":{"0":"post-141364","1":"product","2":"type-product","3":"status-publish","4":"has-post-thumbnail","6":"product_brand-fabio-ferro-i-gioielli","7":"product_cat-perlenketten","8":"product_tag-verfugbar","10":"first","11":"instock","12":"sale","13":"taxable","14":"shipping-taxable","15":"purchasable","16":"product-type-simple"},"exclude_global_add_ons":[],"addons":[],"df_price":3992,"df_sale_price":3992,"df_regular_price":4990,"df_image_link":"https:\/\/cdn02.fabioferro.eu\/wp-content\/uploads\/collana-di-perle-fabio-ferro-bianche-ff1316.jpg","_links":{"self":[{"href":"https:\/\/www.fabioferro.eu\/de\/wp-json\/wp\/v2\/product\/141364","targetHints":{"allow":["GET"]}}],"collection":[{"href":"https:\/\/www.fabioferro.eu\/de\/wp-json\/wp\/v2\/product"}],"about":[{"href":"https:\/\/www.fabioferro.eu\/de\/wp-json\/wp\/v2\/types\/product"}],"replies":[{"embeddable":true,"href":"https:\/\/www.fabioferro.eu\/de\/wp-json\/wp\/v2\/comments?post=141364"}],"version-history":[{"count":0,"href":"https:\/\/www.fabioferro.eu\/de\/wp-json\/wp\/v2\/product\/141364\/revisions"}],"wp:featuredmedia":[{"embeddable":true,"href":"https:\/\/www.fabioferro.eu\/de\/wp-json\/wp\/v2\/media\/136874"}],"wp:attachment":[{"href":"https:\/\/www.fabioferro.eu\/de\/wp-json\/wp\/v2\/media?parent=141364"}],"wp:term":[{"taxonomy":"product_brand","embeddable":true,"href":"https:\/\/www.fabioferro.eu\/de\/wp-json\/wp\/v2\/product_brand?post=141364"},{"taxonomy":"product_cat","embeddable":true,"href":"https:\/\/www.fabioferro.eu\/de\/wp-json\/wp\/v2\/product_cat?post=141364"},{"taxonomy":"product_tag","embeddable":true,"href":"https:\/\/www.fabioferro.eu\/de\/wp-json\/wp\/v2\/product_tag?post=141364"}],"curies":[{"name":"wp","href":"https:\/\/api.w.org\/{rel}","templated":true}]}}