{"id":141366,"date":"2024-06-04T17:22:01","date_gmt":"2024-06-04T15:22:01","guid":{"rendered":"https:\/\/www.fabioferro.eu\/fabio-ferro-natuerliche-mehrfarbige-ovale-suesswasserperlenkette-95-115-mm.html"},"modified":"2024-09-18T17:26:18","modified_gmt":"2024-09-18T15:26:18","slug":"fabio-ferro-natuerliche-mehrfarbige-ovale-suesswasserperlenkette-95-115-mm","status":"publish","type":"product","link":"https:\/\/www.fabioferro.eu\/de\/fabio-ferro-natuerliche-mehrfarbige-ovale-suesswasserperlenkette-95-115-mm.html","title":{"rendered":"Fabio Ferro Nat\u00fcrliche mehrfarbige ovale S\u00fc\u00dfwasserperlenkette 9,5\/11,5 mm"},"content":{"rendered":"<p>Halskette aus nat\u00fcrlichen S\u00fc\u00dfwasser-Zuchtperlen, die an ihrer charakteristischen Farbe zu erkennen sind. Die Perlen messen zwischen 9,5 und 11,5 mm im Durchmesser. Das Ganze ist von Hand mit einem Knoten\/einer Perle aufgef\u00e4delt, so dass es stabiler und bequemer ist. Die L\u00e4nge betr\u00e4gt standardm\u00e4\u00dfig 42 cm, einschlie\u00dflich der Schlie\u00dfe. Elegante Schlie\u00dfe aus ros\u00e9vergoldetem Silber, hergestellt in Italien. Sehr elegant und leicht zu tragen. Die F\u00e4rbung der Perlen kann leicht vom Foto abweichen, da sie nat\u00fcrlich sind und unter Sonnenlicht variieren. Begleitet von einer eleganten Geschenkbox und einer von Fabio Ferro I Gioielli unterzeichneten Qualit\u00e4tsgarantie.<\/p>\n","protected":false},"excerpt":{"rendered":"<p>Elegante Naturperlen, die sich durch eine Vielzahl verschiedener Schattierungen und Farben auszeichnen, die Sie bei jedem Anblick in Verz\u00fcckung versetzen werden.<\/p>\n","protected":false},"featured_media":136946,"comment_status":"open","ping_status":"closed","template":"","meta":[],"product_brand":[152],"product_cat":[6301],"product_tag":[],"class_list":{"0":"post-141366","1":"product","2":"type-product","3":"status-publish","4":"has-post-thumbnail","6":"product_brand-fabio-ferro-i-gioielli","7":"product_cat-perlenketten","9":"first","10":"instock","11":"sale","12":"taxable","13":"shipping-taxable","14":"purchasable","15":"product-type-simple"},"exclude_global_add_ons":[],"addons":[],"df_price":304,"df_sale_price":304,"df_regular_price":380,"df_image_link":"https:\/\/cdn02.fabioferro.eu\/wp-content\/uploads\/collana-di-perle-acqua-dolce-fabio-ferro-argento-placcato-ff1326.jpg","_links":{"self":[{"href":"https:\/\/www.fabioferro.eu\/de\/wp-json\/wp\/v2\/product\/141366","targetHints":{"allow":["GET"]}}],"collection":[{"href":"https:\/\/www.fabioferro.eu\/de\/wp-json\/wp\/v2\/product"}],"about":[{"href":"https:\/\/www.fabioferro.eu\/de\/wp-json\/wp\/v2\/types\/product"}],"replies":[{"embeddable":true,"href":"https:\/\/www.fabioferro.eu\/de\/wp-json\/wp\/v2\/comments?post=141366"}],"version-history":[{"count":0,"href":"https:\/\/www.fabioferro.eu\/de\/wp-json\/wp\/v2\/product\/141366\/revisions"}],"wp:featuredmedia":[{"embeddable":true,"href":"https:\/\/www.fabioferro.eu\/de\/wp-json\/wp\/v2\/media\/136946"}],"wp:attachment":[{"href":"https:\/\/www.fabioferro.eu\/de\/wp-json\/wp\/v2\/media?parent=141366"}],"wp:term":[{"taxonomy":"product_brand","embeddable":true,"href":"https:\/\/www.fabioferro.eu\/de\/wp-json\/wp\/v2\/product_brand?post=141366"},{"taxonomy":"product_cat","embeddable":true,"href":"https:\/\/www.fabioferro.eu\/de\/wp-json\/wp\/v2\/product_cat?post=141366"},{"taxonomy":"product_tag","embeddable":true,"href":"https:\/\/www.fabioferro.eu\/de\/wp-json\/wp\/v2\/product_tag?post=141366"}],"curies":[{"name":"wp","href":"https:\/\/api.w.org\/{rel}","templated":true}]}}