{"id":141372,"date":"2024-06-04T17:14:34","date_gmt":"2024-06-04T15:14:34","guid":{"rendered":"https:\/\/www.fabioferro.eu\/8-85-mm-suesswasserperlen-mehrfarbig-natur-fabio-ferro-perlen-halskette.html"},"modified":"2024-06-04T17:14:34","modified_gmt":"2024-06-04T15:14:34","slug":"8-85-mm-suesswasserperlen-mehrfarbig-natur-fabio-ferro-perlen-halskette","status":"publish","type":"product","link":"https:\/\/www.fabioferro.eu\/de\/8-85-mm-suesswasserperlen-mehrfarbig-natur-fabio-ferro-perlen-halskette.html","title":{"rendered":"8\/8,5 mm S\u00fc\u00dfwasserperlen Mehrfarbig Natur Fabio Ferro Perlen Halskette"},"content":{"rendered":"<p>Halskette aus nat\u00fcrlichen S\u00fc\u00dfwasser-Zuchtperlen, die an ihrer charakteristischen Farbe zu erkennen sind.<\/p>\n<p>Der Durchmesser der Perlen reicht von 8 bis 8,5 mm.<\/p>\n<p>Alles wird von Hand mit Knoten\/Perlen gebunden, so dass es solider und bequemer ist.<\/p>\n<p>Die L\u00e4nge betr\u00e4gt standardm\u00e4\u00dfig 42 cm, einschlie\u00dflich der Schlie\u00dfe.<\/p>\n<p>Elegante Schlie\u00dfe aus ros\u00e9vergoldetem Silber, hergestellt in Italien.<\/p>\n<p>Die F\u00e4rbung der Perlen kann leicht vom Foto abweichen, da sie nat\u00fcrlich sind und unter Sonnenlicht variieren.<\/p>\n<p>Begleitet von einer eleganten Geschenkbox und einer von Fabio Ferro I Gioielli unterzeichneten Qualit\u00e4tsgarantie.<\/p>\n","protected":false},"excerpt":{"rendered":"<p>Elegante Naturperlen, die sich durch eine Vielzahl verschiedener Schattierungen und Farben auszeichnen, die Sie bei jedem Anblick in Verz\u00fcckung versetzen werden.<\/p>\n","protected":false},"featured_media":136841,"comment_status":"open","ping_status":"closed","template":"","meta":[],"product_brand":[152],"product_cat":[6301],"product_tag":[],"class_list":{"0":"post-141372","1":"product","2":"type-product","3":"status-publish","4":"has-post-thumbnail","6":"product_brand-fabio-ferro-i-gioielli","7":"product_cat-perlenketten","9":"first","10":"outofstock","11":"sale","12":"taxable","13":"shipping-taxable","14":"purchasable","15":"product-type-simple"},"exclude_global_add_ons":[],"addons":[],"df_price":696,"df_sale_price":696,"df_regular_price":870,"df_image_link":"https:\/\/cdn02.fabioferro.eu\/wp-content\/uploads\/collana-di-perle-acqua-dolce-argento-fabio-ferro-i-gioielli-ff1308.jpg","_links":{"self":[{"href":"https:\/\/www.fabioferro.eu\/de\/wp-json\/wp\/v2\/product\/141372","targetHints":{"allow":["GET"]}}],"collection":[{"href":"https:\/\/www.fabioferro.eu\/de\/wp-json\/wp\/v2\/product"}],"about":[{"href":"https:\/\/www.fabioferro.eu\/de\/wp-json\/wp\/v2\/types\/product"}],"replies":[{"embeddable":true,"href":"https:\/\/www.fabioferro.eu\/de\/wp-json\/wp\/v2\/comments?post=141372"}],"version-history":[{"count":0,"href":"https:\/\/www.fabioferro.eu\/de\/wp-json\/wp\/v2\/product\/141372\/revisions"}],"wp:featuredmedia":[{"embeddable":true,"href":"https:\/\/www.fabioferro.eu\/de\/wp-json\/wp\/v2\/media\/136841"}],"wp:attachment":[{"href":"https:\/\/www.fabioferro.eu\/de\/wp-json\/wp\/v2\/media?parent=141372"}],"wp:term":[{"taxonomy":"product_brand","embeddable":true,"href":"https:\/\/www.fabioferro.eu\/de\/wp-json\/wp\/v2\/product_brand?post=141372"},{"taxonomy":"product_cat","embeddable":true,"href":"https:\/\/www.fabioferro.eu\/de\/wp-json\/wp\/v2\/product_cat?post=141372"},{"taxonomy":"product_tag","embeddable":true,"href":"https:\/\/www.fabioferro.eu\/de\/wp-json\/wp\/v2\/product_tag?post=141372"}],"curies":[{"name":"wp","href":"https:\/\/api.w.org\/{rel}","templated":true}]}}