{"id":141394,"date":"2024-06-04T16:32:21","date_gmt":"2024-06-04T14:32:21","guid":{"rendered":"https:\/\/www.fabioferro.eu\/fope-aria-collection-rosegold-halskette-mit-diamant-anhaenger.html"},"modified":"2026-01-09T16:28:26","modified_gmt":"2026-01-09T15:28:26","slug":"fope-aria-collection-rosegold-halskette-mit-diamant-anhaenger","status":"publish","type":"product","link":"https:\/\/www.fabioferro.eu\/de\/fope-aria-collection-rosegold-halskette-mit-diamant-anhaenger.html","title":{"rendered":"Fope Aria Collection Ros\u00e9gold Halskette mit Diamant-Anh\u00e4nger"},"content":{"rendered":"<p>Elegantes und raffiniertes Kropfband aus 18 Karat Ros\u00e9gold.<\/p>\n<p>Schlicht und praktisch, wird es den Hals der Tr\u00e4gerin betonen, indem es dank des Diamanten in der Mitte des Fasses leuchtet. Der Stein hat einen Brillantschliff von insgesamt 0,01 Karat und zeichnet sich durch eine Farbe von G und einen Reinheitsgrad von VS1 aus. <\/p>\n<p>Das wundersch\u00f6ne, von erfahrenen Handwerkern aus Venetien sorgf\u00e4ltig gefertigte Strickst\u00fcck hat einen Durchmesser von 1,5 mm und eine Gesamtl\u00e4nge von 41 cm. Es passt perfekt um jeden Hals, da es vollst\u00e4ndig verstellbar ist.<\/p>\n<p>Der Verschluss ist mit einem &#8216;Rotor&#8217;-Karabinerhaken ausgestattet, der verhindert, dass sich die Halskette verdreht, w\u00e4hrend sie an ihrem Platz bleibt.<\/p>\n<p>Halskette handgefertigt von Handwerkern aus Vicenza. Qualit\u00e4t Made in Italy. <\/p>\n<p>Mit einem eleganten Etui und internationaler Fope-Garantie.<\/p>\n<p><img decoding=\"async\" class=\"alignnone size-full wp-image-204889\" src=\"http:\/\/cdn02.fabioferro.eu\/wp-content\/uploads\/misure-collane-fope-internazionale.jpg\" alt=\"\" width=\"1500\" height=\"1875\" title=\"\" srcset=\"https:\/\/cdn02.fabioferro.eu\/wp-content\/uploads\/misure-collane-fope-internazionale.jpg 1500w, https:\/\/cdn02.fabioferro.eu\/wp-content\/uploads\/misure-collane-fope-internazionale-768x960.jpg 768w, https:\/\/cdn02.fabioferro.eu\/wp-content\/uploads\/misure-collane-fope-internazionale-1229x1536.jpg 1229w, https:\/\/cdn02.fabioferro.eu\/wp-content\/uploads\/misure-collane-fope-internazionale-990x1238.jpg 990w, https:\/\/cdn02.fabioferro.eu\/wp-content\/uploads\/misure-collane-fope-internazionale-441x551.jpg 441w, https:\/\/cdn02.fabioferro.eu\/wp-content\/uploads\/misure-collane-fope-internazionale-600x750.jpg 600w, https:\/\/cdn02.fabioferro.eu\/wp-content\/uploads\/misure-collane-fope-internazionale-150x188.jpg 150w\" sizes=\"(max-width: 1500px) 100vw, 1500px\" \/><\/p>\n","protected":false},"excerpt":{"rendered":"<p>Dieses Collier ist das Ergebnis der akribischen Arbeit der venezianischen Kunsthandwerker von Fope. Ein bis ins kleinste Detail handgefertigtes Juwel. <\/p>\n","protected":false},"featured_media":169560,"comment_status":"open","ping_status":"closed","template":"","meta":[],"product_brand":[154],"product_cat":[6203],"product_tag":[],"class_list":{"0":"post-141394","1":"product","2":"type-product","3":"status-publish","4":"has-post-thumbnail","6":"product_brand-fope","7":"product_cat-fope-halsketten","9":"first","10":"instock","11":"taxable","12":"shipping-taxable","13":"purchasable","14":"product-type-variable","15":"has-default-attributes"},"exclude_global_add_ons":[],"addons":[],"df_price":3280,"df_sale_price":"","df_regular_price":3280,"df_image_link":"https:\/\/cdn02.fabioferro.eu\/wp-content\/uploads\/collana-fope-collezione-aria-in-oro-rosa-con-diamante-891fr-bbr-r.jpg","_links":{"self":[{"href":"https:\/\/www.fabioferro.eu\/de\/wp-json\/wp\/v2\/product\/141394","targetHints":{"allow":["GET"]}}],"collection":[{"href":"https:\/\/www.fabioferro.eu\/de\/wp-json\/wp\/v2\/product"}],"about":[{"href":"https:\/\/www.fabioferro.eu\/de\/wp-json\/wp\/v2\/types\/product"}],"replies":[{"embeddable":true,"href":"https:\/\/www.fabioferro.eu\/de\/wp-json\/wp\/v2\/comments?post=141394"}],"version-history":[{"count":1,"href":"https:\/\/www.fabioferro.eu\/de\/wp-json\/wp\/v2\/product\/141394\/revisions"}],"predecessor-version":[{"id":206685,"href":"https:\/\/www.fabioferro.eu\/de\/wp-json\/wp\/v2\/product\/141394\/revisions\/206685"}],"wp:featuredmedia":[{"embeddable":true,"href":"https:\/\/www.fabioferro.eu\/de\/wp-json\/wp\/v2\/media\/169560"}],"wp:attachment":[{"href":"https:\/\/www.fabioferro.eu\/de\/wp-json\/wp\/v2\/media?parent=141394"}],"wp:term":[{"taxonomy":"product_brand","embeddable":true,"href":"https:\/\/www.fabioferro.eu\/de\/wp-json\/wp\/v2\/product_brand?post=141394"},{"taxonomy":"product_cat","embeddable":true,"href":"https:\/\/www.fabioferro.eu\/de\/wp-json\/wp\/v2\/product_cat?post=141394"},{"taxonomy":"product_tag","embeddable":true,"href":"https:\/\/www.fabioferro.eu\/de\/wp-json\/wp\/v2\/product_tag?post=141394"}],"curies":[{"name":"wp","href":"https:\/\/api.w.org\/{rel}","templated":true}]}}