{"id":141443,"date":"2024-06-05T08:18:50","date_gmt":"2024-06-05T06:18:50","guid":{"rendered":"https:\/\/www.fabioferro.eu\/.html?post_type=product&#038;p=141443"},"modified":"2025-05-16T16:36:46","modified_gmt":"2025-05-16T14:36:46","slug":"weisse-fabio-ferro-suesswasserperlen-halskette-7-75-mm","status":"publish","type":"product","link":"https:\/\/www.fabioferro.eu\/de\/weisse-fabio-ferro-suesswasserperlen-halskette-7-75-mm.html","title":{"rendered":"Wei\u00dfe Fabio Ferro S\u00fc\u00dfwasserperlen Halskette 7\/7,5 mm"},"content":{"rendered":"<p>Halskette aus nat\u00fcrlichen S\u00fc\u00dfwasser-Zuchtperlen, wei\u00df und kugelf\u00f6rmig<\/p>\n<p>Der Durchmesser der Perlen reicht von 7 bis 7,5 mm.<\/p>\n<p>Alles wird von Hand mit Knoten\/Perlen gebunden, so dass es solider und bequemer ist.<\/p>\n<p>Die L\u00e4nge betr\u00e4gt standardm\u00e4\u00dfig 42 cm, einschlie\u00dflich der Schlie\u00dfe.<\/p>\n<p>Elegante Silberschlie\u00dfe mit l\u00e4nglichem Karabinerverschluss, hergestellt in Italien. Sehr elegant und leicht zu tragen.<\/p>\n<p>Die F\u00e4rbung der Perlen kann leicht vom Foto abweichen, da sie nat\u00fcrlich sind und unter Sonnenlicht variieren.<\/p>\n<p>Begleitet von einer eleganten Geschenkbox und einer von Fabio Ferro I Gioielli unterzeichneten Qualit\u00e4tsgarantie.<\/p>\n","protected":false},"excerpt":{"rendered":"<p>Eine praktische, bequeme Halskette, die f\u00fcr jede Gelegenheit geeignet ist. Entdecken Sie es!<\/p>\n","protected":false},"featured_media":136910,"comment_status":"open","ping_status":"closed","template":"","meta":[],"product_brand":[152],"product_cat":[6301],"product_tag":[7442],"class_list":{"0":"post-141443","1":"product","2":"type-product","3":"status-publish","4":"has-post-thumbnail","6":"product_brand-fabio-ferro-i-gioielli","7":"product_cat-perlenketten","8":"product_tag-verfugbar","10":"first","11":"outofstock","12":"sale","13":"taxable","14":"shipping-taxable","15":"purchasable","16":"product-type-simple"},"exclude_global_add_ons":[],"addons":[],"df_price":392,"df_sale_price":392,"df_regular_price":490,"df_image_link":"https:\/\/cdn02.fabioferro.eu\/wp-content\/uploads\/collana-di-perle-acqua-dolce-in-argento-fabio-ferro-ff1321.jpg","_links":{"self":[{"href":"https:\/\/www.fabioferro.eu\/de\/wp-json\/wp\/v2\/product\/141443","targetHints":{"allow":["GET"]}}],"collection":[{"href":"https:\/\/www.fabioferro.eu\/de\/wp-json\/wp\/v2\/product"}],"about":[{"href":"https:\/\/www.fabioferro.eu\/de\/wp-json\/wp\/v2\/types\/product"}],"replies":[{"embeddable":true,"href":"https:\/\/www.fabioferro.eu\/de\/wp-json\/wp\/v2\/comments?post=141443"}],"version-history":[{"count":0,"href":"https:\/\/www.fabioferro.eu\/de\/wp-json\/wp\/v2\/product\/141443\/revisions"}],"wp:featuredmedia":[{"embeddable":true,"href":"https:\/\/www.fabioferro.eu\/de\/wp-json\/wp\/v2\/media\/136910"}],"wp:attachment":[{"href":"https:\/\/www.fabioferro.eu\/de\/wp-json\/wp\/v2\/media?parent=141443"}],"wp:term":[{"taxonomy":"product_brand","embeddable":true,"href":"https:\/\/www.fabioferro.eu\/de\/wp-json\/wp\/v2\/product_brand?post=141443"},{"taxonomy":"product_cat","embeddable":true,"href":"https:\/\/www.fabioferro.eu\/de\/wp-json\/wp\/v2\/product_cat?post=141443"},{"taxonomy":"product_tag","embeddable":true,"href":"https:\/\/www.fabioferro.eu\/de\/wp-json\/wp\/v2\/product_tag?post=141443"}],"curies":[{"name":"wp","href":"https:\/\/api.w.org\/{rel}","templated":true}]}}