{"id":141529,"date":"2024-06-05T10:32:50","date_gmt":"2024-06-05T08:32:50","guid":{"rendered":"https:\/\/www.fabioferro.eu\/fabio-ferro-tansanit-oval-weissgold-halskette-mit-diamanten.html"},"modified":"2025-06-26T16:24:07","modified_gmt":"2025-06-26T14:24:07","slug":"fabio-ferro-tansanit-oval-weissgold-halskette-mit-diamanten","status":"publish","type":"product","link":"https:\/\/www.fabioferro.eu\/de\/fabio-ferro-tansanit-oval-weissgold-halskette-mit-diamanten.html","title":{"rendered":"Halskette Fabio Ferro Ovaler Tansanit in Wei\u00dfgold mit Diamanten"},"content":{"rendered":"<p>Halskette aus 18 Karat Wei\u00dfgold mit nat\u00fcrlichen Diamanten im Brillantschliff und Tansaniten, die in unserer Goldschmiedewerkstatt gefertigt wurden.<\/p>\n<p>Der zentrale Edelstein hat ein Gewicht von 1,01 Karat, ovaler Schliff, Gr\u00f6\u00dfe 7 x 5 mm.<\/p>\n<p>Die L\u00e4nge der Halskette ist auf 40 und 42 cm einstellbar.<\/p>\n<p>Die im Brillantschliff gefassten Diamanten von insgesamt 0,23 Karat haben eine Farbe von F und eine Reinheit von VS1.<\/p>\n<p>Ein nicht unbedeutendes Merkmal ist die Diamantfassung, die sich auch auf dem Gegenring befindet, in den die Halskette gleitet.<\/p>\n<p>Das Gesamtgewicht der Halskette betr\u00e4gt 3,72 g.<\/p>\n<p>Das gesamte Schmuckst\u00fcck wurde in Italien entworfen und hergestellt.<\/p>\n<p>Begleitet von einer eleganten Geschenkbox und der Qualit\u00e4tsgarantie signiert Fabio Ferro Schmuck.<\/p>\n<p><img decoding=\"async\" class=\"alignnone size-full wp-image-68675\" src=\"https:\/\/cdn02.fabioferro.eu\/wp-content\/uploads\/IGI-4cs-chart-IT-scaled.jpg\" alt=\"\" width=\"1864\" height=\"2560\" title=\"\" srcset=\"https:\/\/cdn02.fabioferro.eu\/wp-content\/uploads\/IGI-4cs-chart-IT-scaled.jpg 1864w, https:\/\/cdn02.fabioferro.eu\/wp-content\/uploads\/IGI-4cs-chart-IT-768x1055.jpg 768w, https:\/\/cdn02.fabioferro.eu\/wp-content\/uploads\/IGI-4cs-chart-IT-1119x1536.jpg 1119w, https:\/\/cdn02.fabioferro.eu\/wp-content\/uploads\/IGI-4cs-chart-IT-1491x2048.jpg 1491w, https:\/\/cdn02.fabioferro.eu\/wp-content\/uploads\/IGI-4cs-chart-IT-990x1359.jpg 990w, https:\/\/cdn02.fabioferro.eu\/wp-content\/uploads\/IGI-4cs-chart-IT-441x606.jpg 441w, https:\/\/cdn02.fabioferro.eu\/wp-content\/uploads\/IGI-4cs-chart-IT-600x824.jpg 600w, https:\/\/cdn02.fabioferro.eu\/wp-content\/uploads\/IGI-4cs-chart-IT-150x206.jpg 150w\" sizes=\"(max-width: 1864px) 100vw, 1864px\" \/><\/p>\n","protected":false},"excerpt":{"rendered":"<p>Ein f\u00fcrstliches Juwel, das die wahrhaftigste und reinste Sch\u00f6nheit der Natur verk\u00f6rpert: Edelsteine.<\/p>\n","protected":false},"featured_media":136859,"comment_status":"open","ping_status":"closed","template":"","meta":[],"product_brand":[152],"product_cat":[6015],"product_tag":[7442],"class_list":{"0":"post-141529","1":"product","2":"type-product","3":"status-publish","4":"has-post-thumbnail","6":"product_brand-fabio-ferro-i-gioielli","7":"product_cat-halsketten","8":"product_tag-verfugbar","10":"first","11":"instock","12":"sale","13":"taxable","14":"shipping-taxable","15":"purchasable","16":"product-type-simple"},"exclude_global_add_ons":[],"addons":[],"df_price":2050,"df_sale_price":2050,"df_regular_price":2560,"df_image_link":"https:\/\/cdn02.fabioferro.eu\/wp-content\/uploads\/collana-fabio-ferro-in-oro-bianco-con-tanzanite-ciondolo-ff1314.jpg","_links":{"self":[{"href":"https:\/\/www.fabioferro.eu\/de\/wp-json\/wp\/v2\/product\/141529","targetHints":{"allow":["GET"]}}],"collection":[{"href":"https:\/\/www.fabioferro.eu\/de\/wp-json\/wp\/v2\/product"}],"about":[{"href":"https:\/\/www.fabioferro.eu\/de\/wp-json\/wp\/v2\/types\/product"}],"replies":[{"embeddable":true,"href":"https:\/\/www.fabioferro.eu\/de\/wp-json\/wp\/v2\/comments?post=141529"}],"version-history":[{"count":1,"href":"https:\/\/www.fabioferro.eu\/de\/wp-json\/wp\/v2\/product\/141529\/revisions"}],"predecessor-version":[{"id":186879,"href":"https:\/\/www.fabioferro.eu\/de\/wp-json\/wp\/v2\/product\/141529\/revisions\/186879"}],"wp:featuredmedia":[{"embeddable":true,"href":"https:\/\/www.fabioferro.eu\/de\/wp-json\/wp\/v2\/media\/136859"}],"wp:attachment":[{"href":"https:\/\/www.fabioferro.eu\/de\/wp-json\/wp\/v2\/media?parent=141529"}],"wp:term":[{"taxonomy":"product_brand","embeddable":true,"href":"https:\/\/www.fabioferro.eu\/de\/wp-json\/wp\/v2\/product_brand?post=141529"},{"taxonomy":"product_cat","embeddable":true,"href":"https:\/\/www.fabioferro.eu\/de\/wp-json\/wp\/v2\/product_cat?post=141529"},{"taxonomy":"product_tag","embeddable":true,"href":"https:\/\/www.fabioferro.eu\/de\/wp-json\/wp\/v2\/product_tag?post=141529"}],"curies":[{"name":"wp","href":"https:\/\/api.w.org\/{rel}","templated":true}]}}