{"id":141531,"date":"2024-06-05T10:31:50","date_gmt":"2024-06-05T08:31:50","guid":{"rendered":"https:\/\/www.fabioferro.eu\/fabio-ferro-ovaler-tansanit-ring-aus-weissgold-mit-diamanten.html"},"modified":"2024-10-30T09:36:31","modified_gmt":"2024-10-30T08:36:31","slug":"fabio-ferro-ovaler-tansanit-ring-aus-weissgold-mit-diamanten","status":"publish","type":"product","link":"https:\/\/www.fabioferro.eu\/de\/fabio-ferro-ovaler-tansanit-ring-aus-weissgold-mit-diamanten.html","title":{"rendered":"Fabio Ferro Ovaler Tansanit Ring aus Wei\u00dfgold mit Diamanten"},"content":{"rendered":"<p>Ring aus 18 Karat Wei\u00dfgold mit nat\u00fcrlichen Diamanten im Brillantschliff und Tansanit, der in unserer Goldschmiedewerkstatt gefertigt wurde.<\/p>\n<p>Der zentrale Edelstein hat ein Gewicht von 1,34 Karat, ovaler Schliff.<\/p>\n<p>Die im Brillantschliff gefassten Diamanten von insgesamt 0,47 Karat haben eine Farbe von F und eine Reinheit von VS1.<\/p>\n<p>Das Gesamtgewicht des Rings betr\u00e4gt 3,76 g.<\/p>\n<p>Das gesamte Schmuckst\u00fcck wird in Italien von erfahrenen Handwerkern entworfen und hergestellt.<\/p>\n<p>Auf der Innenseite des Rahmens sind jeweils zwei Karat Diamanten und Tansanite sowie das Logo unserer Produktion eingraviert.<\/p>\n<p>Begleitet von einer eleganten Geschenkbox und einer von Fabio Ferro I Gioielli unterzeichneten Qualit\u00e4tsgarantie.<\/p>\n<p><img decoding=\"async\" class=\"alignnone size-full wp-image-68675\" src=\"https:\/\/cdn02.fabioferro.eu\/wp-content\/uploads\/IGI-4cs-chart-IT-scaled.jpg\" alt=\"\" width=\"1864\" height=\"2560\" title=\"\" srcset=\"https:\/\/cdn02.fabioferro.eu\/wp-content\/uploads\/IGI-4cs-chart-IT-scaled.jpg 1864w, https:\/\/cdn02.fabioferro.eu\/wp-content\/uploads\/IGI-4cs-chart-IT-768x1055.jpg 768w, https:\/\/cdn02.fabioferro.eu\/wp-content\/uploads\/IGI-4cs-chart-IT-1119x1536.jpg 1119w, https:\/\/cdn02.fabioferro.eu\/wp-content\/uploads\/IGI-4cs-chart-IT-1491x2048.jpg 1491w, https:\/\/cdn02.fabioferro.eu\/wp-content\/uploads\/IGI-4cs-chart-IT-990x1359.jpg 990w, https:\/\/cdn02.fabioferro.eu\/wp-content\/uploads\/IGI-4cs-chart-IT-441x606.jpg 441w, https:\/\/cdn02.fabioferro.eu\/wp-content\/uploads\/IGI-4cs-chart-IT-600x824.jpg 600w, https:\/\/cdn02.fabioferro.eu\/wp-content\/uploads\/IGI-4cs-chart-IT-150x206.jpg 150w\" sizes=\"(max-width: 1864px) 100vw, 1864px\" \/><\/p>\n","protected":false},"excerpt":{"rendered":"<p>Ein f\u00fcrstliches Juwel, das die wahrhaftigste und reinste Sch\u00f6nheit der Natur verk\u00f6rpert: Edelsteine.<\/p>\n","protected":false},"featured_media":136865,"comment_status":"open","ping_status":"closed","template":"","meta":[],"product_brand":[152],"product_cat":[5934],"product_tag":[],"class_list":{"0":"post-141531","1":"product","2":"type-product","3":"status-publish","4":"has-post-thumbnail","6":"product_brand-fabio-ferro-i-gioielli","7":"product_cat-ringe","9":"first","10":"instock","11":"sale","12":"taxable","13":"shipping-taxable","14":"purchasable","15":"product-type-variable","16":"has-default-attributes"},"exclude_global_add_ons":[],"addons":[],"df_price":2496,"df_sale_price":"","df_regular_price":2496,"df_image_link":"https:\/\/cdn02.fabioferro.eu\/wp-content\/uploads\/anello-tanzanite-fabio-ferro-i-gioielli-in-oro-bianco-ff1315.jpg","_links":{"self":[{"href":"https:\/\/www.fabioferro.eu\/de\/wp-json\/wp\/v2\/product\/141531","targetHints":{"allow":["GET"]}}],"collection":[{"href":"https:\/\/www.fabioferro.eu\/de\/wp-json\/wp\/v2\/product"}],"about":[{"href":"https:\/\/www.fabioferro.eu\/de\/wp-json\/wp\/v2\/types\/product"}],"replies":[{"embeddable":true,"href":"https:\/\/www.fabioferro.eu\/de\/wp-json\/wp\/v2\/comments?post=141531"}],"version-history":[{"count":0,"href":"https:\/\/www.fabioferro.eu\/de\/wp-json\/wp\/v2\/product\/141531\/revisions"}],"wp:featuredmedia":[{"embeddable":true,"href":"https:\/\/www.fabioferro.eu\/de\/wp-json\/wp\/v2\/media\/136865"}],"wp:attachment":[{"href":"https:\/\/www.fabioferro.eu\/de\/wp-json\/wp\/v2\/media?parent=141531"}],"wp:term":[{"taxonomy":"product_brand","embeddable":true,"href":"https:\/\/www.fabioferro.eu\/de\/wp-json\/wp\/v2\/product_brand?post=141531"},{"taxonomy":"product_cat","embeddable":true,"href":"https:\/\/www.fabioferro.eu\/de\/wp-json\/wp\/v2\/product_cat?post=141531"},{"taxonomy":"product_tag","embeddable":true,"href":"https:\/\/www.fabioferro.eu\/de\/wp-json\/wp\/v2\/product_tag?post=141531"}],"curies":[{"name":"wp","href":"https:\/\/api.w.org\/{rel}","templated":true}]}}