{"id":142001,"date":"2024-06-13T09:10:06","date_gmt":"2024-06-13T07:10:06","guid":{"rendered":"https:\/\/www.fabioferro.eu\/.html?post_type=product&#038;p=142001"},"modified":"2026-01-09T16:28:25","modified_gmt":"2026-01-09T15:28:25","slug":"fope-aria-collection-rosegold-halskette-mit-diamant-anhanger-copia-2","status":"publish","type":"product","link":"https:\/\/www.fabioferro.eu\/de\/fope-aria-collection-rosegold-halskette-mit-diamant-anhanger-copia-2.html","title":{"rendered":"Fope Solo Collection Halskette aus Gelbgold mit Diamantfass"},"content":{"rendered":"<p>Elegantes Collier von Fope, handgefertigt aus 18 Karat Gelbgold mit leuchtenden Pav\u00e9-Diamanten.<\/p>\n<p>Die charakteristische Strickware, die die Solo-Kollektion auszeichnet, ist in verschiedenen L\u00e4ngen erh\u00e4ltlich, um allen Bed\u00fcrfnissen gerecht zu werden.<span class=\"Apple-converted-space\"> <\/span><\/p>\n<p>In der Mitte befindet sich ein mit Diamanten im Brillantschliff besetztes Fass. Die Steine haben insgesamt 0,29 Karat und zeichnen sich durch eine Farbe von G und einen Reinheitsgrad von VS1 aus.<\/p>\n<p>Sichere und zuverl\u00e4ssige Verriegelung durch einen Karabinerhaken mit Drehkopf.<span class=\"Apple-converted-space\"> <\/span><\/p>\n<p>Halskette handgefertigt von Handwerkern aus Vicenza. Qualit\u00e4t Made in Italy. <\/p>\n<p>Mit einem eleganten Etui und internationaler Fope-Garantie.<\/p>\n<p><img decoding=\"async\" class=\"alignnone size-full wp-image-204889\" src=\"http:\/\/cdn02.fabioferro.eu\/wp-content\/uploads\/misure-collane-fope-internazionale.jpg\" alt=\"\" width=\"1500\" height=\"1875\" title=\"\" srcset=\"https:\/\/cdn02.fabioferro.eu\/wp-content\/uploads\/misure-collane-fope-internazionale.jpg 1500w, https:\/\/cdn02.fabioferro.eu\/wp-content\/uploads\/misure-collane-fope-internazionale-768x960.jpg 768w, https:\/\/cdn02.fabioferro.eu\/wp-content\/uploads\/misure-collane-fope-internazionale-1229x1536.jpg 1229w, https:\/\/cdn02.fabioferro.eu\/wp-content\/uploads\/misure-collane-fope-internazionale-990x1238.jpg 990w, https:\/\/cdn02.fabioferro.eu\/wp-content\/uploads\/misure-collane-fope-internazionale-441x551.jpg 441w, https:\/\/cdn02.fabioferro.eu\/wp-content\/uploads\/misure-collane-fope-internazionale-600x750.jpg 600w, https:\/\/cdn02.fabioferro.eu\/wp-content\/uploads\/misure-collane-fope-internazionale-150x188.jpg 150w\" sizes=\"(max-width: 1500px) 100vw, 1500px\" \/><\/p>\n","protected":false},"excerpt":{"rendered":"<p>Elegante und raffinierte Halskette, die aus der Handwerkskunst und Kreativit\u00e4t der Marke Fope hervorgeht.<\/p>\n","protected":false},"featured_media":138661,"comment_status":"open","ping_status":"closed","template":"","meta":[],"product_brand":[154],"product_cat":[6203],"product_tag":[],"class_list":{"0":"post-142001","1":"product","2":"type-product","3":"status-publish","4":"has-post-thumbnail","6":"product_brand-fope","7":"product_cat-fope-halsketten","9":"first","10":"instock","11":"taxable","12":"shipping-taxable","13":"purchasable","14":"product-type-variable","15":"has-default-attributes"},"exclude_global_add_ons":[],"addons":[],"df_price":7620,"df_sale_price":"","df_regular_price":7620,"df_image_link":"https:\/\/cdn02.fabioferro.eu\/wp-content\/uploads\/collana-fope-in-oro-giallo-con-rondella-di-diamanti-63406cx_pb_g_xbx.jpg","_links":{"self":[{"href":"https:\/\/www.fabioferro.eu\/de\/wp-json\/wp\/v2\/product\/142001","targetHints":{"allow":["GET"]}}],"collection":[{"href":"https:\/\/www.fabioferro.eu\/de\/wp-json\/wp\/v2\/product"}],"about":[{"href":"https:\/\/www.fabioferro.eu\/de\/wp-json\/wp\/v2\/types\/product"}],"replies":[{"embeddable":true,"href":"https:\/\/www.fabioferro.eu\/de\/wp-json\/wp\/v2\/comments?post=142001"}],"version-history":[{"count":1,"href":"https:\/\/www.fabioferro.eu\/de\/wp-json\/wp\/v2\/product\/142001\/revisions"}],"predecessor-version":[{"id":206684,"href":"https:\/\/www.fabioferro.eu\/de\/wp-json\/wp\/v2\/product\/142001\/revisions\/206684"}],"wp:featuredmedia":[{"embeddable":true,"href":"https:\/\/www.fabioferro.eu\/de\/wp-json\/wp\/v2\/media\/138661"}],"wp:attachment":[{"href":"https:\/\/www.fabioferro.eu\/de\/wp-json\/wp\/v2\/media?parent=142001"}],"wp:term":[{"taxonomy":"product_brand","embeddable":true,"href":"https:\/\/www.fabioferro.eu\/de\/wp-json\/wp\/v2\/product_brand?post=142001"},{"taxonomy":"product_cat","embeddable":true,"href":"https:\/\/www.fabioferro.eu\/de\/wp-json\/wp\/v2\/product_cat?post=142001"},{"taxonomy":"product_tag","embeddable":true,"href":"https:\/\/www.fabioferro.eu\/de\/wp-json\/wp\/v2\/product_tag?post=142001"}],"curies":[{"name":"wp","href":"https:\/\/api.w.org\/{rel}","templated":true}]}}