{"id":142004,"date":"2024-06-13T09:10:16","date_gmt":"2024-06-13T07:10:16","guid":{"rendered":"https:\/\/www.fabioferro.eu\/.html?post_type=product&#038;p=142004"},"modified":"2026-01-09T16:28:27","modified_gmt":"2026-01-09T15:28:27","slug":"fope-aria-collection-rosegold-halskette-mit-diamant-anhanger-copia","status":"publish","type":"product","link":"https:\/\/www.fabioferro.eu\/de\/fope-aria-collection-rosegold-halskette-mit-diamant-anhanger-copia.html","title":{"rendered":"Fope Aria Collection Halskette aus Gelbgold mit Diamant-Anh\u00e4nger"},"content":{"rendered":"<p>Pr\u00e4chtige Anh\u00e4nger-Halskette aus 18 Karat Gelbgold mit Diamant.<span class=\"Apple-converted-space\"> <\/span><\/p>\n<p>Schlichtheit und Eleganz, das sind die Hauptmerkmale der Aria-Kollektion von Fope, zu der auch dieses wunderbare Schmuckst\u00fcck geh\u00f6rt.<span class=\"Apple-converted-space\"> <\/span><\/p>\n<p>Das Glied ist fein handgefertigt und hat einen Durchmesser von 1,5 mm.<br \/>\nDer Anh\u00e4nger ist dank einer Verstellspindel auf verschiedene L\u00e4ngen einstellbar. Er ist mit dem Markenzeichen von Fope graviert und mit einem Brillanten besetzt. Der Stein mit einem Gesamtgewicht von 0,01 Karat ist mit der Farbe G und dem Reinheitsgrad VS1 gekennzeichnet. <\/p>\n<p>Der Verschluss ist mit einem &#8216;Rotor&#8217;-Karabinerhaken ausgestattet, der verhindert, dass sich die Halskette verdreht, w\u00e4hrend sie an ihrem Platz bleibt.<\/p>\n<p>Halskette handgefertigt von Handwerkern aus Vicenza. Qualit\u00e4t Made in Italy. <\/p>\n<p>Mit einem eleganten Etui und internationaler Fope-Garantie.<\/p>\n<p><img decoding=\"async\" class=\"alignnone size-full wp-image-204889\" src=\"http:\/\/cdn02.fabioferro.eu\/wp-content\/uploads\/misure-collane-fope-internazionale.jpg\" alt=\"\" width=\"1500\" height=\"1875\" title=\"\" srcset=\"https:\/\/cdn02.fabioferro.eu\/wp-content\/uploads\/misure-collane-fope-internazionale.jpg 1500w, https:\/\/cdn02.fabioferro.eu\/wp-content\/uploads\/misure-collane-fope-internazionale-768x960.jpg 768w, https:\/\/cdn02.fabioferro.eu\/wp-content\/uploads\/misure-collane-fope-internazionale-1229x1536.jpg 1229w, https:\/\/cdn02.fabioferro.eu\/wp-content\/uploads\/misure-collane-fope-internazionale-990x1238.jpg 990w, https:\/\/cdn02.fabioferro.eu\/wp-content\/uploads\/misure-collane-fope-internazionale-441x551.jpg 441w, https:\/\/cdn02.fabioferro.eu\/wp-content\/uploads\/misure-collane-fope-internazionale-600x750.jpg 600w, https:\/\/cdn02.fabioferro.eu\/wp-content\/uploads\/misure-collane-fope-internazionale-150x188.jpg 150w\" sizes=\"(max-width: 1500px) 100vw, 1500px\" \/><\/p>\n","protected":false},"excerpt":{"rendered":"<p>Schlichtheit und Eleganz, das sind die Hauptmerkmale der Aria-Kollektion von Fope, zu der auch dieses wunderbare Schmuckst\u00fcck geh\u00f6rt.<\/p>\n","protected":false},"featured_media":150271,"comment_status":"open","ping_status":"closed","template":"","meta":[],"product_brand":[154],"product_cat":[6203],"product_tag":[],"class_list":{"0":"post-142004","1":"product","2":"type-product","3":"status-publish","4":"has-post-thumbnail","6":"product_brand-fope","7":"product_cat-fope-halsketten","9":"first","10":"instock","11":"taxable","12":"shipping-taxable","13":"purchasable","14":"product-type-variable","15":"has-default-attributes"},"exclude_global_add_ons":[],"addons":[],"df_price":2640,"df_sale_price":"","df_regular_price":2640,"df_image_link":"https:\/\/cdn02.fabioferro.eu\/wp-content\/uploads\/collana-fope-collezione-aria-in-oro-bianco-89103cx_bb_g_xgx.jpg","_links":{"self":[{"href":"https:\/\/www.fabioferro.eu\/de\/wp-json\/wp\/v2\/product\/142004","targetHints":{"allow":["GET"]}}],"collection":[{"href":"https:\/\/www.fabioferro.eu\/de\/wp-json\/wp\/v2\/product"}],"about":[{"href":"https:\/\/www.fabioferro.eu\/de\/wp-json\/wp\/v2\/types\/product"}],"replies":[{"embeddable":true,"href":"https:\/\/www.fabioferro.eu\/de\/wp-json\/wp\/v2\/comments?post=142004"}],"version-history":[{"count":1,"href":"https:\/\/www.fabioferro.eu\/de\/wp-json\/wp\/v2\/product\/142004\/revisions"}],"predecessor-version":[{"id":206687,"href":"https:\/\/www.fabioferro.eu\/de\/wp-json\/wp\/v2\/product\/142004\/revisions\/206687"}],"wp:featuredmedia":[{"embeddable":true,"href":"https:\/\/www.fabioferro.eu\/de\/wp-json\/wp\/v2\/media\/150271"}],"wp:attachment":[{"href":"https:\/\/www.fabioferro.eu\/de\/wp-json\/wp\/v2\/media?parent=142004"}],"wp:term":[{"taxonomy":"product_brand","embeddable":true,"href":"https:\/\/www.fabioferro.eu\/de\/wp-json\/wp\/v2\/product_brand?post=142004"},{"taxonomy":"product_cat","embeddable":true,"href":"https:\/\/www.fabioferro.eu\/de\/wp-json\/wp\/v2\/product_cat?post=142004"},{"taxonomy":"product_tag","embeddable":true,"href":"https:\/\/www.fabioferro.eu\/de\/wp-json\/wp\/v2\/product_tag?post=142004"}],"curies":[{"name":"wp","href":"https:\/\/api.w.org\/{rel}","templated":true}]}}