{"id":142031,"date":"2024-06-13T10:05:58","date_gmt":"2024-06-13T08:05:58","guid":{"rendered":"https:\/\/www.fabioferro.eu\/.html?post_type=product&#038;p=142031"},"modified":"2026-01-09T16:28:32","modified_gmt":"2026-01-09T15:28:32","slug":"fope-aria-collection-rosegold-halskette-mit-diamant-anhanger-copia-copia","status":"publish","type":"product","link":"https:\/\/www.fabioferro.eu\/de\/fope-aria-collection-rosegold-halskette-mit-diamant-anhanger-copia-copia.html","title":{"rendered":"Fope Solo Collection Halskette aus Ros\u00e9gold mit Diamantfass"},"content":{"rendered":"<p>Halskette von unbestrittener Sch\u00f6nheit, handgefertigt von Fope Kunsthandwerkern aus 18 Karat Ros\u00e9gold und Diamanten.<span class=\"Apple-converted-space\"> <\/span><\/p>\n<p>Entlang des sorgf\u00e4ltig gearbeiteten Netzes verl\u00e4uft ein Lauf, der \u00fcber die gesamte L\u00e4nge frei ist. Er ist mit einem Pav\u00e9 aus gl\u00e4nzenden und leuchtenden Diamanten besetzt. Die Steine haben ein Gesamtkarat von 0,29 Karat und sind mit der Farbe G und dem Reinheitsgrad VS1 gekennzeichnet.<\/p>\n<p>Dank des festen und zuverl\u00e4ssigen Karabinerhakens mit Drehkopf ist der Verschluss einfach und problemlos.<\/p>\n<p>Halskette handgefertigt von Handwerkern aus Vicenza. Qualit\u00e4t Made in Italy. <\/p>\n<p>Mit einem eleganten Etui und internationaler Fope-Garantie.<\/p>\n<p><img decoding=\"async\" class=\"alignnone size-full wp-image-204889\" src=\"http:\/\/cdn02.fabioferro.eu\/wp-content\/uploads\/misure-collane-fope-internazionale.jpg\" alt=\"\" width=\"1500\" height=\"1875\" title=\"\" srcset=\"https:\/\/cdn02.fabioferro.eu\/wp-content\/uploads\/misure-collane-fope-internazionale.jpg 1500w, https:\/\/cdn02.fabioferro.eu\/wp-content\/uploads\/misure-collane-fope-internazionale-768x960.jpg 768w, https:\/\/cdn02.fabioferro.eu\/wp-content\/uploads\/misure-collane-fope-internazionale-1229x1536.jpg 1229w, https:\/\/cdn02.fabioferro.eu\/wp-content\/uploads\/misure-collane-fope-internazionale-990x1238.jpg 990w, https:\/\/cdn02.fabioferro.eu\/wp-content\/uploads\/misure-collane-fope-internazionale-441x551.jpg 441w, https:\/\/cdn02.fabioferro.eu\/wp-content\/uploads\/misure-collane-fope-internazionale-600x750.jpg 600w, https:\/\/cdn02.fabioferro.eu\/wp-content\/uploads\/misure-collane-fope-internazionale-150x188.jpg 150w\" sizes=\"(max-width: 1500px) 100vw, 1500px\" \/><\/p>\n","protected":false},"excerpt":{"rendered":"<p>Ein leuchtender, mit Brillanten besetzter Zylinder, der bei jeder Gelegenheit die Aufmerksamkeit auf sich zieht.<\/p>\n","protected":false},"featured_media":138664,"comment_status":"open","ping_status":"closed","template":"","meta":[],"product_brand":[154],"product_cat":[6203],"product_tag":[],"class_list":{"0":"post-142031","1":"product","2":"type-product","3":"status-publish","4":"has-post-thumbnail","6":"product_brand-fope","7":"product_cat-fope-halsketten","9":"first","10":"instock","11":"taxable","12":"shipping-taxable","13":"purchasable","14":"product-type-variable","15":"has-default-attributes"},"exclude_global_add_ons":[],"addons":[],"df_price":7620,"df_sale_price":"","df_regular_price":7620,"df_image_link":"https:\/\/cdn02.fabioferro.eu\/wp-content\/uploads\/collana-fope-in-oro-rosa-con-rondella-di-diamanti-63406cx_pb_r_xbx.jpg","_links":{"self":[{"href":"https:\/\/www.fabioferro.eu\/de\/wp-json\/wp\/v2\/product\/142031","targetHints":{"allow":["GET"]}}],"collection":[{"href":"https:\/\/www.fabioferro.eu\/de\/wp-json\/wp\/v2\/product"}],"about":[{"href":"https:\/\/www.fabioferro.eu\/de\/wp-json\/wp\/v2\/types\/product"}],"replies":[{"embeddable":true,"href":"https:\/\/www.fabioferro.eu\/de\/wp-json\/wp\/v2\/comments?post=142031"}],"version-history":[{"count":1,"href":"https:\/\/www.fabioferro.eu\/de\/wp-json\/wp\/v2\/product\/142031\/revisions"}],"predecessor-version":[{"id":206691,"href":"https:\/\/www.fabioferro.eu\/de\/wp-json\/wp\/v2\/product\/142031\/revisions\/206691"}],"wp:featuredmedia":[{"embeddable":true,"href":"https:\/\/www.fabioferro.eu\/de\/wp-json\/wp\/v2\/media\/138664"}],"wp:attachment":[{"href":"https:\/\/www.fabioferro.eu\/de\/wp-json\/wp\/v2\/media?parent=142031"}],"wp:term":[{"taxonomy":"product_brand","embeddable":true,"href":"https:\/\/www.fabioferro.eu\/de\/wp-json\/wp\/v2\/product_brand?post=142031"},{"taxonomy":"product_cat","embeddable":true,"href":"https:\/\/www.fabioferro.eu\/de\/wp-json\/wp\/v2\/product_cat?post=142031"},{"taxonomy":"product_tag","embeddable":true,"href":"https:\/\/www.fabioferro.eu\/de\/wp-json\/wp\/v2\/product_tag?post=142031"}],"curies":[{"name":"wp","href":"https:\/\/api.w.org\/{rel}","templated":true}]}}