{"id":142502,"date":"2024-06-18T10:17:17","date_gmt":"2024-06-18T08:17:17","guid":{"rendered":"https:\/\/www.fabioferro.eu\/madi-safari-collection-ohrringe-mit-malachit-und-weissen-zirkonen.html"},"modified":"2025-06-26T16:24:07","modified_gmt":"2025-06-26T14:24:07","slug":"madi-safari-collection-ohrringe-mit-malachit-und-weissen-zirkonen","status":"publish","type":"product","link":"https:\/\/www.fabioferro.eu\/de\/madi-safari-collection-ohrringe-mit-malachit-und-weissen-zirkonen.html","title":{"rendered":"Madi Safari Collection Ohrringe mit Malachit und wei\u00dfen Zirkonen"},"content":{"rendered":"<p>Mad\u00ec Ohrringe aus 925 ros\u00e9vergoldetem Silber.<\/p>\n<p>Mit wei\u00dfen Zirkonen und Malachit auf jedem Schmuckst\u00fcck besetzt.<\/p>\n<p>Handgefertigt in Italien, Made in Italy.<\/p>\n<p>Bequemer und schneller Klickverschluss.<\/p>\n<p>Wird mit offizieller Mad\u00ec Box, Einkaufstasche und zwei Jahren Garantie geliefert.<\/p>\n","protected":false},"excerpt":{"rendered":"<p>Elegante Ohrringe, die von zarten Gr\u00fcnt\u00f6nen gerockt werden.<\/p>\n","protected":false},"featured_media":142420,"comment_status":"open","ping_status":"closed","template":"","meta":[],"product_brand":[],"product_cat":[5921],"product_tag":[],"class_list":{"0":"post-142502","1":"product","2":"type-product","3":"status-publish","4":"has-post-thumbnail","6":"product_cat-madi-ohrringe","8":"first","9":"instock","10":"sale","11":"taxable","12":"shipping-taxable","13":"purchasable","14":"product-type-simple"},"exclude_global_add_ons":[],"addons":[],"df_price":189,"df_sale_price":189,"df_regular_price":210,"df_image_link":"https:\/\/cdn02.fabioferro.eu\/wp-content\/uploads\/orecchini-madi-collezione-safari-con-malachite-e-zirconi-bianchi.jpeg","_links":{"self":[{"href":"https:\/\/www.fabioferro.eu\/de\/wp-json\/wp\/v2\/product\/142502","targetHints":{"allow":["GET"]}}],"collection":[{"href":"https:\/\/www.fabioferro.eu\/de\/wp-json\/wp\/v2\/product"}],"about":[{"href":"https:\/\/www.fabioferro.eu\/de\/wp-json\/wp\/v2\/types\/product"}],"replies":[{"embeddable":true,"href":"https:\/\/www.fabioferro.eu\/de\/wp-json\/wp\/v2\/comments?post=142502"}],"version-history":[{"count":1,"href":"https:\/\/www.fabioferro.eu\/de\/wp-json\/wp\/v2\/product\/142502\/revisions"}],"predecessor-version":[{"id":186878,"href":"https:\/\/www.fabioferro.eu\/de\/wp-json\/wp\/v2\/product\/142502\/revisions\/186878"}],"wp:featuredmedia":[{"embeddable":true,"href":"https:\/\/www.fabioferro.eu\/de\/wp-json\/wp\/v2\/media\/142420"}],"wp:attachment":[{"href":"https:\/\/www.fabioferro.eu\/de\/wp-json\/wp\/v2\/media?parent=142502"}],"wp:term":[{"taxonomy":"product_brand","embeddable":true,"href":"https:\/\/www.fabioferro.eu\/de\/wp-json\/wp\/v2\/product_brand?post=142502"},{"taxonomy":"product_cat","embeddable":true,"href":"https:\/\/www.fabioferro.eu\/de\/wp-json\/wp\/v2\/product_cat?post=142502"},{"taxonomy":"product_tag","embeddable":true,"href":"https:\/\/www.fabioferro.eu\/de\/wp-json\/wp\/v2\/product_tag?post=142502"}],"curies":[{"name":"wp","href":"https:\/\/api.w.org\/{rel}","templated":true}]}}