{"id":142531,"date":"2024-06-18T10:17:13","date_gmt":"2024-06-18T08:17:13","guid":{"rendered":"https:\/\/www.fabioferro.eu\/madi-safari-halskette-mit-malachit-und-weissen-zirkonen.html"},"modified":"2025-06-26T16:24:12","modified_gmt":"2025-06-26T14:24:12","slug":"madi-safari-halskette-mit-malachit-und-weissen-zirkonen","status":"publish","type":"product","link":"https:\/\/www.fabioferro.eu\/de\/madi-safari-halskette-mit-malachit-und-weissen-zirkonen.html","title":{"rendered":"Madi Safari Halskette mit Malachit und wei\u00dfen Zirkonen"},"content":{"rendered":"<p>Halskette aus 925 ros\u00e9vergoldetem Silber.<\/p>\n<p>Wei\u00dfe Zirkone und Malachit auf jedem Schmuckst\u00fcck.<\/p>\n<p>Die Gesamtl\u00e4nge der Halskette betr\u00e4gt 42 cm, wobei die Anh\u00e4nger 3,5 cm abfallen.<\/p>\n<p>Handgefertigt von Kunsthandwerkern, Made in Italy.<\/p>\n<p>Schneller und sicherer Verschluss dank des Karabinerverschlusses.<\/p>\n<p>Das Schmuckst\u00fcck wird mit einer zweij\u00e4hrigen Garantie, einer Einkaufstasche und einer offiziellen Box geliefert.<\/p>\n","protected":false},"excerpt":{"rendered":"<p>Eine Halskette, die Eleganz ausstrahlt und jedem, der sie tr\u00e4gt, den Tag versch\u00f6nert.<\/p>\n","protected":false},"featured_media":142427,"comment_status":"open","ping_status":"closed","template":"","meta":[],"product_brand":[],"product_cat":[5951],"product_tag":[],"class_list":{"0":"post-142531","1":"product","2":"type-product","3":"status-publish","4":"has-post-thumbnail","6":"product_cat-madi-halsketten","8":"first","9":"instock","10":"sale","11":"taxable","12":"shipping-taxable","13":"purchasable","14":"product-type-simple"},"exclude_global_add_ons":[],"addons":[],"df_price":152.1,"df_sale_price":152.1,"df_regular_price":169,"df_image_link":"https:\/\/cdn02.fabioferro.eu\/wp-content\/uploads\/collana-madi-safari-con-malachite-e-zirconi-Bianchi.jpeg","_links":{"self":[{"href":"https:\/\/www.fabioferro.eu\/de\/wp-json\/wp\/v2\/product\/142531","targetHints":{"allow":["GET"]}}],"collection":[{"href":"https:\/\/www.fabioferro.eu\/de\/wp-json\/wp\/v2\/product"}],"about":[{"href":"https:\/\/www.fabioferro.eu\/de\/wp-json\/wp\/v2\/types\/product"}],"replies":[{"embeddable":true,"href":"https:\/\/www.fabioferro.eu\/de\/wp-json\/wp\/v2\/comments?post=142531"}],"version-history":[{"count":1,"href":"https:\/\/www.fabioferro.eu\/de\/wp-json\/wp\/v2\/product\/142531\/revisions"}],"predecessor-version":[{"id":186887,"href":"https:\/\/www.fabioferro.eu\/de\/wp-json\/wp\/v2\/product\/142531\/revisions\/186887"}],"wp:featuredmedia":[{"embeddable":true,"href":"https:\/\/www.fabioferro.eu\/de\/wp-json\/wp\/v2\/media\/142427"}],"wp:attachment":[{"href":"https:\/\/www.fabioferro.eu\/de\/wp-json\/wp\/v2\/media?parent=142531"}],"wp:term":[{"taxonomy":"product_brand","embeddable":true,"href":"https:\/\/www.fabioferro.eu\/de\/wp-json\/wp\/v2\/product_brand?post=142531"},{"taxonomy":"product_cat","embeddable":true,"href":"https:\/\/www.fabioferro.eu\/de\/wp-json\/wp\/v2\/product_cat?post=142531"},{"taxonomy":"product_tag","embeddable":true,"href":"https:\/\/www.fabioferro.eu\/de\/wp-json\/wp\/v2\/product_tag?post=142531"}],"curies":[{"name":"wp","href":"https:\/\/api.w.org\/{rel}","templated":true}]}}