{"id":143137,"date":"2024-06-19T14:26:30","date_gmt":"2024-06-19T12:26:30","guid":{"rendered":"https:\/\/www.fabioferro.eu\/.html?post_type=product&#038;p=143137"},"modified":"2026-01-09T16:28:40","modified_gmt":"2026-01-09T15:28:40","slug":"fope-souls-kollektion-flex-it-ring-in-rose-gold-mit-smaragd-copia-copia","status":"publish","type":"product","link":"https:\/\/www.fabioferro.eu\/de\/fope-souls-kollektion-flex-it-ring-in-rose-gold-mit-smaragd-copia-copia.html","title":{"rendered":"Fope Souls Collection Flex It Ring aus Gelbgold mit Saphir"},"content":{"rendered":"<p>Ein Ring von unbestreitbarer Eleganz in seiner Schlichtheit. Handgefertigt aus 18 Karat Gelbgold und mit einem Saphir verziert.<span class=\"Apple-converted-space\"> <\/span><\/p>\n<p>Die Souls-Kollektion von Fope zeichnet sich durch die Verwendung von Natursteinen in verschiedenen Farben aus, die dem Schmuck eine lebendige Note verleihen.<span class=\"Apple-converted-space\"> <\/span><\/p>\n<p>Die Verwendung von Mesh mit Flex&#8217;it-Technologie macht das Tragen dieses Rings extrem einfach und sicher. Kleine Gelbgoldfedern sind entlang der Struktur des Schmuckst\u00fccks versteckt und machen es vollkommen elastisch. Jedes St\u00fcck durchl\u00e4uft einen Belastungstest mit 12.000 Z\u00fcgen, bevor es auf den Markt kommt.<span class=\"Apple-converted-space\"> <\/span><\/p>\n<p>Der Saphir im nat\u00fcrlichen Karat-Schliff spielt die Hauptrolle in diesem pr\u00e4chtigen und raffinierten Schmuckst\u00fcck.<span class=\"Apple-converted-space\"> <\/span><\/p>\n<p>Ring handgefertigt von Kunsthandwerkern aus Vicenza. Qualit\u00e4t Made in Italy.<\/p>\n<p>Mit einem eleganten Etui und internationaler Fope-Garantie.<\/p>\n<p><img decoding=\"async\" class=\"alignnone size-full wp-image-205376\" src=\"http:\/\/cdn02.fabioferro.eu\/wp-content\/uploads\/tabella-misure-anelli-completa-1.jpg\" alt=\"\" width=\"1900\" height=\"153\" title=\"\" srcset=\"https:\/\/cdn02.fabioferro.eu\/wp-content\/uploads\/tabella-misure-anelli-completa-1.jpg 1900w, https:\/\/cdn02.fabioferro.eu\/wp-content\/uploads\/tabella-misure-anelli-completa-1-768x62.jpg 768w, https:\/\/cdn02.fabioferro.eu\/wp-content\/uploads\/tabella-misure-anelli-completa-1-1536x124.jpg 1536w, https:\/\/cdn02.fabioferro.eu\/wp-content\/uploads\/tabella-misure-anelli-completa-1-990x80.jpg 990w, https:\/\/cdn02.fabioferro.eu\/wp-content\/uploads\/tabella-misure-anelli-completa-1-441x36.jpg 441w, https:\/\/cdn02.fabioferro.eu\/wp-content\/uploads\/tabella-misure-anelli-completa-1-600x48.jpg 600w, https:\/\/cdn02.fabioferro.eu\/wp-content\/uploads\/tabella-misure-anelli-completa-1-150x12.jpg 150w\" sizes=\"(max-width: 1900px) 100vw, 1900px\" \/> <img decoding=\"async\" class=\"alignnone size-full wp-image-205373\" src=\"http:\/\/cdn02.fabioferro.eu\/wp-content\/uploads\/tabella-misure-anelli-standard-no-flexit-1.jpg\" alt=\"\" width=\"1266\" height=\"723\" title=\"\" srcset=\"https:\/\/cdn02.fabioferro.eu\/wp-content\/uploads\/tabella-misure-anelli-standard-no-flexit-1.jpg 1266w, https:\/\/cdn02.fabioferro.eu\/wp-content\/uploads\/tabella-misure-anelli-standard-no-flexit-1-768x439.jpg 768w, https:\/\/cdn02.fabioferro.eu\/wp-content\/uploads\/tabella-misure-anelli-standard-no-flexit-1-990x565.jpg 990w, https:\/\/cdn02.fabioferro.eu\/wp-content\/uploads\/tabella-misure-anelli-standard-no-flexit-1-441x252.jpg 441w, https:\/\/cdn02.fabioferro.eu\/wp-content\/uploads\/tabella-misure-anelli-standard-no-flexit-1-600x343.jpg 600w, https:\/\/cdn02.fabioferro.eu\/wp-content\/uploads\/tabella-misure-anelli-standard-no-flexit-1-150x86.jpg 150w\" sizes=\"(max-width: 1266px) 100vw, 1266px\" \/><\/p>\n","protected":false},"excerpt":{"rendered":"<p>Gelbgold und blauer Saphir verschmolzen zu einem atemberaubenden Ring, der vollst\u00e4ndig von Hand gefertigt wurde.<\/p>\n","protected":false},"featured_media":105386,"comment_status":"open","ping_status":"closed","template":"","meta":[],"product_brand":[154],"product_cat":[6139],"product_tag":[],"class_list":{"0":"post-143137","1":"product","2":"type-product","3":"status-publish","4":"has-post-thumbnail","6":"product_brand-fope","7":"product_cat-fope-ringe","9":"first","10":"instock","11":"taxable","12":"shipping-taxable","13":"purchasable","14":"product-type-variable","15":"has-default-attributes"},"exclude_global_add_ons":[],"addons":[],"df_price":1510,"df_sale_price":"","df_regular_price":1510,"df_image_link":"https:\/\/cdn02.fabioferro.eu\/wp-content\/uploads\/anello-fope-collezione-souls-in-oro-giallo-an09-zaf-g.jpg","_links":{"self":[{"href":"https:\/\/www.fabioferro.eu\/de\/wp-json\/wp\/v2\/product\/143137","targetHints":{"allow":["GET"]}}],"collection":[{"href":"https:\/\/www.fabioferro.eu\/de\/wp-json\/wp\/v2\/product"}],"about":[{"href":"https:\/\/www.fabioferro.eu\/de\/wp-json\/wp\/v2\/types\/product"}],"replies":[{"embeddable":true,"href":"https:\/\/www.fabioferro.eu\/de\/wp-json\/wp\/v2\/comments?post=143137"}],"version-history":[{"count":1,"href":"https:\/\/www.fabioferro.eu\/de\/wp-json\/wp\/v2\/product\/143137\/revisions"}],"predecessor-version":[{"id":206701,"href":"https:\/\/www.fabioferro.eu\/de\/wp-json\/wp\/v2\/product\/143137\/revisions\/206701"}],"wp:featuredmedia":[{"embeddable":true,"href":"https:\/\/www.fabioferro.eu\/de\/wp-json\/wp\/v2\/media\/105386"}],"wp:attachment":[{"href":"https:\/\/www.fabioferro.eu\/de\/wp-json\/wp\/v2\/media?parent=143137"}],"wp:term":[{"taxonomy":"product_brand","embeddable":true,"href":"https:\/\/www.fabioferro.eu\/de\/wp-json\/wp\/v2\/product_brand?post=143137"},{"taxonomy":"product_cat","embeddable":true,"href":"https:\/\/www.fabioferro.eu\/de\/wp-json\/wp\/v2\/product_cat?post=143137"},{"taxonomy":"product_tag","embeddable":true,"href":"https:\/\/www.fabioferro.eu\/de\/wp-json\/wp\/v2\/product_tag?post=143137"}],"curies":[{"name":"wp","href":"https:\/\/api.w.org\/{rel}","templated":true}]}}