{"id":143156,"date":"2024-06-19T14:34:38","date_gmt":"2024-06-19T12:34:38","guid":{"rendered":"https:\/\/www.fabioferro.eu\/.html?post_type=product&#038;p=143156"},"modified":"2026-01-09T16:28:42","modified_gmt":"2026-01-09T15:28:42","slug":"fope-souls-kollektion-flex-it-ring-in-rose-gold-mit-smaragd-copia-copia-copia","status":"publish","type":"product","link":"https:\/\/www.fabioferro.eu\/de\/fope-souls-kollektion-flex-it-ring-in-rose-gold-mit-smaragd-copia-copia-copia.html","title":{"rendered":"Fope Souls Collection Flex It Ring aus Wei\u00dfgold mit rosa Saphiren"},"content":{"rendered":"<p>Heller und eleganter Ring aus 18 Karat Wei\u00dfgold und rosa Saphir, handgefertigt von erfahrenen Handwerkern.<span class=\"Apple-converted-space\"> <\/span><\/p>\n<p>Dieses Schmuckst\u00fcck ist Teil der Souls-Kollektion von Fope.<span class=\"Apple-converted-space\"> <\/span><\/p>\n<p>Das spezielle Netz mit Flex&#8217;it-Technologie macht den K\u00f6rper des Schmuckst\u00fccks vollkommen elastisch. Viele kleine Quellen aus wei\u00dfem Gold sind in der Tat entlang der Struktur versteckt. Jedes einzelne St\u00fcck durchl\u00e4uft einen Stresstest von 12.000 Z\u00fcgen, bevor es in den Verkauf geht.<span class=\"Apple-converted-space\"> <\/span><\/p>\n<p>Schmuckst\u00fcck mit einem rosa Saphir im nat\u00fcrlichen Karat-Schliff.<span class=\"Apple-converted-space\"> <\/span><\/p>\n<p>Ring handgefertigt von Kunsthandwerkern aus Vicenza. Qualit\u00e4t Made in Italy.<\/p>\n<p>Mit einem eleganten Etui und internationaler Fope-Garantie.<\/p>\n<p><img decoding=\"async\" class=\"alignnone size-full wp-image-205376\" src=\"http:\/\/cdn02.fabioferro.eu\/wp-content\/uploads\/tabella-misure-anelli-completa-1.jpg\" alt=\"\" width=\"1900\" height=\"153\" title=\"\" srcset=\"https:\/\/cdn02.fabioferro.eu\/wp-content\/uploads\/tabella-misure-anelli-completa-1.jpg 1900w, https:\/\/cdn02.fabioferro.eu\/wp-content\/uploads\/tabella-misure-anelli-completa-1-768x62.jpg 768w, https:\/\/cdn02.fabioferro.eu\/wp-content\/uploads\/tabella-misure-anelli-completa-1-1536x124.jpg 1536w, https:\/\/cdn02.fabioferro.eu\/wp-content\/uploads\/tabella-misure-anelli-completa-1-990x80.jpg 990w, https:\/\/cdn02.fabioferro.eu\/wp-content\/uploads\/tabella-misure-anelli-completa-1-441x36.jpg 441w, https:\/\/cdn02.fabioferro.eu\/wp-content\/uploads\/tabella-misure-anelli-completa-1-600x48.jpg 600w, https:\/\/cdn02.fabioferro.eu\/wp-content\/uploads\/tabella-misure-anelli-completa-1-150x12.jpg 150w\" sizes=\"(max-width: 1900px) 100vw, 1900px\" \/> <img decoding=\"async\" class=\"alignnone size-full wp-image-205373\" src=\"http:\/\/cdn02.fabioferro.eu\/wp-content\/uploads\/tabella-misure-anelli-standard-no-flexit-1.jpg\" alt=\"\" width=\"1266\" height=\"723\" title=\"\" srcset=\"https:\/\/cdn02.fabioferro.eu\/wp-content\/uploads\/tabella-misure-anelli-standard-no-flexit-1.jpg 1266w, https:\/\/cdn02.fabioferro.eu\/wp-content\/uploads\/tabella-misure-anelli-standard-no-flexit-1-768x439.jpg 768w, https:\/\/cdn02.fabioferro.eu\/wp-content\/uploads\/tabella-misure-anelli-standard-no-flexit-1-990x565.jpg 990w, https:\/\/cdn02.fabioferro.eu\/wp-content\/uploads\/tabella-misure-anelli-standard-no-flexit-1-441x252.jpg 441w, https:\/\/cdn02.fabioferro.eu\/wp-content\/uploads\/tabella-misure-anelli-standard-no-flexit-1-600x343.jpg 600w, https:\/\/cdn02.fabioferro.eu\/wp-content\/uploads\/tabella-misure-anelli-standard-no-flexit-1-150x86.jpg 150w\" sizes=\"(max-width: 1266px) 100vw, 1266px\" \/><\/p>\n","protected":false},"excerpt":{"rendered":"<p>Der Schmuck von Fope stammt aus den H\u00e4nden von Kunsthandwerkern aus Vicenza.<br \/>\nJedes Schmuckst\u00fcck ist ein Unikat. Qualit\u00e4t Made in Italy.<\/p>\n","protected":false},"featured_media":105383,"comment_status":"open","ping_status":"closed","template":"","meta":[],"product_brand":[154],"product_cat":[6139],"product_tag":[],"class_list":{"0":"post-143156","1":"product","2":"type-product","3":"status-publish","4":"has-post-thumbnail","6":"product_brand-fope","7":"product_cat-fope-ringe","9":"first","10":"instock","11":"taxable","12":"shipping-taxable","13":"purchasable","14":"product-type-variable","15":"has-default-attributes"},"exclude_global_add_ons":[],"addons":[],"df_price":1530,"df_sale_price":"","df_regular_price":1530,"df_image_link":"https:\/\/cdn02.fabioferro.eu\/wp-content\/uploads\/anello-fope-collezione-souls-in-oro-bianco-an09-zaf1-b.jpg","_links":{"self":[{"href":"https:\/\/www.fabioferro.eu\/de\/wp-json\/wp\/v2\/product\/143156","targetHints":{"allow":["GET"]}}],"collection":[{"href":"https:\/\/www.fabioferro.eu\/de\/wp-json\/wp\/v2\/product"}],"about":[{"href":"https:\/\/www.fabioferro.eu\/de\/wp-json\/wp\/v2\/types\/product"}],"replies":[{"embeddable":true,"href":"https:\/\/www.fabioferro.eu\/de\/wp-json\/wp\/v2\/comments?post=143156"}],"version-history":[{"count":1,"href":"https:\/\/www.fabioferro.eu\/de\/wp-json\/wp\/v2\/product\/143156\/revisions"}],"predecessor-version":[{"id":206705,"href":"https:\/\/www.fabioferro.eu\/de\/wp-json\/wp\/v2\/product\/143156\/revisions\/206705"}],"wp:featuredmedia":[{"embeddable":true,"href":"https:\/\/www.fabioferro.eu\/de\/wp-json\/wp\/v2\/media\/105383"}],"wp:attachment":[{"href":"https:\/\/www.fabioferro.eu\/de\/wp-json\/wp\/v2\/media?parent=143156"}],"wp:term":[{"taxonomy":"product_brand","embeddable":true,"href":"https:\/\/www.fabioferro.eu\/de\/wp-json\/wp\/v2\/product_brand?post=143156"},{"taxonomy":"product_cat","embeddable":true,"href":"https:\/\/www.fabioferro.eu\/de\/wp-json\/wp\/v2\/product_cat?post=143156"},{"taxonomy":"product_tag","embeddable":true,"href":"https:\/\/www.fabioferro.eu\/de\/wp-json\/wp\/v2\/product_tag?post=143156"}],"curies":[{"name":"wp","href":"https:\/\/api.w.org\/{rel}","templated":true}]}}