{"id":143195,"date":"2024-06-19T14:44:42","date_gmt":"2024-06-19T12:44:42","guid":{"rendered":"https:\/\/www.fabioferro.eu\/.html?post_type=product&#038;p=143195"},"modified":"2026-01-09T16:28:48","modified_gmt":"2026-01-09T15:28:48","slug":"fope-souls-kollektion-flex-it-ring-in-rose-gold-mit-smaragd-copia-copia-copia-copia-copia","status":"publish","type":"product","link":"https:\/\/www.fabioferro.eu\/de\/fope-souls-kollektion-flex-it-ring-in-rose-gold-mit-smaragd-copia-copia-copia-copia-copia.html","title":{"rendered":"Fope Souls Collection Flex It Ring aus Gelbgold mit rosa Saphiren"},"content":{"rendered":"<p>Wundersch\u00f6ner, leuchtender, handgefertigter Ring aus 18 Karat Gelbgold mit rosa Saphiren.<span class=\"Apple-converted-space\"> <\/span><\/p>\n<p>Auch in Ros\u00e9gold und Wei\u00dfgold erh\u00e4ltlich. Teil der Kollektion Souls von Fope.<span class=\"Apple-converted-space\"> <\/span><\/p>\n<p>Das Hauptmerkmal dieses Schmuckst\u00fccks ist das spezielle Glied mit Flex&#8217;it-Technologie, das dank kleiner Gelbgoldfedern vollkommen elastisch ist. Bevor es in den Handel kommt, durchl\u00e4uft jedes Schmuckst\u00fcck einen Belastungstest mit 12.000 Ziehungen, um seine Qualit\u00e4t und Zuverl\u00e4ssigkeit im Laufe der Zeit zu best\u00e4tigen.<span class=\"Apple-converted-space\"> <\/span><\/p>\n<p>Der Stein, der dieses Schmuckst\u00fcck auszeichnet, ist ein rosafarbener Saphir im nat\u00fcrlichen Karat-Schliff.<span class=\"Apple-converted-space\"> <\/span><\/p>\n<p>Ring handgefertigt von Kunsthandwerkern aus Vicenza. Qualit\u00e4t Made in Italy.<\/p>\n<p>Mit einem eleganten Etui und internationaler Fope-Garantie.<\/p>\n<p><img decoding=\"async\" class=\"alignnone size-full wp-image-205376\" src=\"http:\/\/cdn02.fabioferro.eu\/wp-content\/uploads\/tabella-misure-anelli-completa-1.jpg\" alt=\"\" width=\"1900\" height=\"153\" title=\"\" srcset=\"https:\/\/cdn02.fabioferro.eu\/wp-content\/uploads\/tabella-misure-anelli-completa-1.jpg 1900w, https:\/\/cdn02.fabioferro.eu\/wp-content\/uploads\/tabella-misure-anelli-completa-1-768x62.jpg 768w, https:\/\/cdn02.fabioferro.eu\/wp-content\/uploads\/tabella-misure-anelli-completa-1-1536x124.jpg 1536w, https:\/\/cdn02.fabioferro.eu\/wp-content\/uploads\/tabella-misure-anelli-completa-1-990x80.jpg 990w, https:\/\/cdn02.fabioferro.eu\/wp-content\/uploads\/tabella-misure-anelli-completa-1-441x36.jpg 441w, https:\/\/cdn02.fabioferro.eu\/wp-content\/uploads\/tabella-misure-anelli-completa-1-600x48.jpg 600w, https:\/\/cdn02.fabioferro.eu\/wp-content\/uploads\/tabella-misure-anelli-completa-1-150x12.jpg 150w\" sizes=\"(max-width: 1900px) 100vw, 1900px\" \/> <img decoding=\"async\" class=\"alignnone size-full wp-image-205373\" src=\"http:\/\/cdn02.fabioferro.eu\/wp-content\/uploads\/tabella-misure-anelli-standard-no-flexit-1.jpg\" alt=\"\" width=\"1266\" height=\"723\" title=\"\" srcset=\"https:\/\/cdn02.fabioferro.eu\/wp-content\/uploads\/tabella-misure-anelli-standard-no-flexit-1.jpg 1266w, https:\/\/cdn02.fabioferro.eu\/wp-content\/uploads\/tabella-misure-anelli-standard-no-flexit-1-768x439.jpg 768w, https:\/\/cdn02.fabioferro.eu\/wp-content\/uploads\/tabella-misure-anelli-standard-no-flexit-1-990x565.jpg 990w, https:\/\/cdn02.fabioferro.eu\/wp-content\/uploads\/tabella-misure-anelli-standard-no-flexit-1-441x252.jpg 441w, https:\/\/cdn02.fabioferro.eu\/wp-content\/uploads\/tabella-misure-anelli-standard-no-flexit-1-600x343.jpg 600w, https:\/\/cdn02.fabioferro.eu\/wp-content\/uploads\/tabella-misure-anelli-standard-no-flexit-1-150x86.jpg 150w\" sizes=\"(max-width: 1266px) 100vw, 1266px\" \/><\/p>\n","protected":false},"excerpt":{"rendered":"<p>Raffinierter Goldring mit einem rosa Saphir und dem patentierten Flex&#8217;it-Glied von Fope.<\/p>\n","protected":false},"featured_media":105380,"comment_status":"open","ping_status":"closed","template":"","meta":[],"product_brand":[154],"product_cat":[6139],"product_tag":[],"class_list":{"0":"post-143195","1":"product","2":"type-product","3":"status-publish","4":"has-post-thumbnail","6":"product_brand-fope","7":"product_cat-fope-ringe","9":"first","10":"instock","11":"taxable","12":"shipping-taxable","13":"purchasable","14":"product-type-variable","15":"has-default-attributes"},"exclude_global_add_ons":[],"addons":[],"df_price":1530,"df_sale_price":"","df_regular_price":1530,"df_image_link":"https:\/\/cdn02.fabioferro.eu\/wp-content\/uploads\/anello-fope-collezione-souls-con-zaffiro-rosa-oro-giallo-an09-zaf1-g.jpg","_links":{"self":[{"href":"https:\/\/www.fabioferro.eu\/de\/wp-json\/wp\/v2\/product\/143195","targetHints":{"allow":["GET"]}}],"collection":[{"href":"https:\/\/www.fabioferro.eu\/de\/wp-json\/wp\/v2\/product"}],"about":[{"href":"https:\/\/www.fabioferro.eu\/de\/wp-json\/wp\/v2\/types\/product"}],"replies":[{"embeddable":true,"href":"https:\/\/www.fabioferro.eu\/de\/wp-json\/wp\/v2\/comments?post=143195"}],"version-history":[{"count":1,"href":"https:\/\/www.fabioferro.eu\/de\/wp-json\/wp\/v2\/product\/143195\/revisions"}],"predecessor-version":[{"id":206711,"href":"https:\/\/www.fabioferro.eu\/de\/wp-json\/wp\/v2\/product\/143195\/revisions\/206711"}],"wp:featuredmedia":[{"embeddable":true,"href":"https:\/\/www.fabioferro.eu\/de\/wp-json\/wp\/v2\/media\/105380"}],"wp:attachment":[{"href":"https:\/\/www.fabioferro.eu\/de\/wp-json\/wp\/v2\/media?parent=143195"}],"wp:term":[{"taxonomy":"product_brand","embeddable":true,"href":"https:\/\/www.fabioferro.eu\/de\/wp-json\/wp\/v2\/product_brand?post=143195"},{"taxonomy":"product_cat","embeddable":true,"href":"https:\/\/www.fabioferro.eu\/de\/wp-json\/wp\/v2\/product_cat?post=143195"},{"taxonomy":"product_tag","embeddable":true,"href":"https:\/\/www.fabioferro.eu\/de\/wp-json\/wp\/v2\/product_tag?post=143195"}],"curies":[{"name":"wp","href":"https:\/\/api.w.org\/{rel}","templated":true}]}}