{"id":143603,"date":"2024-06-26T09:09:01","date_gmt":"2024-06-26T07:09:01","guid":{"rendered":"https:\/\/www.fabioferro.eu\/madi-laguna-pistazien-armband-mit-vier-hydrothermalen-quarzen.html"},"modified":"2025-06-26T16:22:17","modified_gmt":"2025-06-26T14:22:17","slug":"madi-laguna-pistazien-armband-mit-vier-hydrothermalen-quarzen","status":"publish","type":"product","link":"https:\/\/www.fabioferro.eu\/de\/madi-laguna-pistazien-armband-mit-vier-hydrothermalen-quarzen.html","title":{"rendered":"Madi Laguna Pistazien-Armband mit vier hydrothermalen Quarzen"},"content":{"rendered":"<p>Armband aus 925er Silber, ros\u00e9vergoldet.<\/p>\n<p>Best\u00fcckt mit 4 hydrothermalen Quarzsteinen in verschiedenen Farben.<\/p>\n<p>Die Gr\u00f6\u00dfe ist dank eines zuverl\u00e4ssigen Karabinerhakens und Endringen zwischen 17 cm und 21 cm verstellbar.<\/p>\n<p>Handgefertigt, Made in Italy.<\/p>\n<p>Armband wird mit 2 Garantien, offizieller Mad\u00ec-Box und Einkaufstasche geliefert.<\/p>\n","protected":false},"excerpt":{"rendered":"<p>Ein raffiniertes und kostbares Mad\u00ec-Armband, ideal f\u00fcr einen stilvollen Look.<\/p>\n","protected":false},"featured_media":143566,"comment_status":"open","ping_status":"closed","template":"","meta":[],"product_brand":[],"product_cat":[5954],"product_tag":[],"class_list":{"0":"post-143603","1":"product","2":"type-product","3":"status-publish","4":"has-post-thumbnail","6":"product_cat-madi-armbander","8":"first","9":"instock","10":"sale","11":"taxable","12":"shipping-taxable","13":"purchasable","14":"product-type-simple"},"exclude_global_add_ons":[],"addons":[],"df_price":152.1,"df_sale_price":152.1,"df_regular_price":169,"df_image_link":"https:\/\/cdn02.fabioferro.eu\/wp-content\/uploads\/bracciale-madi-laguna-pistacchio-con-quattro-quarzi-idrotermali.jpeg","_links":{"self":[{"href":"https:\/\/www.fabioferro.eu\/de\/wp-json\/wp\/v2\/product\/143603","targetHints":{"allow":["GET"]}}],"collection":[{"href":"https:\/\/www.fabioferro.eu\/de\/wp-json\/wp\/v2\/product"}],"about":[{"href":"https:\/\/www.fabioferro.eu\/de\/wp-json\/wp\/v2\/types\/product"}],"replies":[{"embeddable":true,"href":"https:\/\/www.fabioferro.eu\/de\/wp-json\/wp\/v2\/comments?post=143603"}],"version-history":[{"count":1,"href":"https:\/\/www.fabioferro.eu\/de\/wp-json\/wp\/v2\/product\/143603\/revisions"}],"predecessor-version":[{"id":186865,"href":"https:\/\/www.fabioferro.eu\/de\/wp-json\/wp\/v2\/product\/143603\/revisions\/186865"}],"wp:featuredmedia":[{"embeddable":true,"href":"https:\/\/www.fabioferro.eu\/de\/wp-json\/wp\/v2\/media\/143566"}],"wp:attachment":[{"href":"https:\/\/www.fabioferro.eu\/de\/wp-json\/wp\/v2\/media?parent=143603"}],"wp:term":[{"taxonomy":"product_brand","embeddable":true,"href":"https:\/\/www.fabioferro.eu\/de\/wp-json\/wp\/v2\/product_brand?post=143603"},{"taxonomy":"product_cat","embeddable":true,"href":"https:\/\/www.fabioferro.eu\/de\/wp-json\/wp\/v2\/product_cat?post=143603"},{"taxonomy":"product_tag","embeddable":true,"href":"https:\/\/www.fabioferro.eu\/de\/wp-json\/wp\/v2\/product_tag?post=143603"}],"curies":[{"name":"wp","href":"https:\/\/api.w.org\/{rel}","templated":true}]}}