{"id":143614,"date":"2024-06-25T16:44:53","date_gmt":"2024-06-25T14:44:53","guid":{"rendered":"https:\/\/www.fabioferro.eu\/madi-laguna-collection-solitaer-ring-mit-rosa-hydrothermalquarz-2.html"},"modified":"2024-10-30T09:30:34","modified_gmt":"2024-10-30T08:30:34","slug":"madi-laguna-collection-solitaer-ring-mit-rosa-hydrothermalquarz-2","status":"publish","type":"product","link":"https:\/\/www.fabioferro.eu\/de\/madi-laguna-collection-solitaer-ring-mit-rosa-hydrothermalquarz-2.html","title":{"rendered":"Madi Laguna Collection Solit\u00e4r-Ring mit rosa Hydrothermalquarz"},"content":{"rendered":"<p>Solit\u00e4rring Mad\u00ec aus ros\u00e9vergoldetem 925er Silber. Pr\u00e4sentiert einen \u00f6kologischen hydrothermalen Quarz von bescheidener Gr\u00f6\u00dfe in rosa Farbe. Hergestellt von italienischen Handwerkern, Made in Italy. Wird mit einer zweij\u00e4hrigen Garantie, offizieller Box und Einkaufstasche geliefert.<\/p>\n","protected":false},"excerpt":{"rendered":"<p>Ein klassisches und raffiniertes Schmuckst\u00fcck, ein Symbol f\u00fcr zeitlose und anspruchsvolle Eleganz.<\/p>\n","protected":false},"featured_media":143489,"comment_status":"open","ping_status":"closed","template":"","meta":[],"product_brand":[],"product_cat":[7595],"product_tag":[],"class_list":{"0":"post-143614","1":"product","2":"type-product","3":"status-publish","4":"has-post-thumbnail","6":"product_cat-madi-ringe-de","8":"first","9":"instock","10":"sale","11":"taxable","12":"shipping-taxable","13":"purchasable","14":"product-type-variable","15":"has-default-attributes"},"exclude_global_add_ons":[],"addons":[],"df_price":112.5,"df_sale_price":"","df_regular_price":112.5,"df_image_link":"https:\/\/cdn02.fabioferro.eu\/wp-content\/uploads\/anello-madi-solitario-collezione-laguna-con-quarzo-idrotermale-rosa.jpeg","_links":{"self":[{"href":"https:\/\/www.fabioferro.eu\/de\/wp-json\/wp\/v2\/product\/143614","targetHints":{"allow":["GET"]}}],"collection":[{"href":"https:\/\/www.fabioferro.eu\/de\/wp-json\/wp\/v2\/product"}],"about":[{"href":"https:\/\/www.fabioferro.eu\/de\/wp-json\/wp\/v2\/types\/product"}],"replies":[{"embeddable":true,"href":"https:\/\/www.fabioferro.eu\/de\/wp-json\/wp\/v2\/comments?post=143614"}],"version-history":[{"count":0,"href":"https:\/\/www.fabioferro.eu\/de\/wp-json\/wp\/v2\/product\/143614\/revisions"}],"wp:featuredmedia":[{"embeddable":true,"href":"https:\/\/www.fabioferro.eu\/de\/wp-json\/wp\/v2\/media\/143489"}],"wp:attachment":[{"href":"https:\/\/www.fabioferro.eu\/de\/wp-json\/wp\/v2\/media?parent=143614"}],"wp:term":[{"taxonomy":"product_brand","embeddable":true,"href":"https:\/\/www.fabioferro.eu\/de\/wp-json\/wp\/v2\/product_brand?post=143614"},{"taxonomy":"product_cat","embeddable":true,"href":"https:\/\/www.fabioferro.eu\/de\/wp-json\/wp\/v2\/product_cat?post=143614"},{"taxonomy":"product_tag","embeddable":true,"href":"https:\/\/www.fabioferro.eu\/de\/wp-json\/wp\/v2\/product_tag?post=143614"}],"curies":[{"name":"wp","href":"https:\/\/api.w.org\/{rel}","templated":true}]}}