{"id":143675,"date":"2024-06-22T10:18:24","date_gmt":"2024-06-22T08:18:24","guid":{"rendered":"https:\/\/www.fabioferro.eu\/charme-giovanni-raspini-briefe-logo.html"},"modified":"2025-03-11T17:48:03","modified_gmt":"2025-03-11T16:48:03","slug":"charme-giovanni-raspini-briefe-logo","status":"publish","type":"product","link":"https:\/\/www.fabioferro.eu\/de\/charme-giovanni-raspini-briefe-logo.html","title":{"rendered":"Charme Giovanni Raspini Briefe Logo"},"content":{"rendered":"<p>Anh\u00e4nger mit Anfangsbuchstaben, handgefertigt aus 925er Silber, H\u00f6he 2 cm, ohne das obere Glied von 0,9 cm, hergestellt in Italien, mit Verpackung und offizieller Garantie von Giovanni Raspini.<\/p>\n","protected":false},"excerpt":{"rendered":"<p>W\u00e4hlen Sie Ihren Anfangsbuchstaben und beginnen Sie mit der Herstellung des Schmuckst\u00fccks Ihrer Tr\u00e4ume!<\/p>\n","protected":false},"featured_media":158625,"comment_status":"open","ping_status":"closed","template":"","meta":[],"product_brand":[],"product_cat":[7576,7578],"product_tag":[],"class_list":{"0":"post-143675","1":"product","2":"type-product","3":"status-publish","4":"has-post-thumbnail","6":"product_cat-giovanni-raspini-reize","7":"product_cat-raspini-charms-fur-veranstaltung-de","9":"first","10":"instock","11":"sale","12":"taxable","13":"shipping-taxable","14":"purchasable","15":"product-type-variable","16":"has-default-attributes"},"exclude_global_add_ons":[],"addons":[],"df_price":31.5,"df_sale_price":"","df_regular_price":31.5,"df_image_link":"https:\/\/cdn02.fabioferro.eu\/wp-content\/uploads\/virtuemart\/product\/lettera-A-in-argento-giovanni-raspini-7800.jpg1_.jpg","_links":{"self":[{"href":"https:\/\/www.fabioferro.eu\/de\/wp-json\/wp\/v2\/product\/143675","targetHints":{"allow":["GET"]}}],"collection":[{"href":"https:\/\/www.fabioferro.eu\/de\/wp-json\/wp\/v2\/product"}],"about":[{"href":"https:\/\/www.fabioferro.eu\/de\/wp-json\/wp\/v2\/types\/product"}],"replies":[{"embeddable":true,"href":"https:\/\/www.fabioferro.eu\/de\/wp-json\/wp\/v2\/comments?post=143675"}],"version-history":[{"count":0,"href":"https:\/\/www.fabioferro.eu\/de\/wp-json\/wp\/v2\/product\/143675\/revisions"}],"wp:featuredmedia":[{"embeddable":true,"href":"https:\/\/www.fabioferro.eu\/de\/wp-json\/wp\/v2\/media\/158625"}],"wp:attachment":[{"href":"https:\/\/www.fabioferro.eu\/de\/wp-json\/wp\/v2\/media?parent=143675"}],"wp:term":[{"taxonomy":"product_brand","embeddable":true,"href":"https:\/\/www.fabioferro.eu\/de\/wp-json\/wp\/v2\/product_brand?post=143675"},{"taxonomy":"product_cat","embeddable":true,"href":"https:\/\/www.fabioferro.eu\/de\/wp-json\/wp\/v2\/product_cat?post=143675"},{"taxonomy":"product_tag","embeddable":true,"href":"https:\/\/www.fabioferro.eu\/de\/wp-json\/wp\/v2\/product_tag?post=143675"}],"curies":[{"name":"wp","href":"https:\/\/api.w.org\/{rel}","templated":true}]}}