{"id":143756,"date":"2024-06-25T16:44:38","date_gmt":"2024-06-25T14:44:38","guid":{"rendered":"https:\/\/www.fabioferro.eu\/madi-laguna-collection-halskette-mit-zwei-farbigen-hydrothermalquarzen.html"},"modified":"2025-06-26T16:24:09","modified_gmt":"2025-06-26T14:24:09","slug":"madi-laguna-collection-halskette-mit-zwei-farbigen-hydrothermalquarzen","status":"publish","type":"product","link":"https:\/\/www.fabioferro.eu\/de\/madi-laguna-collection-halskette-mit-zwei-farbigen-hydrothermalquarzen.html","title":{"rendered":"Madi Laguna Collection Halskette mit zwei farbigen Hydrothermalquarzen"},"content":{"rendered":"<p>Halskette aus 925er ros\u00e9vergoldetem Silber.<\/p>\n<p>Zwei unterschiedlich gro\u00dfe hydrothermale Quarzsteine in Rosa- und Elfenbeint\u00f6nen.<\/p>\n<p>Die Gesamtl\u00e4nge der Halskette betr\u00e4gt 42 cm mit 3,5 cm langen Anh\u00e4ngern.<\/p>\n<p>Karabinerverschluss.<\/p>\n<p>Vollst\u00e4ndig handgefertigt, Made in Italy.<\/p>\n<p>Halskette wird mit offizieller Mad\u00ec Box, Einkaufstasche und zwei Jahren Garantie geliefert.<\/p>\n","protected":false},"excerpt":{"rendered":"<p>Ein schlichtes und zartes Schmuckst\u00fcck, ideal f\u00fcr den Alltagslook.<\/p>\n","protected":false},"featured_media":143453,"comment_status":"open","ping_status":"closed","template":"","meta":[],"product_brand":[],"product_cat":[5951],"product_tag":[],"class_list":{"0":"post-143756","1":"product","2":"type-product","3":"status-publish","4":"has-post-thumbnail","6":"product_cat-madi-halsketten","8":"first","9":"instock","10":"sale","11":"taxable","12":"shipping-taxable","13":"purchasable","14":"product-type-simple"},"exclude_global_add_ons":[],"addons":[],"df_price":116.55,"df_sale_price":116.55,"df_regular_price":129.5,"df_image_link":"https:\/\/cdn02.fabioferro.eu\/wp-content\/uploads\/collana-madi-collezione-laguna-con-due-quarzi-idrotermali-colorati.jpeg","_links":{"self":[{"href":"https:\/\/www.fabioferro.eu\/de\/wp-json\/wp\/v2\/product\/143756","targetHints":{"allow":["GET"]}}],"collection":[{"href":"https:\/\/www.fabioferro.eu\/de\/wp-json\/wp\/v2\/product"}],"about":[{"href":"https:\/\/www.fabioferro.eu\/de\/wp-json\/wp\/v2\/types\/product"}],"replies":[{"embeddable":true,"href":"https:\/\/www.fabioferro.eu\/de\/wp-json\/wp\/v2\/comments?post=143756"}],"version-history":[{"count":1,"href":"https:\/\/www.fabioferro.eu\/de\/wp-json\/wp\/v2\/product\/143756\/revisions"}],"predecessor-version":[{"id":186882,"href":"https:\/\/www.fabioferro.eu\/de\/wp-json\/wp\/v2\/product\/143756\/revisions\/186882"}],"wp:featuredmedia":[{"embeddable":true,"href":"https:\/\/www.fabioferro.eu\/de\/wp-json\/wp\/v2\/media\/143453"}],"wp:attachment":[{"href":"https:\/\/www.fabioferro.eu\/de\/wp-json\/wp\/v2\/media?parent=143756"}],"wp:term":[{"taxonomy":"product_brand","embeddable":true,"href":"https:\/\/www.fabioferro.eu\/de\/wp-json\/wp\/v2\/product_brand?post=143756"},{"taxonomy":"product_cat","embeddable":true,"href":"https:\/\/www.fabioferro.eu\/de\/wp-json\/wp\/v2\/product_cat?post=143756"},{"taxonomy":"product_tag","embeddable":true,"href":"https:\/\/www.fabioferro.eu\/de\/wp-json\/wp\/v2\/product_tag?post=143756"}],"curies":[{"name":"wp","href":"https:\/\/api.w.org\/{rel}","templated":true}]}}