{"id":143758,"date":"2024-06-25T16:44:50","date_gmt":"2024-06-25T14:44:50","guid":{"rendered":"https:\/\/www.fabioferro.eu\/madi-laguna-collection-ohrringe-mit-rosa-und-weissem-hydrothermalquarz.html"},"modified":"2025-06-26T16:22:21","modified_gmt":"2025-06-26T14:22:21","slug":"madi-laguna-collection-ohrringe-mit-rosa-und-weissem-hydrothermalquarz","status":"publish","type":"product","link":"https:\/\/www.fabioferro.eu\/de\/madi-laguna-collection-ohrringe-mit-rosa-und-weissem-hydrothermalquarz.html","title":{"rendered":"Madi Laguna Collection Ohrringe mit rosa und wei\u00dfem Hydrothermalquarz"},"content":{"rendered":"<p>Ohrringe der Kollektion Mad\u00ec Laguna aus 925er Silber, versilbert in einem Bad aus Ros\u00e9gold.<\/p>\n<p>Mit zwei hydrothermalen Quarzen in Rosa- und Wei\u00dft\u00f6nen mit unterschiedlichem Schliff.<\/p>\n<p>Handgefertigt von Kunsthandwerkern, Made in Italy.<\/p>\n<p>Bequemer Klickverschluss.<\/p>\n<p>Ohrringe werden mit 2 Jahren Garantie, Einkaufstasche und offizieller Mad\u00ec-Box geliefert.<\/p>\n","protected":false},"excerpt":{"rendered":"<p>Eleganter und raffinierter Schmuck, geeignet f\u00fcr besondere Anl\u00e4sse.<\/p>\n","protected":false},"featured_media":143446,"comment_status":"open","ping_status":"closed","template":"","meta":[],"product_brand":[],"product_cat":[5921],"product_tag":[],"class_list":{"0":"post-143758","1":"product","2":"type-product","3":"status-publish","4":"has-post-thumbnail","6":"product_cat-madi-ohrringe","8":"first","9":"instock","10":"sale","11":"taxable","12":"shipping-taxable","13":"purchasable","14":"product-type-simple"},"exclude_global_add_ons":[],"addons":[],"df_price":134.55,"df_sale_price":134.55,"df_regular_price":149.5,"df_image_link":"https:\/\/cdn02.fabioferro.eu\/wp-content\/uploads\/orecchini-madi-collezione-laguna-con-quarzi-idrotermali-rosa-e-bianchi.jpeg","_links":{"self":[{"href":"https:\/\/www.fabioferro.eu\/de\/wp-json\/wp\/v2\/product\/143758","targetHints":{"allow":["GET"]}}],"collection":[{"href":"https:\/\/www.fabioferro.eu\/de\/wp-json\/wp\/v2\/product"}],"about":[{"href":"https:\/\/www.fabioferro.eu\/de\/wp-json\/wp\/v2\/types\/product"}],"replies":[{"embeddable":true,"href":"https:\/\/www.fabioferro.eu\/de\/wp-json\/wp\/v2\/comments?post=143758"}],"version-history":[{"count":1,"href":"https:\/\/www.fabioferro.eu\/de\/wp-json\/wp\/v2\/product\/143758\/revisions"}],"predecessor-version":[{"id":186870,"href":"https:\/\/www.fabioferro.eu\/de\/wp-json\/wp\/v2\/product\/143758\/revisions\/186870"}],"wp:featuredmedia":[{"embeddable":true,"href":"https:\/\/www.fabioferro.eu\/de\/wp-json\/wp\/v2\/media\/143446"}],"wp:attachment":[{"href":"https:\/\/www.fabioferro.eu\/de\/wp-json\/wp\/v2\/media?parent=143758"}],"wp:term":[{"taxonomy":"product_brand","embeddable":true,"href":"https:\/\/www.fabioferro.eu\/de\/wp-json\/wp\/v2\/product_brand?post=143758"},{"taxonomy":"product_cat","embeddable":true,"href":"https:\/\/www.fabioferro.eu\/de\/wp-json\/wp\/v2\/product_cat?post=143758"},{"taxonomy":"product_tag","embeddable":true,"href":"https:\/\/www.fabioferro.eu\/de\/wp-json\/wp\/v2\/product_tag?post=143758"}],"curies":[{"name":"wp","href":"https:\/\/api.w.org\/{rel}","templated":true}]}}