{"id":144881,"date":"2024-07-05T18:13:34","date_gmt":"2024-07-05T16:13:34","guid":{"rendered":"https:\/\/www.fabioferro.eu\/.html?post_type=product&#038;p=144881"},"modified":"2025-06-26T16:22:00","modified_gmt":"2025-06-26T14:22:00","slug":"vintage-style-lederarmband-farbe-grun-copy-copy-copy-copy","status":"publish","type":"product","link":"https:\/\/www.fabioferro.eu\/de\/vintage-style-lederarmband-farbe-grun-copy-copy-copy-copy.html","title":{"rendered":"Gr\u00fcner gerollter Lederriemen mit N\u00e4hten"},"content":{"rendered":"<p>Wenn Sie die Gr\u00f6\u00dfe ausw\u00e4hlen, ber\u00fccksichtigen Sie den ersten Wert f\u00fcr den Geh\u00e4useansatz, den zweiten f\u00fcr die Gr\u00f6\u00dfe der Schlie\u00dfe. Beispiel: 18x16mm hat einen 18mm Geh\u00e4useaufsatz und eine 16mm Schlie\u00dfe. <\/p>\n<p>Gl\u00e4nzend gr\u00fcnes gerolltes Lederband.<\/p>\n<p>Handgefertigt, Hergestellt in Italien.<\/p>\n<p>Standardgr\u00f6\u00dfe, der kurze Teil misst 80 mm und der lange Teil 120 mm.<\/p>\n<p>Das Armband ist 4,50 mm dick.<\/p>\n<p>Der Gurt ist entlang der gesamten L\u00e4nge mit N\u00e4hten verst\u00e4rkt.<\/p>\n<p>Hypoallergene Dornschlie\u00dfe aus mattem Edelstahl.<\/p>\n<p>Naturlederarmb\u00e4nder k\u00f6nnen aufgrund ihrer handwerklichen Verarbeitung leichte Farbabweichungen aufweisen.<\/p>\n","protected":false},"excerpt":{"rendered":"<p>Ein Armband, das dank seiner einzigartigen und besonderen Verarbeitung gerne seine eigene Geschichte erz\u00e4hlt.<\/p>\n","protected":false},"featured_media":144898,"comment_status":"open","ping_status":"closed","template":"","meta":[],"product_brand":[197],"product_cat":[7301],"product_tag":[],"class_list":{"0":"post-144881","1":"product","2":"type-product","3":"status-publish","4":"has-post-thumbnail","6":"product_brand-campagnolo","7":"product_cat-riemen-aus-kalbsleder","9":"first","10":"instock","11":"sale","12":"taxable","13":"shipping-taxable","14":"purchasable","15":"product-type-variable","16":"has-default-attributes"},"exclude_global_add_ons":[],"addons":[],"df_price":54,"df_sale_price":"","df_regular_price":54,"df_image_link":"https:\/\/cdn02.fabioferro.eu\/wp-content\/uploads\/cinturino-in-pelle-di-vitello-verde-cucito-713310v-1.jpg","_links":{"self":[{"href":"https:\/\/www.fabioferro.eu\/de\/wp-json\/wp\/v2\/product\/144881","targetHints":{"allow":["GET"]}}],"collection":[{"href":"https:\/\/www.fabioferro.eu\/de\/wp-json\/wp\/v2\/product"}],"about":[{"href":"https:\/\/www.fabioferro.eu\/de\/wp-json\/wp\/v2\/types\/product"}],"replies":[{"embeddable":true,"href":"https:\/\/www.fabioferro.eu\/de\/wp-json\/wp\/v2\/comments?post=144881"}],"version-history":[{"count":1,"href":"https:\/\/www.fabioferro.eu\/de\/wp-json\/wp\/v2\/product\/144881\/revisions"}],"predecessor-version":[{"id":186845,"href":"https:\/\/www.fabioferro.eu\/de\/wp-json\/wp\/v2\/product\/144881\/revisions\/186845"}],"wp:featuredmedia":[{"embeddable":true,"href":"https:\/\/www.fabioferro.eu\/de\/wp-json\/wp\/v2\/media\/144898"}],"wp:attachment":[{"href":"https:\/\/www.fabioferro.eu\/de\/wp-json\/wp\/v2\/media?parent=144881"}],"wp:term":[{"taxonomy":"product_brand","embeddable":true,"href":"https:\/\/www.fabioferro.eu\/de\/wp-json\/wp\/v2\/product_brand?post=144881"},{"taxonomy":"product_cat","embeddable":true,"href":"https:\/\/www.fabioferro.eu\/de\/wp-json\/wp\/v2\/product_cat?post=144881"},{"taxonomy":"product_tag","embeddable":true,"href":"https:\/\/www.fabioferro.eu\/de\/wp-json\/wp\/v2\/product_tag?post=144881"}],"curies":[{"name":"wp","href":"https:\/\/api.w.org\/{rel}","templated":true}]}}