{"id":145717,"date":"2024-07-09T16:10:14","date_gmt":"2024-07-09T14:10:14","guid":{"rendered":"https:\/\/www.fabioferro.eu\/schwarzes-silikon-kompatibles-rolex-curved-loop-armband.html"},"modified":"2024-10-30T09:37:45","modified_gmt":"2024-10-30T08:37:45","slug":"schwarzes-silikon-kompatibles-rolex-curved-loop-armband","status":"publish","type":"product","link":"https:\/\/www.fabioferro.eu\/de\/schwarzes-silikon-kompatibles-rolex-curved-loop-armband.html","title":{"rendered":"Schwarzes Silikon Kompatibles Rolex Curved Loop Armband"},"content":{"rendered":"<p>Armband aus farbigem Silikon, weich und praktisch zu tragen. Kompatibel mit Rolex-Geh\u00e4usen mit einer Breite von 20 mm.<\/p>\n<p>Gew\u00f6lbter Ansatz, der alle Zwischenr\u00e4ume abdeckt, indem er bequem auf dem Geh\u00e4use aufliegt. Besondere Verarbeitung mit Mittelstreifen, der das Armband noch faszinierender macht. 20 mm Geh\u00e4useansatz, 16 mm Dornschlie\u00dfe. Strapazierf\u00e4higes Material, das auch im Kontakt mit Wasser ideal ist.<\/p>\n","protected":false},"excerpt":{"rendered":"<p>Ein spezielles Sportarmband f\u00fcr prestigetr\u00e4chtige Geh\u00e4use. Entdecken Sie seine Sch\u00f6nheit!<\/p>\n","protected":false},"featured_media":145077,"comment_status":"open","ping_status":"closed","template":"","meta":[],"product_brand":[197],"product_cat":[7429],"product_tag":[],"class_list":{"0":"post-145717","1":"product","2":"type-product","3":"status-publish","4":"has-post-thumbnail","6":"product_brand-campagnolo","7":"product_cat-kompatible-rolex-uhrenarmbander","9":"first","10":"instock","11":"sale","12":"taxable","13":"shipping-taxable","14":"purchasable","15":"product-type-variable","16":"has-default-attributes"},"exclude_global_add_ons":[],"addons":[],"df_price":39.6,"df_sale_price":"","df_regular_price":39.6,"df_image_link":"https:\/\/cdn02.fabioferro.eu\/wp-content\/uploads\/cinturino-in-caucciu-nero-compatibile-rolex-0033n.jpg","_links":{"self":[{"href":"https:\/\/www.fabioferro.eu\/de\/wp-json\/wp\/v2\/product\/145717","targetHints":{"allow":["GET"]}}],"collection":[{"href":"https:\/\/www.fabioferro.eu\/de\/wp-json\/wp\/v2\/product"}],"about":[{"href":"https:\/\/www.fabioferro.eu\/de\/wp-json\/wp\/v2\/types\/product"}],"replies":[{"embeddable":true,"href":"https:\/\/www.fabioferro.eu\/de\/wp-json\/wp\/v2\/comments?post=145717"}],"version-history":[{"count":0,"href":"https:\/\/www.fabioferro.eu\/de\/wp-json\/wp\/v2\/product\/145717\/revisions"}],"wp:featuredmedia":[{"embeddable":true,"href":"https:\/\/www.fabioferro.eu\/de\/wp-json\/wp\/v2\/media\/145077"}],"wp:attachment":[{"href":"https:\/\/www.fabioferro.eu\/de\/wp-json\/wp\/v2\/media?parent=145717"}],"wp:term":[{"taxonomy":"product_brand","embeddable":true,"href":"https:\/\/www.fabioferro.eu\/de\/wp-json\/wp\/v2\/product_brand?post=145717"},{"taxonomy":"product_cat","embeddable":true,"href":"https:\/\/www.fabioferro.eu\/de\/wp-json\/wp\/v2\/product_cat?post=145717"},{"taxonomy":"product_tag","embeddable":true,"href":"https:\/\/www.fabioferro.eu\/de\/wp-json\/wp\/v2\/product_tag?post=145717"}],"curies":[{"name":"wp","href":"https:\/\/api.w.org\/{rel}","templated":true}]}}