{"id":146270,"date":"2024-07-25T09:31:37","date_gmt":"2024-07-25T07:31:37","guid":{"rendered":"https:\/\/www.fabioferro.eu\/.html?post_type=product&#038;p=146270"},"modified":"2026-01-09T16:28:52","modified_gmt":"2026-01-09T15:28:52","slug":"fope-eka-collection-ring-aus-weisgold-mit-diamanten-copy","status":"publish","type":"product","link":"https:\/\/www.fabioferro.eu\/de\/fope-eka-collection-ring-aus-weisgold-mit-diamanten-copy.html","title":{"rendered":"Fope Prima Collection Ring aus Wei\u00dfgold mit Diamanten"},"content":{"rendered":"<div class=\"description\">\n<div class=\"description\">\n<p>Ring der Kollektion Fope prima aus 750\/1000 oo Wei\u00dfgold mit Diamantenpav\u00e9. Der Ring ist vollst\u00e4ndig aus 18 Karat Gold gefertigt. Der Ring ist 4 mm breit und 2,5 mm dick. Das zentrale Pav\u00e9 ist 4 mm dick und mit Diamanten im Brillantschliff von insgesamt 0,05 Karat besetzt. Der Ring wird mit der offiziellen Fope-Schatulle und Garantie verkauft.<\/p>\n<p><img decoding=\"async\" class=\"alignnone size-full wp-image-205373\" src=\"http:\/\/cdn02.fabioferro.eu\/wp-content\/uploads\/tabella-misure-anelli-standard-no-flexit-1.jpg\" alt=\"\" width=\"1266\" height=\"723\" title=\"\" srcset=\"https:\/\/cdn02.fabioferro.eu\/wp-content\/uploads\/tabella-misure-anelli-standard-no-flexit-1.jpg 1266w, https:\/\/cdn02.fabioferro.eu\/wp-content\/uploads\/tabella-misure-anelli-standard-no-flexit-1-768x439.jpg 768w, https:\/\/cdn02.fabioferro.eu\/wp-content\/uploads\/tabella-misure-anelli-standard-no-flexit-1-990x565.jpg 990w, https:\/\/cdn02.fabioferro.eu\/wp-content\/uploads\/tabella-misure-anelli-standard-no-flexit-1-441x252.jpg 441w, https:\/\/cdn02.fabioferro.eu\/wp-content\/uploads\/tabella-misure-anelli-standard-no-flexit-1-600x343.jpg 600w, https:\/\/cdn02.fabioferro.eu\/wp-content\/uploads\/tabella-misure-anelli-standard-no-flexit-1-150x86.jpg 150w\" sizes=\"(max-width: 1266px) 100vw, 1266px\" \/><\/p>\n<\/div>\n<\/div>\n","protected":false},"excerpt":{"rendered":"<p>Eleganz und h\u00f6chste Qualit\u00e4t im Dienste derjenigen, die wissen, wie man diese einzigartigen Schmuckst\u00fccke tr\u00e4gt.<\/p>\n","protected":false},"featured_media":146303,"comment_status":"open","ping_status":"closed","template":"","meta":[],"product_brand":[154],"product_cat":[6139],"product_tag":[],"class_list":{"0":"post-146270","1":"product","2":"type-product","3":"status-publish","4":"has-post-thumbnail","6":"product_brand-fope","7":"product_cat-fope-ringe","9":"first","10":"instock","11":"taxable","12":"shipping-taxable","13":"purchasable","14":"product-type-variable","15":"has-default-attributes"},"exclude_global_add_ons":[],"addons":[],"df_price":1630,"df_sale_price":"","df_regular_price":1630,"df_image_link":"https:\/\/cdn02.fabioferro.eu\/wp-content\/uploads\/anello-fope-collezione-solo-in-oro-bianco-con-diamanti-74308ax_bb_b_bbb.jpg","_links":{"self":[{"href":"https:\/\/www.fabioferro.eu\/de\/wp-json\/wp\/v2\/product\/146270","targetHints":{"allow":["GET"]}}],"collection":[{"href":"https:\/\/www.fabioferro.eu\/de\/wp-json\/wp\/v2\/product"}],"about":[{"href":"https:\/\/www.fabioferro.eu\/de\/wp-json\/wp\/v2\/types\/product"}],"replies":[{"embeddable":true,"href":"https:\/\/www.fabioferro.eu\/de\/wp-json\/wp\/v2\/comments?post=146270"}],"version-history":[{"count":1,"href":"https:\/\/www.fabioferro.eu\/de\/wp-json\/wp\/v2\/product\/146270\/revisions"}],"predecessor-version":[{"id":206719,"href":"https:\/\/www.fabioferro.eu\/de\/wp-json\/wp\/v2\/product\/146270\/revisions\/206719"}],"wp:featuredmedia":[{"embeddable":true,"href":"https:\/\/www.fabioferro.eu\/de\/wp-json\/wp\/v2\/media\/146303"}],"wp:attachment":[{"href":"https:\/\/www.fabioferro.eu\/de\/wp-json\/wp\/v2\/media?parent=146270"}],"wp:term":[{"taxonomy":"product_brand","embeddable":true,"href":"https:\/\/www.fabioferro.eu\/de\/wp-json\/wp\/v2\/product_brand?post=146270"},{"taxonomy":"product_cat","embeddable":true,"href":"https:\/\/www.fabioferro.eu\/de\/wp-json\/wp\/v2\/product_cat?post=146270"},{"taxonomy":"product_tag","embeddable":true,"href":"https:\/\/www.fabioferro.eu\/de\/wp-json\/wp\/v2\/product_tag?post=146270"}],"curies":[{"name":"wp","href":"https:\/\/api.w.org\/{rel}","templated":true}]}}