{"id":148473,"date":"2024-08-31T16:44:53","date_gmt":"2024-08-31T14:44:53","guid":{"rendered":"https:\/\/www.fabioferro.eu\/.html?post_type=product&#038;p=148473"},"modified":"2026-02-28T10:25:43","modified_gmt":"2026-02-28T09:25:43","slug":"giovanni-raspini-girasoli-mini-bilderrahmen-4-x-5-cm-copy","status":"publish","type":"product","link":"https:\/\/www.fabioferro.eu\/de\/giovanni-raspini-girasoli-mini-bilderrahmen-4-x-5-cm-copy.html","title":{"rendered":"Giovanni Raspini Fragoline Mini Bilderrahmen 4 x 5 cm"},"content":{"rendered":"<p>Bilderrahmen aus wei\u00dfer Bronze.<\/p>\n<p>Fotogr\u00f6\u00dfe 4&#215;5 cm.<\/p>\n<p>Kann vertikal und horizontal aufgestellt werden.<\/p>\n<p>Made in Italy.<\/p>\n<p>Mit Verpackung und offizieller Giovanni Raspini Garantie.<\/p>\n","protected":false},"excerpt":{"rendered":"<p>Eine Kulisse, die an die Sch\u00f6nheit der Natur erinnert und die Sie immer mit offenem Mund zur\u00fcckl\u00e4sst.<\/p>\n","protected":false},"featured_media":148158,"comment_status":"open","ping_status":"closed","template":"","meta":[],"product_brand":[155],"product_cat":[7704],"product_tag":[],"class_list":{"0":"post-148473","1":"product","2":"type-product","3":"status-publish","4":"has-post-thumbnail","6":"product_brand-raspini","7":"product_cat-bronzerahmen-von-giovanni-raspini","9":"first","10":"instock","11":"sale","12":"taxable","13":"shipping-taxable","14":"purchasable","15":"product-type-simple"},"exclude_global_add_ons":[],"addons":[],"df_price":54,"df_sale_price":54,"df_regular_price":60,"df_image_link":"https:\/\/cdn02.fabioferro.eu\/wp-content\/uploads\/cornice-giovanni-raspini-mini-fragoline-b0511.jpg","_links":{"self":[{"href":"https:\/\/www.fabioferro.eu\/de\/wp-json\/wp\/v2\/product\/148473","targetHints":{"allow":["GET"]}}],"collection":[{"href":"https:\/\/www.fabioferro.eu\/de\/wp-json\/wp\/v2\/product"}],"about":[{"href":"https:\/\/www.fabioferro.eu\/de\/wp-json\/wp\/v2\/types\/product"}],"replies":[{"embeddable":true,"href":"https:\/\/www.fabioferro.eu\/de\/wp-json\/wp\/v2\/comments?post=148473"}],"version-history":[{"count":1,"href":"https:\/\/www.fabioferro.eu\/de\/wp-json\/wp\/v2\/product\/148473\/revisions"}],"predecessor-version":[{"id":212063,"href":"https:\/\/www.fabioferro.eu\/de\/wp-json\/wp\/v2\/product\/148473\/revisions\/212063"}],"wp:featuredmedia":[{"embeddable":true,"href":"https:\/\/www.fabioferro.eu\/de\/wp-json\/wp\/v2\/media\/148158"}],"wp:attachment":[{"href":"https:\/\/www.fabioferro.eu\/de\/wp-json\/wp\/v2\/media?parent=148473"}],"wp:term":[{"taxonomy":"product_brand","embeddable":true,"href":"https:\/\/www.fabioferro.eu\/de\/wp-json\/wp\/v2\/product_brand?post=148473"},{"taxonomy":"product_cat","embeddable":true,"href":"https:\/\/www.fabioferro.eu\/de\/wp-json\/wp\/v2\/product_cat?post=148473"},{"taxonomy":"product_tag","embeddable":true,"href":"https:\/\/www.fabioferro.eu\/de\/wp-json\/wp\/v2\/product_tag?post=148473"}],"curies":[{"name":"wp","href":"https:\/\/api.w.org\/{rel}","templated":true}]}}