{"id":149108,"date":"2024-09-04T19:14:33","date_gmt":"2024-09-04T17:14:33","guid":{"rendered":"https:\/\/www.fabioferro.eu\/tamashii-tibetischer-opal-gemischtes-armband.html"},"modified":"2025-06-26T16:22:14","modified_gmt":"2025-06-26T14:22:14","slug":"tamashii-tibetischer-opal-gemischtes-armband","status":"publish","type":"product","link":"https:\/\/www.fabioferro.eu\/de\/tamashii-tibetischer-opal-gemischtes-armband.html","title":{"rendered":"Tamashii Tibetischer Opal Gemischtes Armband"},"content":{"rendered":"<p><span style=\"font-weight: 400;\">Hergestellt in Tibet und gesegnet von buddhistischen M\u00f6nchen, ein Markenzeichen von Tamashii Schmuck.<\/span><\/p>\n<p><span style=\"font-weight: 400;\">Original Tamashii Unisex-Armband aus gemischtem Naturstein Opal.<\/span><\/p>\n<p>Der Stein ist ein Symbol des Intellekts und des Ged\u00e4chtnisses: Er gleicht emotionale Zust\u00e4nde aus, regt das kreative Denken an und st\u00e4rkt das Selbstwertgef\u00fchl.<\/p>\n<p><span style=\"font-weight: 400;\">Es sind 12 Quarzkugeln mit einem Durchmesser von 8 mm.<\/span><\/p>\n<p><span style=\"font-weight: 400;\">Einheitsarmband, das dank der bereits vorhandenen Schlitze perfekt an jedes Handgelenk passt.<\/span><\/p>\n<p><span style=\"font-weight: 400;\">Der aus Natursteinen und Perlen handgefertigte Tamashii-Schmuck kann kleine Farbabweichungen von den ver\u00f6ffentlichten Bildern aufweisen.<\/span><\/p>\n<p><span style=\"font-weight: 400;\">Das Armband wird in der Originalverpackung von Tamashii geliefert, begleitet von einem Echtheitszertifikat und einer Garantie.<\/span><\/p>\n","protected":false},"excerpt":{"rendered":"<p>Tamashii Armband aus gemischtem Opalstein, Symbol f\u00fcr Intellekt und Erinnerung.<\/p>\n","protected":false},"featured_media":148315,"comment_status":"open","ping_status":"closed","template":"","meta":[],"product_brand":[199],"product_cat":[6318],"product_tag":[7442],"class_list":{"0":"post-149108","1":"product","2":"type-product","3":"status-publish","4":"has-post-thumbnail","6":"product_brand-tamashii","7":"product_cat-tamashii","8":"product_tag-verfugbar","10":"first","11":"instock","12":"taxable","13":"shipping-taxable","14":"purchasable","15":"product-type-simple"},"exclude_global_add_ons":[],"addons":[],"df_price":49,"df_sale_price":"","df_regular_price":49,"df_image_link":"https:\/\/cdn02.fabioferro.eu\/wp-content\/uploads\/bracciale-tamashii-tibetano-opale-misto.jpg","_links":{"self":[{"href":"https:\/\/www.fabioferro.eu\/de\/wp-json\/wp\/v2\/product\/149108","targetHints":{"allow":["GET"]}}],"collection":[{"href":"https:\/\/www.fabioferro.eu\/de\/wp-json\/wp\/v2\/product"}],"about":[{"href":"https:\/\/www.fabioferro.eu\/de\/wp-json\/wp\/v2\/types\/product"}],"replies":[{"embeddable":true,"href":"https:\/\/www.fabioferro.eu\/de\/wp-json\/wp\/v2\/comments?post=149108"}],"version-history":[{"count":1,"href":"https:\/\/www.fabioferro.eu\/de\/wp-json\/wp\/v2\/product\/149108\/revisions"}],"predecessor-version":[{"id":186859,"href":"https:\/\/www.fabioferro.eu\/de\/wp-json\/wp\/v2\/product\/149108\/revisions\/186859"}],"wp:featuredmedia":[{"embeddable":true,"href":"https:\/\/www.fabioferro.eu\/de\/wp-json\/wp\/v2\/media\/148315"}],"wp:attachment":[{"href":"https:\/\/www.fabioferro.eu\/de\/wp-json\/wp\/v2\/media?parent=149108"}],"wp:term":[{"taxonomy":"product_brand","embeddable":true,"href":"https:\/\/www.fabioferro.eu\/de\/wp-json\/wp\/v2\/product_brand?post=149108"},{"taxonomy":"product_cat","embeddable":true,"href":"https:\/\/www.fabioferro.eu\/de\/wp-json\/wp\/v2\/product_cat?post=149108"},{"taxonomy":"product_tag","embeddable":true,"href":"https:\/\/www.fabioferro.eu\/de\/wp-json\/wp\/v2\/product_tag?post=149108"}],"curies":[{"name":"wp","href":"https:\/\/api.w.org\/{rel}","templated":true}]}}