{"id":149109,"date":"2024-09-04T19:14:25","date_gmt":"2024-09-04T17:14:25","guid":{"rendered":"https:\/\/www.fabioferro.eu\/tibetisches-tamashii-armband-mit-persischem-gruenem-achat-gestreift.html"},"modified":"2025-06-26T16:22:06","modified_gmt":"2025-06-26T14:22:06","slug":"tibetisches-tamashii-armband-mit-persischem-gruenem-achat-gestreift","status":"publish","type":"product","link":"https:\/\/www.fabioferro.eu\/de\/tibetisches-tamashii-armband-mit-persischem-gruenem-achat-gestreift.html","title":{"rendered":"Tibetisches Tamashii Armband mit Persischem Gr\u00fcnem Achat Gestreift"},"content":{"rendered":"<p>Unisex Tamashii Armband aus gestreiftem Persia Green Achat Geburtsstein.<\/p>\n<p>Der aus nat\u00fcrlichen Materialien handgefertigte Tamashii-Schmuck kann leicht von den ver\u00f6ffentlichten Bildern abweichen.<\/p>\n<p>Der Achat ist ein Stein, der in der Natur in einer Vielzahl von Farben vorkommt. Er verk\u00f6rpert die Qualit\u00e4ten von Gleichgewicht und Harmonie, aber auch von jugendlicher Kraft und Aktion. Die Rillen, die jedem Stein seine Einzigartigkeit verleihen, gelten als Metapher, um die grundlegende Gleichheit aller Lebewesen zu betonen.<\/p>\n<p>Auf dem Armband befinden sich 12 gr\u00fcne Achatsteine mit einem Durchmesser von 8,00 mm.<\/p>\n<p>Produziert in Tibet und gesegnet von buddhistischen M\u00f6nchen.<\/p>\n<p>Einheitsgr\u00f6\u00dfe f\u00fcr alle, perfekt f\u00fcr jedes Handgelenk.<\/p>\n<p>Armband verpackt in der Originalverpackung von Tamashii mit Echtheitserkl\u00e4rung und Garantie.<\/p>\n","protected":false},"excerpt":{"rendered":"<p>Tamashii-Armband mit gr\u00fcnem Achat-Geburtsstein. Sie verwandelt Eifersucht in Weisheit der Erkenntnis.<\/p>\n","protected":false},"featured_media":147929,"comment_status":"open","ping_status":"closed","template":"","meta":[],"product_brand":[199],"product_cat":[6318],"product_tag":[],"class_list":{"0":"post-149109","1":"product","2":"type-product","3":"status-publish","4":"has-post-thumbnail","6":"product_brand-tamashii","7":"product_cat-tamashii","9":"first","10":"instock","11":"taxable","12":"shipping-taxable","13":"purchasable","14":"product-type-simple"},"exclude_global_add_ons":[],"addons":[],"df_price":42,"df_sale_price":"","df_regular_price":42,"df_image_link":"https:\/\/cdn02.fabioferro.eu\/wp-content\/uploads\/bracciale-tamashii-tibetano-con-agata-verde-persia-striata.jpg","_links":{"self":[{"href":"https:\/\/www.fabioferro.eu\/de\/wp-json\/wp\/v2\/product\/149109","targetHints":{"allow":["GET"]}}],"collection":[{"href":"https:\/\/www.fabioferro.eu\/de\/wp-json\/wp\/v2\/product"}],"about":[{"href":"https:\/\/www.fabioferro.eu\/de\/wp-json\/wp\/v2\/types\/product"}],"replies":[{"embeddable":true,"href":"https:\/\/www.fabioferro.eu\/de\/wp-json\/wp\/v2\/comments?post=149109"}],"version-history":[{"count":1,"href":"https:\/\/www.fabioferro.eu\/de\/wp-json\/wp\/v2\/product\/149109\/revisions"}],"predecessor-version":[{"id":186850,"href":"https:\/\/www.fabioferro.eu\/de\/wp-json\/wp\/v2\/product\/149109\/revisions\/186850"}],"wp:featuredmedia":[{"embeddable":true,"href":"https:\/\/www.fabioferro.eu\/de\/wp-json\/wp\/v2\/media\/147929"}],"wp:attachment":[{"href":"https:\/\/www.fabioferro.eu\/de\/wp-json\/wp\/v2\/media?parent=149109"}],"wp:term":[{"taxonomy":"product_brand","embeddable":true,"href":"https:\/\/www.fabioferro.eu\/de\/wp-json\/wp\/v2\/product_brand?post=149109"},{"taxonomy":"product_cat","embeddable":true,"href":"https:\/\/www.fabioferro.eu\/de\/wp-json\/wp\/v2\/product_cat?post=149109"},{"taxonomy":"product_tag","embeddable":true,"href":"https:\/\/www.fabioferro.eu\/de\/wp-json\/wp\/v2\/product_tag?post=149109"}],"curies":[{"name":"wp","href":"https:\/\/api.w.org\/{rel}","templated":true}]}}