{"id":149112,"date":"2024-09-04T19:14:29","date_gmt":"2024-09-04T17:14:29","guid":{"rendered":"https:\/\/www.fabioferro.eu\/tamashii-tibetisches-armband-aus-gruenem-angelit.html"},"modified":"2025-06-26T16:21:19","modified_gmt":"2025-06-26T14:21:19","slug":"tamashii-tibetisches-armband-aus-gruenem-angelit","status":"publish","type":"product","link":"https:\/\/www.fabioferro.eu\/de\/tamashii-tibetisches-armband-aus-gruenem-angelit.html","title":{"rendered":"Tamashii Tibetisches Armband aus gr\u00fcnem Angelit"},"content":{"rendered":"<p><span style=\"font-weight: 400;\">Original Tamashii Unisex-Armband aus Tibet, hergestellt aus nat\u00fcrlichem gr\u00fcnem Angelit Stein.<\/span><\/p>\n<p>Eine der wichtigsten Eigenschaften des Angelits ist seine F\u00e4higkeit, die Kommunikation zu f\u00f6rdern. Er lehrt, besser mit anderen Menschen zu kommunizieren, ohne Angst zu haben, seine Meinung zu \u00e4u\u00dfern. Er beruhigt und entspannt. <\/p>\n<p><span style=\"font-weight: 400;\">Hergestellt in Tibet und gesegnet von buddhistischen M\u00f6nchen.<\/span><\/p>\n<p><span style=\"font-weight: 400;\">Armband in Universalgr\u00f6\u00dfe, mit verstellbaren Schlaufen f\u00fcr jedes Handgelenk.<\/span><\/p>\n<p><span style=\"font-weight: 400;\">Da die Tamashii-Schmuckst\u00fccke aus nat\u00fcrlichen Steinen und Perlen handgefertigt werden, kann es zu leichten Farbabweichungen von den Abbildungen kommen.<\/span><\/p>\n<p><span style=\"font-weight: 400;\">Pr\u00e4sentiert in der offiziellen Tamashii-Verpackung, komplett mit Echtheitszertifikat und Garantie.<\/span><\/p>\n","protected":false},"excerpt":{"rendered":"<p>Tamashii-Armband mit gr\u00fcnem Angelit, lehrt eine bessere Kommunikation mit anderen Menschen, beruhigt und entspannt.<\/p>\n","protected":false},"featured_media":148308,"comment_status":"open","ping_status":"closed","template":"","meta":[],"product_brand":[199],"product_cat":[6318],"product_tag":[],"class_list":{"0":"post-149112","1":"product","2":"type-product","3":"status-publish","4":"has-post-thumbnail","6":"product_brand-tamashii","7":"product_cat-tamashii","9":"first","10":"instock","11":"taxable","12":"shipping-taxable","13":"purchasable","14":"product-type-simple"},"exclude_global_add_ons":[],"addons":[],"df_price":42,"df_sale_price":"","df_regular_price":42,"df_image_link":"https:\/\/cdn02.fabioferro.eu\/wp-content\/uploads\/bracciale-tamashii-tibetano-green-angelite.jpg","_links":{"self":[{"href":"https:\/\/www.fabioferro.eu\/de\/wp-json\/wp\/v2\/product\/149112","targetHints":{"allow":["GET"]}}],"collection":[{"href":"https:\/\/www.fabioferro.eu\/de\/wp-json\/wp\/v2\/product"}],"about":[{"href":"https:\/\/www.fabioferro.eu\/de\/wp-json\/wp\/v2\/types\/product"}],"replies":[{"embeddable":true,"href":"https:\/\/www.fabioferro.eu\/de\/wp-json\/wp\/v2\/comments?post=149112"}],"version-history":[{"count":1,"href":"https:\/\/www.fabioferro.eu\/de\/wp-json\/wp\/v2\/product\/149112\/revisions"}],"predecessor-version":[{"id":186796,"href":"https:\/\/www.fabioferro.eu\/de\/wp-json\/wp\/v2\/product\/149112\/revisions\/186796"}],"wp:featuredmedia":[{"embeddable":true,"href":"https:\/\/www.fabioferro.eu\/de\/wp-json\/wp\/v2\/media\/148308"}],"wp:attachment":[{"href":"https:\/\/www.fabioferro.eu\/de\/wp-json\/wp\/v2\/media?parent=149112"}],"wp:term":[{"taxonomy":"product_brand","embeddable":true,"href":"https:\/\/www.fabioferro.eu\/de\/wp-json\/wp\/v2\/product_brand?post=149112"},{"taxonomy":"product_cat","embeddable":true,"href":"https:\/\/www.fabioferro.eu\/de\/wp-json\/wp\/v2\/product_cat?post=149112"},{"taxonomy":"product_tag","embeddable":true,"href":"https:\/\/www.fabioferro.eu\/de\/wp-json\/wp\/v2\/product_tag?post=149112"}],"curies":[{"name":"wp","href":"https:\/\/api.w.org\/{rel}","templated":true}]}}