{"id":149122,"date":"2024-09-04T19:14:14","date_gmt":"2024-09-04T17:14:14","guid":{"rendered":"https:\/\/www.fabioferro.eu\/tamashii-tibetisches-armband-mit-tuerkis-paste-stein.html"},"modified":"2025-06-26T16:21:25","modified_gmt":"2025-06-26T14:21:25","slug":"tamashii-tibetisches-armband-mit-tuerkis-paste-stein","status":"publish","type":"product","link":"https:\/\/www.fabioferro.eu\/de\/tamashii-tibetisches-armband-mit-tuerkis-paste-stein.html","title":{"rendered":"Tamashii Tibetisches Armband mit T\u00fcrkis Paste Stein"},"content":{"rendered":"<p>Der Tamashii-Schmuck wird aus nat\u00fcrlichen Steinen und Perlen handgefertigt und kann in den Farbt\u00f6nen leicht von den ver\u00f6ffentlichten Fotos abweichen.<\/p>\n<p>Original tibetisches Tamashii Unisex-Armband aus Pasta Turchese Stein und Kordel.<\/p>\n<p><span class=\"s1\">F\u00fcr die Tibeter steht T\u00fcrkis f\u00fcr den Kreislauf des Lebens, von der Geburt bis zum Tod, was mit der M\u00f6glichkeit zusammenh\u00e4ngt, dass dieser Stein im Laufe der Zeit seine Farbe \u00e4ndert. F\u00fcr die Buddhisten steht die Farbe Blau f\u00fcr Aufstieg und Reinheit.<\/span><span class=\"s1\"> Die Farbe Blau steht bei den Buddhisten f\u00fcr Aufstieg und Reinheit.<\/span><\/p>\n<p>Das Armband ist handpoliert und mit 12 Turquoise Paste Steinen von 8,00 mm Durchmesser besetzt.<\/p>\n<p>Die L\u00e4nge des Armbands betr\u00e4gt 24,00 cm, kann aber bis zu 18,00 cm getragen werden.<\/p>\n<p>Das Schmuckst\u00fcck wird mit der Originalverpackung und der Tamashii-Echtheitsgarantie geliefert.<\/p>\n","protected":false},"excerpt":{"rendered":"<p>Original Tamashii Armband mit Turquoise Paste Stein.<\/p>\n","protected":false},"featured_media":147705,"comment_status":"open","ping_status":"closed","template":"","meta":[],"product_brand":[199],"product_cat":[6318],"product_tag":[],"class_list":{"0":"post-149122","1":"product","2":"type-product","3":"status-publish","4":"has-post-thumbnail","6":"product_brand-tamashii","7":"product_cat-tamashii","9":"first","10":"instock","11":"taxable","12":"shipping-taxable","13":"purchasable","14":"product-type-simple"},"exclude_global_add_ons":[],"addons":[],"df_price":42,"df_sale_price":"","df_regular_price":42,"df_image_link":"https:\/\/cdn02.fabioferro.eu\/wp-content\/uploads\/bracciale-tamashii-tibetano-con-pietra-pasta-di-turchese.jpg","_links":{"self":[{"href":"https:\/\/www.fabioferro.eu\/de\/wp-json\/wp\/v2\/product\/149122","targetHints":{"allow":["GET"]}}],"collection":[{"href":"https:\/\/www.fabioferro.eu\/de\/wp-json\/wp\/v2\/product"}],"about":[{"href":"https:\/\/www.fabioferro.eu\/de\/wp-json\/wp\/v2\/types\/product"}],"replies":[{"embeddable":true,"href":"https:\/\/www.fabioferro.eu\/de\/wp-json\/wp\/v2\/comments?post=149122"}],"version-history":[{"count":1,"href":"https:\/\/www.fabioferro.eu\/de\/wp-json\/wp\/v2\/product\/149122\/revisions"}],"predecessor-version":[{"id":186801,"href":"https:\/\/www.fabioferro.eu\/de\/wp-json\/wp\/v2\/product\/149122\/revisions\/186801"}],"wp:featuredmedia":[{"embeddable":true,"href":"https:\/\/www.fabioferro.eu\/de\/wp-json\/wp\/v2\/media\/147705"}],"wp:attachment":[{"href":"https:\/\/www.fabioferro.eu\/de\/wp-json\/wp\/v2\/media?parent=149122"}],"wp:term":[{"taxonomy":"product_brand","embeddable":true,"href":"https:\/\/www.fabioferro.eu\/de\/wp-json\/wp\/v2\/product_brand?post=149122"},{"taxonomy":"product_cat","embeddable":true,"href":"https:\/\/www.fabioferro.eu\/de\/wp-json\/wp\/v2\/product_cat?post=149122"},{"taxonomy":"product_tag","embeddable":true,"href":"https:\/\/www.fabioferro.eu\/de\/wp-json\/wp\/v2\/product_tag?post=149122"}],"curies":[{"name":"wp","href":"https:\/\/api.w.org\/{rel}","templated":true}]}}