{"id":149124,"date":"2024-09-04T19:14:08","date_gmt":"2024-09-04T17:14:08","guid":{"rendered":"https:\/\/www.fabioferro.eu\/tamashii-tibetisches-bambusblatt-armband.html"},"modified":"2025-06-26T16:21:39","modified_gmt":"2025-06-26T14:21:39","slug":"tamashii-tibetisches-bambusblatt-armband","status":"publish","type":"product","link":"https:\/\/www.fabioferro.eu\/de\/tamashii-tibetisches-bambusblatt-armband.html","title":{"rendered":"Tamashii Tibetisches Bambusblatt Armband"},"content":{"rendered":"<p class=\"p1\">Jedes Schmuckst\u00fcck von Tamashii, das aus nat\u00fcrlichen Steinen und Perlen handgefertigt wurde, kann leichte Farbabweichungen von den gezeigten Fotos aufweisen.<\/p>\n<p>Originales tibetisches Tamashii-Armband aus Bambusblatt-Naturstein und brauner Kordel.<\/p>\n<p>Die Bedeutung bezieht sich auf das fossile Holz, das die Verwurzelung mit &#8216;Mutter Erde&#8217; identifiziert. Ihm wird die Kraft zugeschrieben, zu beruhigen, zu bes\u00e4nftigen und zu sch\u00fctzen. Es dr\u00fcckt auch das Prinzip der Evolution und Weisheit aus und st\u00e4rkt emotionale Beziehungen, insbesondere Familienbeziehungen.  <\/p>\n<p class=\"p1\">Armband mit Perlen verziert und handgefertigt, mit 12 Quarzkugeln von 8 mm Durchmesser.<\/p>\n<p class=\"p1\">Die Besonderheit dieses Armbands ist, dass es in Tibet hergestellt und von buddhistischen M\u00f6nchen gesegnet wurde.<\/p>\n<p class=\"p1\">Einheitsgr\u00f6\u00dfe, die dank der integrierten Schlaufen an alle Handgelenke angepasst werden kann.<\/p>\n<p class=\"p1\">Jedes Armband wird in der Originalverpackung von Tamashii geliefert, komplett mit Echtheitserkl\u00e4rung und Garantie.<\/p>\n","protected":false},"excerpt":{"rendered":"<p>Original Tamashii-Armband mit nat\u00fcrlichem Bambusblatt-Stein.<\/p>\n","protected":false},"featured_media":147726,"comment_status":"open","ping_status":"closed","template":"","meta":[],"product_brand":[199],"product_cat":[6318],"product_tag":[],"class_list":{"0":"post-149124","1":"product","2":"type-product","3":"status-publish","4":"has-post-thumbnail","6":"product_brand-tamashii","7":"product_cat-tamashii","9":"first","10":"instock","11":"taxable","12":"shipping-taxable","13":"purchasable","14":"product-type-simple"},"exclude_global_add_ons":[],"addons":[],"df_price":42,"df_sale_price":"","df_regular_price":42,"df_image_link":"https:\/\/cdn02.fabioferro.eu\/wp-content\/uploads\/bracciale-tamashii-tibetano-bamboo-leaf.jpg","_links":{"self":[{"href":"https:\/\/www.fabioferro.eu\/de\/wp-json\/wp\/v2\/product\/149124","targetHints":{"allow":["GET"]}}],"collection":[{"href":"https:\/\/www.fabioferro.eu\/de\/wp-json\/wp\/v2\/product"}],"about":[{"href":"https:\/\/www.fabioferro.eu\/de\/wp-json\/wp\/v2\/types\/product"}],"replies":[{"embeddable":true,"href":"https:\/\/www.fabioferro.eu\/de\/wp-json\/wp\/v2\/comments?post=149124"}],"version-history":[{"count":1,"href":"https:\/\/www.fabioferro.eu\/de\/wp-json\/wp\/v2\/product\/149124\/revisions"}],"predecessor-version":[{"id":186814,"href":"https:\/\/www.fabioferro.eu\/de\/wp-json\/wp\/v2\/product\/149124\/revisions\/186814"}],"wp:featuredmedia":[{"embeddable":true,"href":"https:\/\/www.fabioferro.eu\/de\/wp-json\/wp\/v2\/media\/147726"}],"wp:attachment":[{"href":"https:\/\/www.fabioferro.eu\/de\/wp-json\/wp\/v2\/media?parent=149124"}],"wp:term":[{"taxonomy":"product_brand","embeddable":true,"href":"https:\/\/www.fabioferro.eu\/de\/wp-json\/wp\/v2\/product_brand?post=149124"},{"taxonomy":"product_cat","embeddable":true,"href":"https:\/\/www.fabioferro.eu\/de\/wp-json\/wp\/v2\/product_cat?post=149124"},{"taxonomy":"product_tag","embeddable":true,"href":"https:\/\/www.fabioferro.eu\/de\/wp-json\/wp\/v2\/product_tag?post=149124"}],"curies":[{"name":"wp","href":"https:\/\/api.w.org\/{rel}","templated":true}]}}