{"id":149127,"date":"2024-09-04T19:14:12","date_gmt":"2024-09-04T17:14:12","guid":{"rendered":"https:\/\/www.fabioferro.eu\/tamashii-tibetisches-tarnarmband.html"},"modified":"2025-06-26T16:21:38","modified_gmt":"2025-06-26T14:21:38","slug":"tamashii-tibetisches-tarnarmband","status":"publish","type":"product","link":"https:\/\/www.fabioferro.eu\/de\/tamashii-tibetisches-tarnarmband.html","title":{"rendered":"Tamashii Tibetisches Tarnarmband"},"content":{"rendered":"<p class=\"p1\">Der Schmuck von Tamashii, der aus nat\u00fcrlichen Steinen und Perlen handgefertigt wird, kann leicht von den auf den Fotos gezeigten Farbt\u00f6nen abweichen.<\/p>\n<p>Original tibetisches Tamashii Unisex-Armband aus Camouflage-Naturstein und brauner Kordel.<\/p>\n<p>Ein Stein, dem die Kraft zugeschrieben wird, den Tr\u00e4ger zu sch\u00fctzen. Seine Besonderheit ist eine sehr abwechslungsreiche Textur mit Schattierungen, die von Dunkelgr\u00fcn bis zu verschiedenen hellen Farben reichen. Die dominierende Farbe ist Gr\u00fcn, die Farbe der Natur, der B\u00e4ume und der Pflanzen.  Er fasst die Qualit\u00e4ten von Ausgewogenheit und Harmonie, aber auch von jugendlichem Elan und Tatkraft zusammen.<\/p>\n<p class=\"p1\">Handgefertigtes geknotetes Armband mit 12 Quarzkugeln mit einem Durchmesser von 8 mm.<\/p>\n<p class=\"p1\">Die Besonderheit dieses Juwels ist sein tibetischer Ursprung und die Segnung durch buddhistische M\u00f6nche.<\/p>\n<p class=\"p1\">Universelles Armband, das dank der bereits vorhandenen Schlitze an jedes Handgelenk passt.<\/p>\n<p class=\"p1\">Das Armband wird in der offiziellen Tamashii-Verpackung mit einer Echtheits- und Garantieerkl\u00e4rung geliefert.<\/p>\n","protected":false},"excerpt":{"rendered":"<p>Original Tamashii-Armband mit Camouflage-Naturstein.<\/p>\n","protected":false},"featured_media":147734,"comment_status":"open","ping_status":"closed","template":"","meta":[],"product_brand":[199],"product_cat":[6318],"product_tag":[],"class_list":{"0":"post-149127","1":"product","2":"type-product","3":"status-publish","4":"has-post-thumbnail","6":"product_brand-tamashii","7":"product_cat-tamashii","9":"first","10":"instock","11":"taxable","12":"shipping-taxable","13":"purchasable","14":"product-type-simple"},"exclude_global_add_ons":[],"addons":[],"df_price":42,"df_sale_price":"","df_regular_price":42,"df_image_link":"https:\/\/cdn02.fabioferro.eu\/wp-content\/uploads\/bracciale-tamashii-tibetano-camouflage.jpg","_links":{"self":[{"href":"https:\/\/www.fabioferro.eu\/de\/wp-json\/wp\/v2\/product\/149127","targetHints":{"allow":["GET"]}}],"collection":[{"href":"https:\/\/www.fabioferro.eu\/de\/wp-json\/wp\/v2\/product"}],"about":[{"href":"https:\/\/www.fabioferro.eu\/de\/wp-json\/wp\/v2\/types\/product"}],"replies":[{"embeddable":true,"href":"https:\/\/www.fabioferro.eu\/de\/wp-json\/wp\/v2\/comments?post=149127"}],"version-history":[{"count":1,"href":"https:\/\/www.fabioferro.eu\/de\/wp-json\/wp\/v2\/product\/149127\/revisions"}],"predecessor-version":[{"id":186813,"href":"https:\/\/www.fabioferro.eu\/de\/wp-json\/wp\/v2\/product\/149127\/revisions\/186813"}],"wp:featuredmedia":[{"embeddable":true,"href":"https:\/\/www.fabioferro.eu\/de\/wp-json\/wp\/v2\/media\/147734"}],"wp:attachment":[{"href":"https:\/\/www.fabioferro.eu\/de\/wp-json\/wp\/v2\/media?parent=149127"}],"wp:term":[{"taxonomy":"product_brand","embeddable":true,"href":"https:\/\/www.fabioferro.eu\/de\/wp-json\/wp\/v2\/product_brand?post=149127"},{"taxonomy":"product_cat","embeddable":true,"href":"https:\/\/www.fabioferro.eu\/de\/wp-json\/wp\/v2\/product_cat?post=149127"},{"taxonomy":"product_tag","embeddable":true,"href":"https:\/\/www.fabioferro.eu\/de\/wp-json\/wp\/v2\/product_tag?post=149127"}],"curies":[{"name":"wp","href":"https:\/\/api.w.org\/{rel}","templated":true}]}}