{"id":149128,"date":"2024-09-04T19:14:06","date_gmt":"2024-09-04T17:14:06","guid":{"rendered":"https:\/\/www.fabioferro.eu\/tamashii-tibetanisches-jaspis-armband.html"},"modified":"2025-06-26T16:21:43","modified_gmt":"2025-06-26T14:21:43","slug":"tamashii-tibetanisches-jaspis-armband","status":"publish","type":"product","link":"https:\/\/www.fabioferro.eu\/de\/tamashii-tibetanisches-jaspis-armband.html","title":{"rendered":"Tamashii Tibetanisches Jaspis-Armband"},"content":{"rendered":"<p class=\"p1\">Tamashii-Schmuck wird in Handarbeit aus nat\u00fcrlichen Steinen und Perlen hergestellt und kann leichte Farbabweichungen von den ver\u00f6ffentlichten Bildern aufweisen.<\/p>\n<p>Originales tibetisches Tamashii-Armband aus nat\u00fcrlichem Jaspis und brauner Kordel.<\/p>\n<p><span class=\"s1\">Jaspis ist ein Halbedelstein, der den Menschen helfen soll, ihre Schuldgef\u00fchle zu \u00fcberwinden und mehr Selbstvertrauen und Selbstwertgef\u00fchl zu gewinnen, um <\/span><span class=\"s1\">Rechtschaffenheit und Ehrlichkeit zu erlangen und mit gr\u00f6\u00dferer Vitalit\u00e4t zu leben.<\/span><\/p>\n<p class=\"p1\">Mit Perlen verziertes und handgekn\u00fcpftes Armband, bestehend aus 12 Quarzkugeln mit einem Durchmesser von 8 mm.<\/p>\n<p class=\"p1\">Dieses Juwel ist einzigartig, da es in Tibet hergestellt und von buddhistischen M\u00f6nchen gesegnet wurde.<\/p>\n<p class=\"p1\">Einheitsarmband, das dank der vordefinierten Schlaufen an jedes Handgelenk passt.<\/p>\n<p class=\"p1\">Das Armband ist in der Originalverpackung von Tamashii verpackt und enth\u00e4lt eine Echtheits- und Garantieerkl\u00e4rung.<\/p>\n","protected":false},"excerpt":{"rendered":"<p>Original Tamashii-Armband mit Jaspisstein (Spot Stone).<\/p>\n","protected":false},"featured_media":147720,"comment_status":"open","ping_status":"closed","template":"","meta":[],"product_brand":[199],"product_cat":[6318],"product_tag":[],"class_list":{"0":"post-149128","1":"product","2":"type-product","3":"status-publish","4":"has-post-thumbnail","6":"product_brand-tamashii","7":"product_cat-tamashii","9":"first","10":"instock","11":"taxable","12":"shipping-taxable","13":"purchasable","14":"product-type-simple"},"exclude_global_add_ons":[],"addons":[],"df_price":42,"df_sale_price":"","df_regular_price":42,"df_image_link":"https:\/\/cdn02.fabioferro.eu\/wp-content\/uploads\/bracciale-tamashii-tibetano-diaspro.jpg","_links":{"self":[{"href":"https:\/\/www.fabioferro.eu\/de\/wp-json\/wp\/v2\/product\/149128","targetHints":{"allow":["GET"]}}],"collection":[{"href":"https:\/\/www.fabioferro.eu\/de\/wp-json\/wp\/v2\/product"}],"about":[{"href":"https:\/\/www.fabioferro.eu\/de\/wp-json\/wp\/v2\/types\/product"}],"replies":[{"embeddable":true,"href":"https:\/\/www.fabioferro.eu\/de\/wp-json\/wp\/v2\/comments?post=149128"}],"version-history":[{"count":1,"href":"https:\/\/www.fabioferro.eu\/de\/wp-json\/wp\/v2\/product\/149128\/revisions"}],"predecessor-version":[{"id":186821,"href":"https:\/\/www.fabioferro.eu\/de\/wp-json\/wp\/v2\/product\/149128\/revisions\/186821"}],"wp:featuredmedia":[{"embeddable":true,"href":"https:\/\/www.fabioferro.eu\/de\/wp-json\/wp\/v2\/media\/147720"}],"wp:attachment":[{"href":"https:\/\/www.fabioferro.eu\/de\/wp-json\/wp\/v2\/media?parent=149128"}],"wp:term":[{"taxonomy":"product_brand","embeddable":true,"href":"https:\/\/www.fabioferro.eu\/de\/wp-json\/wp\/v2\/product_brand?post=149128"},{"taxonomy":"product_cat","embeddable":true,"href":"https:\/\/www.fabioferro.eu\/de\/wp-json\/wp\/v2\/product_cat?post=149128"},{"taxonomy":"product_tag","embeddable":true,"href":"https:\/\/www.fabioferro.eu\/de\/wp-json\/wp\/v2\/product_tag?post=149128"}],"curies":[{"name":"wp","href":"https:\/\/api.w.org\/{rel}","templated":true}]}}