{"id":149133,"date":"2024-09-04T19:14:04","date_gmt":"2024-09-04T17:14:04","guid":{"rendered":"https:\/\/www.fabioferro.eu\/tamashii-tibetischer-eisachat-armreif.html"},"modified":"2025-06-26T16:21:34","modified_gmt":"2025-06-26T14:21:34","slug":"tamashii-tibetischer-eisachat-armreif","status":"publish","type":"product","link":"https:\/\/www.fabioferro.eu\/de\/tamashii-tibetischer-eisachat-armreif.html","title":{"rendered":"Tamashii Tibetischer Eisachat-Armreif"},"content":{"rendered":"<p>Der Tamashii-Schmuck wird aus nat\u00fcrlichen Steinen und Perlen handgefertigt und kann in den Farbt\u00f6nen leicht von den ver\u00f6ffentlichten Fotos abweichen.<\/p>\n<p>Original tibetisches Tamashii Unisex-Armband aus Naturstein Achat Ice und brauner Kordel.<\/p>\n<p>Eisachat (Natural Achat Geode) ist ein Stein mit grauen T\u00f6nen. Sehr oft wird dieser Stein in den fr\u00fchen Phasen eines neuen Lebensweges verwendet, um den Tr\u00e4ger in Zeiten der Ver\u00e4nderung und Erneuerung zu unterst\u00fctzen.<\/p>\n<p>Handbesetztes, handgekn\u00fcpftes Armband mit 12 Quarzkugeln von 8,00 mm Durchmesser.<\/p>\n<p>Was dieses Schmuckst\u00fcck einzigartig macht, ist die Tatsache, dass es in Tibet hergestellt und von buddhistischen M\u00f6nchen gesegnet wurde.<\/p>\n<p>Einheitsarmband, das sich dank der bereits vorhandenen Schlitze an jedes Handgelenk anpassen l\u00e4sst.<\/p>\n<p>Armband verpackt in der Originalverpackung von Tamashii mit Echtheitserkl\u00e4rung und Garantie.<\/p>\n","protected":false},"excerpt":{"rendered":"<p>Tibetisches Tamashii-Armband mit Geburtsstein aus Eisachat.<\/p>\n","protected":false},"featured_media":147699,"comment_status":"open","ping_status":"closed","template":"","meta":[],"product_brand":[199],"product_cat":[6318],"product_tag":[7442],"class_list":{"0":"post-149133","1":"product","2":"type-product","3":"status-publish","4":"has-post-thumbnail","6":"product_brand-tamashii","7":"product_cat-tamashii","8":"product_tag-verfugbar","10":"first","11":"instock","12":"taxable","13":"shipping-taxable","14":"purchasable","15":"product-type-simple"},"exclude_global_add_ons":[],"addons":[],"df_price":42,"df_sale_price":"","df_regular_price":42,"df_image_link":"https:\/\/cdn02.fabioferro.eu\/wp-content\/uploads\/bracciale-tamashii-tibetano-agata-ghiaccio.jpg","_links":{"self":[{"href":"https:\/\/www.fabioferro.eu\/de\/wp-json\/wp\/v2\/product\/149133","targetHints":{"allow":["GET"]}}],"collection":[{"href":"https:\/\/www.fabioferro.eu\/de\/wp-json\/wp\/v2\/product"}],"about":[{"href":"https:\/\/www.fabioferro.eu\/de\/wp-json\/wp\/v2\/types\/product"}],"replies":[{"embeddable":true,"href":"https:\/\/www.fabioferro.eu\/de\/wp-json\/wp\/v2\/comments?post=149133"}],"version-history":[{"count":1,"href":"https:\/\/www.fabioferro.eu\/de\/wp-json\/wp\/v2\/product\/149133\/revisions"}],"predecessor-version":[{"id":186807,"href":"https:\/\/www.fabioferro.eu\/de\/wp-json\/wp\/v2\/product\/149133\/revisions\/186807"}],"wp:featuredmedia":[{"embeddable":true,"href":"https:\/\/www.fabioferro.eu\/de\/wp-json\/wp\/v2\/media\/147699"}],"wp:attachment":[{"href":"https:\/\/www.fabioferro.eu\/de\/wp-json\/wp\/v2\/media?parent=149133"}],"wp:term":[{"taxonomy":"product_brand","embeddable":true,"href":"https:\/\/www.fabioferro.eu\/de\/wp-json\/wp\/v2\/product_brand?post=149133"},{"taxonomy":"product_cat","embeddable":true,"href":"https:\/\/www.fabioferro.eu\/de\/wp-json\/wp\/v2\/product_cat?post=149133"},{"taxonomy":"product_tag","embeddable":true,"href":"https:\/\/www.fabioferro.eu\/de\/wp-json\/wp\/v2\/product_tag?post=149133"}],"curies":[{"name":"wp","href":"https:\/\/api.w.org\/{rel}","templated":true}]}}