{"id":149136,"date":"2024-09-04T19:14:03","date_gmt":"2024-09-04T17:14:03","guid":{"rendered":"https:\/\/www.fabioferro.eu\/tamashii-tibetischer-quarz-raucharmband.html"},"modified":"2025-06-26T16:21:34","modified_gmt":"2025-06-26T14:21:34","slug":"tamashii-tibetischer-quarz-raucharmband","status":"publish","type":"product","link":"https:\/\/www.fabioferro.eu\/de\/tamashii-tibetischer-quarz-raucharmband.html","title":{"rendered":"Tamashii Tibetischer Quarz Raucharmband"},"content":{"rendered":"<p>Der Tamashii-Schmuck wird aus nat\u00fcrlichen Steinen und Perlen handgefertigt und kann in den Farbt\u00f6nen leicht von den ver\u00f6ffentlichten Fotos abweichen.<\/p>\n<p>Original tibetisches Tamashii Unisex-Armband aus Rauchquarz-Naturstein.<\/p>\n<p>In der buddhistischen Welt repr\u00e4sentiert der Rauchquarz die Farbe der Roben der einfachsten M\u00f6nche wie der Bonzi und steht f\u00fcr die Initiation, den Dienst und die stillschweigende Befolgung der Gebote.<\/p>\n<p>Das Armband ist mit 12 Quarzkugeln mit einem Durchmesser von 8,00 mm best\u00fcckt und handgekn\u00fcpft.<\/p>\n<p>Ein einzigartiges Schmuckst\u00fcck, das mit dem Segen tibetischer M\u00f6nche vollst\u00e4ndig von Hand gefertigt wird.<\/p>\n<p>Einheitsarmband, das sich dank der bereits vorhandenen Schlitze an jedes Handgelenk anpassen l\u00e4sst.<\/p>\n<p>Armband verpackt in der Originalverpackung von Tamashii mit Echtheitserkl\u00e4rung und Garantie.<\/p>\n","protected":false},"excerpt":{"rendered":"<p>Original Tamashii-Armband aus Tibet mit Rauchquarz.<\/p>\n","protected":false},"featured_media":147688,"comment_status":"open","ping_status":"closed","template":"","meta":[],"product_brand":[199],"product_cat":[6318],"product_tag":[],"class_list":{"0":"post-149136","1":"product","2":"type-product","3":"status-publish","4":"has-post-thumbnail","6":"product_brand-tamashii","7":"product_cat-tamashii","9":"first","10":"instock","11":"taxable","12":"shipping-taxable","13":"purchasable","14":"product-type-simple"},"exclude_global_add_ons":[],"addons":[],"df_price":42,"df_sale_price":"","df_regular_price":42,"df_image_link":"https:\/\/cdn02.fabioferro.eu\/wp-content\/uploads\/bracciale-tamashii-tibetano-quarzo-fume.jpg","_links":{"self":[{"href":"https:\/\/www.fabioferro.eu\/de\/wp-json\/wp\/v2\/product\/149136","targetHints":{"allow":["GET"]}}],"collection":[{"href":"https:\/\/www.fabioferro.eu\/de\/wp-json\/wp\/v2\/product"}],"about":[{"href":"https:\/\/www.fabioferro.eu\/de\/wp-json\/wp\/v2\/types\/product"}],"replies":[{"embeddable":true,"href":"https:\/\/www.fabioferro.eu\/de\/wp-json\/wp\/v2\/comments?post=149136"}],"version-history":[{"count":1,"href":"https:\/\/www.fabioferro.eu\/de\/wp-json\/wp\/v2\/product\/149136\/revisions"}],"predecessor-version":[{"id":186809,"href":"https:\/\/www.fabioferro.eu\/de\/wp-json\/wp\/v2\/product\/149136\/revisions\/186809"}],"wp:featuredmedia":[{"embeddable":true,"href":"https:\/\/www.fabioferro.eu\/de\/wp-json\/wp\/v2\/media\/147688"}],"wp:attachment":[{"href":"https:\/\/www.fabioferro.eu\/de\/wp-json\/wp\/v2\/media?parent=149136"}],"wp:term":[{"taxonomy":"product_brand","embeddable":true,"href":"https:\/\/www.fabioferro.eu\/de\/wp-json\/wp\/v2\/product_brand?post=149136"},{"taxonomy":"product_cat","embeddable":true,"href":"https:\/\/www.fabioferro.eu\/de\/wp-json\/wp\/v2\/product_cat?post=149136"},{"taxonomy":"product_tag","embeddable":true,"href":"https:\/\/www.fabioferro.eu\/de\/wp-json\/wp\/v2\/product_tag?post=149136"}],"curies":[{"name":"wp","href":"https:\/\/api.w.org\/{rel}","templated":true}]}}