{"id":149138,"date":"2024-09-04T19:13:59","date_gmt":"2024-09-04T17:13:59","guid":{"rendered":"https:\/\/www.fabioferro.eu\/tamashii-tibetischer-apfel-gruenes-armband.html"},"modified":"2025-06-26T16:21:35","modified_gmt":"2025-06-26T14:21:35","slug":"tamashii-tibetischer-apfel-gruenes-armband","status":"publish","type":"product","link":"https:\/\/www.fabioferro.eu\/de\/tamashii-tibetischer-apfel-gruenes-armband.html","title":{"rendered":"Tamashii Tibetischer Apfel Gr\u00fcnes Armband"},"content":{"rendered":"<p>Der Tamashii-Schmuck wird aus nat\u00fcrlichen Steinen und Perlen handgefertigt und kann in den Farbt\u00f6nen leicht von den ver\u00f6ffentlichten Fotos abweichen.<\/p>\n<p>Original tibetisches Tamashii Unisex-Armband aus apfelgr\u00fcnem Achat Geburtsstein und brauner Kordel.<\/p>\n<p>Der Bedeutung von Gr\u00fcn zuzuschreiben, f\u00f6rdert es den Wandel und wandelt negative Aspekte wie Eifersucht und Ehrgeiz in positive Aspekte wie die Weisheit der Erkenntnis um.<\/p>\n<p><span class=\"s1\">Dieses Tamashii<\/span><span class=\"s1\"> aus apfelgr\u00fcnem Achat hilft seinem Tr\u00e4ger, den Erfolg auf ehrliche und loyale Weise zu verfolgen.<\/span><\/p>\n<p>Auf dem Armband befinden sich 12 gr\u00fcne Achatsteine mit einem Durchmesser von 8,00 mm.<\/p>\n<p>Einheitsarmband, das sich dank der bereits vorhandenen Schlitze an jedes Handgelenk anpassen l\u00e4sst.<\/p>\n<p>Armband verpackt in der Originalverpackung von Tamashii mit Echtheitserkl\u00e4rung und Garantie.<\/p>\n","protected":false},"excerpt":{"rendered":"<p>Tibetisches Tamashii-Armband mit gr\u00fcnem Achat-Geburtsstein.<\/p>\n","protected":false},"featured_media":147713,"comment_status":"open","ping_status":"closed","template":"","meta":[],"product_brand":[199],"product_cat":[6318],"product_tag":[],"class_list":{"0":"post-149138","1":"product","2":"type-product","3":"status-publish","4":"has-post-thumbnail","6":"product_brand-tamashii","7":"product_cat-tamashii","9":"first","10":"instock","11":"taxable","12":"shipping-taxable","13":"purchasable","14":"product-type-simple"},"exclude_global_add_ons":[],"addons":[],"df_price":42,"df_sale_price":"","df_regular_price":42,"df_image_link":"https:\/\/cdn02.fabioferro.eu\/wp-content\/uploads\/bracciale-tamashii-tibetano-verde-mela.jpg","_links":{"self":[{"href":"https:\/\/www.fabioferro.eu\/de\/wp-json\/wp\/v2\/product\/149138","targetHints":{"allow":["GET"]}}],"collection":[{"href":"https:\/\/www.fabioferro.eu\/de\/wp-json\/wp\/v2\/product"}],"about":[{"href":"https:\/\/www.fabioferro.eu\/de\/wp-json\/wp\/v2\/types\/product"}],"replies":[{"embeddable":true,"href":"https:\/\/www.fabioferro.eu\/de\/wp-json\/wp\/v2\/comments?post=149138"}],"version-history":[{"count":1,"href":"https:\/\/www.fabioferro.eu\/de\/wp-json\/wp\/v2\/product\/149138\/revisions"}],"predecessor-version":[{"id":186810,"href":"https:\/\/www.fabioferro.eu\/de\/wp-json\/wp\/v2\/product\/149138\/revisions\/186810"}],"wp:featuredmedia":[{"embeddable":true,"href":"https:\/\/www.fabioferro.eu\/de\/wp-json\/wp\/v2\/media\/147713"}],"wp:attachment":[{"href":"https:\/\/www.fabioferro.eu\/de\/wp-json\/wp\/v2\/media?parent=149138"}],"wp:term":[{"taxonomy":"product_brand","embeddable":true,"href":"https:\/\/www.fabioferro.eu\/de\/wp-json\/wp\/v2\/product_brand?post=149138"},{"taxonomy":"product_cat","embeddable":true,"href":"https:\/\/www.fabioferro.eu\/de\/wp-json\/wp\/v2\/product_cat?post=149138"},{"taxonomy":"product_tag","embeddable":true,"href":"https:\/\/www.fabioferro.eu\/de\/wp-json\/wp\/v2\/product_tag?post=149138"}],"curies":[{"name":"wp","href":"https:\/\/api.w.org\/{rel}","templated":true}]}}