{"id":149141,"date":"2024-09-04T19:16:16","date_gmt":"2024-09-04T17:16:16","guid":{"rendered":"https:\/\/www.fabioferro.eu\/tamashii-tibetan-air-slacked-armband-mit-blauem-achat.html"},"modified":"2025-05-29T17:17:30","modified_gmt":"2025-05-29T15:17:30","slug":"tamashii-tibetan-air-slacked-armband-mit-blauem-achat","status":"publish","type":"product","link":"https:\/\/www.fabioferro.eu\/de\/tamashii-tibetan-air-slacked-armband-mit-blauem-achat.html","title":{"rendered":"Tamashii Tibetan Air Slacked Armband mit blauem Achat"},"content":{"rendered":"<p class=\"p1\">Unisex Tamashii Armband, hergestellt in Tibet mit blauem Achat Geburtsstein.<\/p>\n<p class=\"p1\">Blau ist die wichtigste Farbe im Buddhismus, mehr noch als Gold. Es steht f\u00fcr Aufstieg und Weisheit, Wahrheit, Hingabe, Glaube, Reinheit, Keuschheit, Frieden, geistiges und intellektuelles Leben. Sie bes\u00e4nftigt den Zorn, indem sie ihn in Weisheit verwandelt.<\/p>\n<p class=\"p3\">Da Tamashii-Schmuck aus nat\u00fcrlichen Materialien handgefertigt wird, kann es zu leichten Farbabweichungen von den Abbildungen kommen.<\/p>\n<p class=\"p3\">Das Armband besteht aus 12 8 mm gro\u00dfen Kugeln.<\/p>\n<p class=\"p3\">Hergestellt in Tibet und gesegnet von buddhistischen M\u00f6nchen, ein Aspekt, der den Schmuck von Tamashii einzigartig macht.<\/p>\n<p class=\"p3\">Eine Gr\u00f6\u00dfe f\u00fcr alle, mit integrierten Schlaufen, die das Armband perfekt an jedes Handgelenk anpassen.<\/p>\n<p class=\"p3\">Verpackt in der Originalverpackung von Tamashii, komplett mit Echtheitszertifikat und Garantie.<\/p>\n","protected":false},"excerpt":{"rendered":"<p>Tamashii Armband mit blauen Achat-Natursteinen, bes\u00e4nftigt Wut, indem es sie in Hingabe umwandelt.<\/p>\n","protected":false},"featured_media":148710,"comment_status":"open","ping_status":"closed","template":"","meta":[],"product_brand":[],"product_cat":[6318],"product_tag":[7442],"class_list":{"0":"post-149141","1":"product","2":"type-product","3":"status-publish","4":"has-post-thumbnail","6":"product_cat-tamashii","7":"product_tag-verfugbar","9":"first","10":"instock","11":"taxable","12":"shipping-taxable","13":"purchasable","14":"product-type-simple"},"exclude_global_add_ons":[],"addons":[],"df_price":42,"df_sale_price":"","df_regular_price":42,"df_image_link":"https:\/\/cdn02.fabioferro.eu\/wp-content\/uploads\/bracciale-tamashii-tibetano-air-slacked-con-agata-blu.jpg","_links":{"self":[{"href":"https:\/\/www.fabioferro.eu\/de\/wp-json\/wp\/v2\/product\/149141","targetHints":{"allow":["GET"]}}],"collection":[{"href":"https:\/\/www.fabioferro.eu\/de\/wp-json\/wp\/v2\/product"}],"about":[{"href":"https:\/\/www.fabioferro.eu\/de\/wp-json\/wp\/v2\/types\/product"}],"replies":[{"embeddable":true,"href":"https:\/\/www.fabioferro.eu\/de\/wp-json\/wp\/v2\/comments?post=149141"}],"version-history":[{"count":0,"href":"https:\/\/www.fabioferro.eu\/de\/wp-json\/wp\/v2\/product\/149141\/revisions"}],"wp:featuredmedia":[{"embeddable":true,"href":"https:\/\/www.fabioferro.eu\/de\/wp-json\/wp\/v2\/media\/148710"}],"wp:attachment":[{"href":"https:\/\/www.fabioferro.eu\/de\/wp-json\/wp\/v2\/media?parent=149141"}],"wp:term":[{"taxonomy":"product_brand","embeddable":true,"href":"https:\/\/www.fabioferro.eu\/de\/wp-json\/wp\/v2\/product_brand?post=149141"},{"taxonomy":"product_cat","embeddable":true,"href":"https:\/\/www.fabioferro.eu\/de\/wp-json\/wp\/v2\/product_cat?post=149141"},{"taxonomy":"product_tag","embeddable":true,"href":"https:\/\/www.fabioferro.eu\/de\/wp-json\/wp\/v2\/product_tag?post=149141"}],"curies":[{"name":"wp","href":"https:\/\/api.w.org\/{rel}","templated":true}]}}