{"id":149142,"date":"2024-09-04T19:16:11","date_gmt":"2024-09-04T17:16:11","guid":{"rendered":"https:\/\/www.fabioferro.eu\/tamashii-tibetan-air-slacked-karneol-armband.html"},"modified":"2025-05-29T17:17:39","modified_gmt":"2025-05-29T15:17:39","slug":"tamashii-tibetan-air-slacked-karneol-armband","status":"publish","type":"product","link":"https:\/\/www.fabioferro.eu\/de\/tamashii-tibetan-air-slacked-karneol-armband.html","title":{"rendered":"Tamashii Tibetan Air Slacked Karneol-Armband"},"content":{"rendered":"<p class=\"p1\">Unisex Tamashii-Armband, authentisch aus Tibet, aus nat\u00fcrlichem Karneolstein.<\/p>\n<p class=\"p3\">Aus Natursteinen gefertigt, kann es leichte Farbunterschiede zu den Bildern aufweisen.<\/p>\n<p class=\"p3\">Karneol ist ein Stein in Schattierungen von gelb bis leuchtend rot. In der tibetischen Kultur entwickelte er sich als Synonym f\u00fcr die Erhaltung der Lebenskraft, die sich aus N\u00fctzlichkeit (Konkretheit) und W\u00e4rme (Sentimentalit\u00e4t) zusammensetzt und in vielerlei Hinsicht dem westlichen Konzept von Gl\u00fcck nahe kommt. <\/p>\n<p class=\"p3\">Von buddhistischen M\u00f6nchen gesegnet, ein charakteristisches Merkmal des Tamashii-Schmucks.<\/p>\n<p class=\"p3\">Ein Schmuckst\u00fcck in Einheitsgr\u00f6\u00dfe, das sich dank der bereits vorhandenen Schlitze an jedes Handgelenk anpasst.<\/p>\n<p class=\"p3\">Pr\u00e4sentiert in der Originalverpackung von Tamashii, mit Echtheitszertifikat und Garantie.<\/p>\n","protected":false},"excerpt":{"rendered":"<p>Armband aus nat\u00fcrlichen Karneolsteinen, die Gautama Buddha in verschiedenen Farbt\u00f6nen darstellen.<\/p>\n","protected":false},"featured_media":148723,"comment_status":"open","ping_status":"closed","template":"","meta":[],"product_brand":[199],"product_cat":[6318],"product_tag":[],"class_list":{"0":"post-149142","1":"product","2":"type-product","3":"status-publish","4":"has-post-thumbnail","6":"product_brand-tamashii","7":"product_cat-tamashii","9":"first","10":"instock","11":"taxable","12":"shipping-taxable","13":"purchasable","14":"product-type-simple"},"exclude_global_add_ons":[],"addons":[],"df_price":42,"df_sale_price":"","df_regular_price":42,"df_image_link":"https:\/\/cdn02.fabioferro.eu\/wp-content\/uploads\/bracciale-tamashii-tibetano-air-slacked-corniola.jpg","_links":{"self":[{"href":"https:\/\/www.fabioferro.eu\/de\/wp-json\/wp\/v2\/product\/149142","targetHints":{"allow":["GET"]}}],"collection":[{"href":"https:\/\/www.fabioferro.eu\/de\/wp-json\/wp\/v2\/product"}],"about":[{"href":"https:\/\/www.fabioferro.eu\/de\/wp-json\/wp\/v2\/types\/product"}],"replies":[{"embeddable":true,"href":"https:\/\/www.fabioferro.eu\/de\/wp-json\/wp\/v2\/comments?post=149142"}],"version-history":[{"count":0,"href":"https:\/\/www.fabioferro.eu\/de\/wp-json\/wp\/v2\/product\/149142\/revisions"}],"wp:featuredmedia":[{"embeddable":true,"href":"https:\/\/www.fabioferro.eu\/de\/wp-json\/wp\/v2\/media\/148723"}],"wp:attachment":[{"href":"https:\/\/www.fabioferro.eu\/de\/wp-json\/wp\/v2\/media?parent=149142"}],"wp:term":[{"taxonomy":"product_brand","embeddable":true,"href":"https:\/\/www.fabioferro.eu\/de\/wp-json\/wp\/v2\/product_brand?post=149142"},{"taxonomy":"product_cat","embeddable":true,"href":"https:\/\/www.fabioferro.eu\/de\/wp-json\/wp\/v2\/product_cat?post=149142"},{"taxonomy":"product_tag","embeddable":true,"href":"https:\/\/www.fabioferro.eu\/de\/wp-json\/wp\/v2\/product_tag?post=149142"}],"curies":[{"name":"wp","href":"https:\/\/api.w.org\/{rel}","templated":true}]}}