{"id":149146,"date":"2024-09-04T19:16:10","date_gmt":"2024-09-04T17:16:10","guid":{"rendered":"https:\/\/www.fabioferro.eu\/tamashii-tibetan-air-slacked-armband-mit-gruenem-achat.html"},"modified":"2025-05-29T17:17:37","modified_gmt":"2025-05-29T15:17:37","slug":"tamashii-tibetan-air-slacked-armband-mit-gruenem-achat","status":"publish","type":"product","link":"https:\/\/www.fabioferro.eu\/de\/tamashii-tibetan-air-slacked-armband-mit-gruenem-achat.html","title":{"rendered":"Tamashii Tibetan Air Slacked Armband mit gr\u00fcnem Achat"},"content":{"rendered":"<p class=\"p1\">Original Tamashii Unisex-Armband aus Tibet aus nat\u00fcrlichem gr\u00fcnem Achatstein.<\/p>\n<p class=\"p3\">Tamashii-Schmuck, handgefertigt aus nat\u00fcrlichen Steinen und Perlen, kann leichte Farbabweichungen von den Fotos aufweisen.<\/p>\n<p class=\"p3\">Gr\u00fcner Achat identifiziert die Farbe der Natur, der B\u00e4ume und der Pflanzen. Er fasst die Qualit\u00e4ten von Ausgewogenheit und Harmonie, aber auch von jugendlichem Elan und Tatkraft zusammen.<\/p>\n<p class=\"p3\">Ein von buddhistischen M\u00f6nchen gesegnetes Juwel.<\/p>\n<p class=\"p3\">Einheitsarmband, das sich dank der vorhandenen Schlaufen an jedes Handgelenk anpassen l\u00e4sst.<\/p>\n<p class=\"p3\">Geliefert in der Originalverpackung von Tamashii, begleitet von einer Echtheits- und Garantieerkl\u00e4rung.<\/p>\n","protected":false},"excerpt":{"rendered":"<p>Tamashii-Armband aus gr\u00fcnem Achat, verwandelt Eifersucht in Weisheit der Erkenntnis.<\/p>\n","protected":false},"featured_media":148716,"comment_status":"open","ping_status":"closed","template":"","meta":[],"product_brand":[199],"product_cat":[6318],"product_tag":[],"class_list":{"0":"post-149146","1":"product","2":"type-product","3":"status-publish","4":"has-post-thumbnail","6":"product_brand-tamashii","7":"product_cat-tamashii","9":"first","10":"instock","11":"taxable","12":"shipping-taxable","13":"purchasable","14":"product-type-simple"},"exclude_global_add_ons":[],"addons":[],"df_price":42,"df_sale_price":"","df_regular_price":42,"df_image_link":"https:\/\/cdn02.fabioferro.eu\/wp-content\/uploads\/bracciale-tamashii-tibetano-air-slacked-con-agata-verde.jpg","_links":{"self":[{"href":"https:\/\/www.fabioferro.eu\/de\/wp-json\/wp\/v2\/product\/149146","targetHints":{"allow":["GET"]}}],"collection":[{"href":"https:\/\/www.fabioferro.eu\/de\/wp-json\/wp\/v2\/product"}],"about":[{"href":"https:\/\/www.fabioferro.eu\/de\/wp-json\/wp\/v2\/types\/product"}],"replies":[{"embeddable":true,"href":"https:\/\/www.fabioferro.eu\/de\/wp-json\/wp\/v2\/comments?post=149146"}],"version-history":[{"count":0,"href":"https:\/\/www.fabioferro.eu\/de\/wp-json\/wp\/v2\/product\/149146\/revisions"}],"wp:featuredmedia":[{"embeddable":true,"href":"https:\/\/www.fabioferro.eu\/de\/wp-json\/wp\/v2\/media\/148716"}],"wp:attachment":[{"href":"https:\/\/www.fabioferro.eu\/de\/wp-json\/wp\/v2\/media?parent=149146"}],"wp:term":[{"taxonomy":"product_brand","embeddable":true,"href":"https:\/\/www.fabioferro.eu\/de\/wp-json\/wp\/v2\/product_brand?post=149146"},{"taxonomy":"product_cat","embeddable":true,"href":"https:\/\/www.fabioferro.eu\/de\/wp-json\/wp\/v2\/product_cat?post=149146"},{"taxonomy":"product_tag","embeddable":true,"href":"https:\/\/www.fabioferro.eu\/de\/wp-json\/wp\/v2\/product_tag?post=149146"}],"curies":[{"name":"wp","href":"https:\/\/api.w.org\/{rel}","templated":true}]}}