{"id":149148,"date":"2024-09-04T19:16:08","date_gmt":"2024-09-04T17:16:08","guid":{"rendered":"https:\/\/www.fabioferro.eu\/tamashii-tibetisches-armband-gelb-tuerkis.html"},"modified":"2025-05-29T17:17:42","modified_gmt":"2025-05-29T15:17:42","slug":"tamashii-tibetisches-armband-gelb-tuerkis","status":"publish","type":"product","link":"https:\/\/www.fabioferro.eu\/de\/tamashii-tibetisches-armband-gelb-tuerkis.html","title":{"rendered":"Tamashii Tibetisches Armband Gelb T\u00fcrkis"},"content":{"rendered":"<p class=\"p1\">Tamashii Armband, hergestellt in Tibet und gesegnet von buddhistischen M\u00f6nchen, aus nat\u00fcrlichem gelbem T\u00fcrkisstein.<\/p>\n<p class=\"p3\">Die Einheitsgr\u00f6\u00dfe l\u00e4sst sich \u00fcber die integrierten Schlaufen leicht anpassen.<\/p>\n<p class=\"p1\">Tamashii Yellow Turquoise beruhigt die Seele, indem es Wut in Weisheit verwandelt. Er verleiht Gleichgewicht, Bewusstsein und spirituelle Erhebung und st\u00e4rkt die Verwurzelung mit der Erde. <\/p>\n<p class=\"p3\">Da der Schmuck von Tamashii aus nat\u00fcrlichen Steinen handgefertigt wird, kann der Farbton leicht von den Abbildungen abweichen.<\/p>\n<p class=\"p3\">Das Armband wird in der Originalverpackung von Tamashii geliefert, inklusive Echtheitszertifikat und Garantie.<\/p>\n","protected":false},"excerpt":{"rendered":"<p>Tamashii-Armband mit gelbem Stein, gibt Gleichgewicht, Bewusstsein und spirituellen Aufstieg.<\/p>\n","protected":false},"featured_media":148987,"comment_status":"open","ping_status":"closed","template":"","meta":[],"product_brand":[199],"product_cat":[6318],"product_tag":[],"class_list":{"0":"post-149148","1":"product","2":"type-product","3":"status-publish","4":"has-post-thumbnail","6":"product_brand-tamashii","7":"product_cat-tamashii","9":"first","10":"instock","11":"taxable","12":"shipping-taxable","13":"purchasable","14":"product-type-simple"},"exclude_global_add_ons":[],"addons":[],"df_price":42,"df_sale_price":"","df_regular_price":42,"df_image_link":"https:\/\/cdn02.fabioferro.eu\/wp-content\/uploads\/bracciale-tamashii-tibetano-yellow-turquoise.jpg","_links":{"self":[{"href":"https:\/\/www.fabioferro.eu\/de\/wp-json\/wp\/v2\/product\/149148","targetHints":{"allow":["GET"]}}],"collection":[{"href":"https:\/\/www.fabioferro.eu\/de\/wp-json\/wp\/v2\/product"}],"about":[{"href":"https:\/\/www.fabioferro.eu\/de\/wp-json\/wp\/v2\/types\/product"}],"replies":[{"embeddable":true,"href":"https:\/\/www.fabioferro.eu\/de\/wp-json\/wp\/v2\/comments?post=149148"}],"version-history":[{"count":0,"href":"https:\/\/www.fabioferro.eu\/de\/wp-json\/wp\/v2\/product\/149148\/revisions"}],"wp:featuredmedia":[{"embeddable":true,"href":"https:\/\/www.fabioferro.eu\/de\/wp-json\/wp\/v2\/media\/148987"}],"wp:attachment":[{"href":"https:\/\/www.fabioferro.eu\/de\/wp-json\/wp\/v2\/media?parent=149148"}],"wp:term":[{"taxonomy":"product_brand","embeddable":true,"href":"https:\/\/www.fabioferro.eu\/de\/wp-json\/wp\/v2\/product_brand?post=149148"},{"taxonomy":"product_cat","embeddable":true,"href":"https:\/\/www.fabioferro.eu\/de\/wp-json\/wp\/v2\/product_cat?post=149148"},{"taxonomy":"product_tag","embeddable":true,"href":"https:\/\/www.fabioferro.eu\/de\/wp-json\/wp\/v2\/product_tag?post=149148"}],"curies":[{"name":"wp","href":"https:\/\/api.w.org\/{rel}","templated":true}]}}