{"id":149150,"date":"2024-09-04T19:15:59","date_gmt":"2024-09-04T17:15:59","guid":{"rendered":"https:\/\/www.fabioferro.eu\/tamashii-tibetanisches-glimmer-kristallarmband.html"},"modified":"2025-05-29T17:17:47","modified_gmt":"2025-05-29T15:17:47","slug":"tamashii-tibetanisches-glimmer-kristallarmband","status":"publish","type":"product","link":"https:\/\/www.fabioferro.eu\/de\/tamashii-tibetanisches-glimmer-kristallarmband.html","title":{"rendered":"Tamashii Tibetanisches Glimmer Kristallarmband"},"content":{"rendered":"<p class=\"p1\">Tamashii Armband mit Mica Crystal Naturstein.<\/p>\n<p>Der Tamashii Glimmerkristall l\u00f6st \u00c4ngste auf und bes\u00e4nftigt Wut, f\u00f6rdert Objektivit\u00e4t und Konzentration und regt zu Analysen und Entscheidungen an. Er hilft dabei, sich auf das Wesentliche zu konzentrieren, indem er \u00e4u\u00dfere Ablenkungen herausfiltert. <\/p>\n<p>Produziert in Tibet, gesegnet von buddhistischen M\u00f6nchen.<\/p>\n<p class=\"p3\">Einheitsgr\u00f6\u00dfe, mit verstellbarer Gr\u00f6\u00dfe dank der vorhandenen Schlaufen.<\/p>\n<p class=\"p3\">Tamashii-Schmuck, handgefertigt aus Natursteinen, kann leichte Farbunterschiede zu den Bildern aufweisen.<\/p>\n<p class=\"p3\">Wird in der Originalverpackung von Tamashii geliefert, komplett mit Echtheitserkl\u00e4rung und Garantie.<\/p>\n","protected":false},"excerpt":{"rendered":"<p>Tamashii-Armband, filtert externe Ablenkungen und lindert Angstgef\u00fchle<\/p>\n","protected":false},"featured_media":148965,"comment_status":"open","ping_status":"closed","template":"","meta":[],"product_brand":[199],"product_cat":[6318],"product_tag":[7442],"class_list":{"0":"post-149150","1":"product","2":"type-product","3":"status-publish","4":"has-post-thumbnail","6":"product_brand-tamashii","7":"product_cat-tamashii","8":"product_tag-verfugbar","10":"first","11":"instock","12":"taxable","13":"shipping-taxable","14":"purchasable","15":"product-type-simple"},"exclude_global_add_ons":[],"addons":[],"df_price":42,"df_sale_price":"","df_regular_price":42,"df_image_link":"https:\/\/cdn02.fabioferro.eu\/wp-content\/uploads\/bracciale-tamashii-tibetano-mica-crystal.jpg","_links":{"self":[{"href":"https:\/\/www.fabioferro.eu\/de\/wp-json\/wp\/v2\/product\/149150","targetHints":{"allow":["GET"]}}],"collection":[{"href":"https:\/\/www.fabioferro.eu\/de\/wp-json\/wp\/v2\/product"}],"about":[{"href":"https:\/\/www.fabioferro.eu\/de\/wp-json\/wp\/v2\/types\/product"}],"replies":[{"embeddable":true,"href":"https:\/\/www.fabioferro.eu\/de\/wp-json\/wp\/v2\/comments?post=149150"}],"version-history":[{"count":0,"href":"https:\/\/www.fabioferro.eu\/de\/wp-json\/wp\/v2\/product\/149150\/revisions"}],"wp:featuredmedia":[{"embeddable":true,"href":"https:\/\/www.fabioferro.eu\/de\/wp-json\/wp\/v2\/media\/148965"}],"wp:attachment":[{"href":"https:\/\/www.fabioferro.eu\/de\/wp-json\/wp\/v2\/media?parent=149150"}],"wp:term":[{"taxonomy":"product_brand","embeddable":true,"href":"https:\/\/www.fabioferro.eu\/de\/wp-json\/wp\/v2\/product_brand?post=149150"},{"taxonomy":"product_cat","embeddable":true,"href":"https:\/\/www.fabioferro.eu\/de\/wp-json\/wp\/v2\/product_cat?post=149150"},{"taxonomy":"product_tag","embeddable":true,"href":"https:\/\/www.fabioferro.eu\/de\/wp-json\/wp\/v2\/product_tag?post=149150"}],"curies":[{"name":"wp","href":"https:\/\/api.w.org\/{rel}","templated":true}]}}